{"id":19987,"date":"2022-10-07T07:08:06","date_gmt":"2022-10-07T07:08:06","guid":{"rendered":"https:\/\/cultivers.es\/abonos\/bio-muskat-de-provence-kuerbiskerne\/"},"modified":"2025-09-22T05:34:22","modified_gmt":"2025-09-22T05:34:22","slug":"kurbiskerne-muscat-de-provence-okologisch","status":"publish","type":"product","link":"https:\/\/cultivers.es\/de\/d\u00fcngemittel\/kurbiskerne-muscat-de-provence-okologisch\/","title":{"rendered":"Muscat de Provence K\u00fcrbiskerne"},"content":{"rendered":"","protected":false},"excerpt":{"rendered":"<p>Der <strong>Muscat de Provence K\u00fcrbis<\/strong> ist eine traditionelle franz\u00f6sische Sorte, die f\u00fcr ihre intensive orange Farbe, ihr festes Fruchtfleisch und ihren s\u00fc\u00dfen, aromatischen Geschmack sehr gesch\u00e4tzt wird. Dieser K\u00fcrbis ist ideal f\u00fcr Suppen, Cremes, P\u00fcrees, Braten und Geb\u00e4ck. Er hat eine weiche Textur und eine nat\u00fcrliche S\u00fc\u00dfe, die jedes Gericht aufwertet. Seine gute Haltbarkeit macht ihn au\u00dferdem zu einer perfekten Wahl f\u00fcr die ganze Saison.  <\/p>\n<p><strong>Gro\u00dfe und aromatische Fr\u00fcchte:<\/strong> Sie produziert gro\u00dfe K\u00fcrbisse mit einer ockergr\u00fcnen Schale, die in orangefarbene T\u00f6ne \u00fcbergeht und ein festes, s\u00fc\u00dfes und duftendes Fruchtfleisch aufweist.<\/p>\n<p><strong>S\u00fc\u00dfer und milder Geschmack:<\/strong> Seine charakteristische S\u00fc\u00dfe und die cremige Textur seines Fruchtfleisches machen ihn ideal f\u00fcr herzhafte und s\u00fc\u00dfe Zubereitungen, von Suppen und Eint\u00f6pfen bis hin zu Kuchen und Muffins.<\/p>\n<p><strong>Hervorragende Haltbarkeit:<\/strong> Einmal geerntet, h\u00e4lt sich der Muscat de Provence-K\u00fcrbis mehrere Monate lang gut, so dass sein Geschmack die ganze Saison \u00fcber genossen werden kann.<\/p>\n<p><strong>Reich an N\u00e4hrstoffen:<\/strong> Als Quelle von Vitamin A, C, Antioxidantien, Ballaststoffen und Mineralien tr\u00e4gt er zu einer gesunden und ausgewogenen Ern\u00e4hrung bei.<\/p>\n<p><strong>Einfach anzubauen:<\/strong> Sie eignet sich f\u00fcr verschiedene Bodentypen und Klimazonen und ist eine robuste und produktive Sorte, die sich gut an jeden Garten anpasst.<\/p>\n<p><strong>Biologischer Anbau:<\/strong> Unser Saatgut ist 100% biologisch, frei von Pestiziden und chemischen D\u00fcngemitteln und f\u00f6rdert einen nachhaltigen und umweltfreundlichen Garten.<\/p>\n<p>Genie\u00dfen Sie die Qualit\u00e4t, den Geschmack und die Vielseitigkeit des <strong>Bio Muscat de Provence K\u00fcrbis<\/strong> direkt aus Ihrem Garten. Eine unschlagbare Wahl f\u00fcr alle, die eine traditionelle und gesunde Gastronomie sch\u00e4tzen. <\/p>\n","protected":false},"featured_media":15410,"comment_status":"open","ping_status":"closed","template":"","meta":{"_acf_changed":false},"product_brand":[],"product_cat":[438,419],"product_tag":[1580],"class_list":{"0":"post-19987","1":"product","2":"type-product","3":"status-publish","4":"has-post-thumbnail","6":"product_cat-bio-obst-und-gemusesaatgut","7":"product_cat-bio-saatgut","8":"product_tag-oko","10":"first","11":"instock","12":"taxable","13":"shipping-taxable","14":"purchasable","15":"product-type-simple"},"acf":[],"_links":{"self":[{"href":"https:\/\/cultivers.es\/de\/wp-json\/wp\/v2\/product\/19987","targetHints":{"allow":["GET"]}}],"collection":[{"href":"https:\/\/cultivers.es\/de\/wp-json\/wp\/v2\/product"}],"about":[{"href":"https:\/\/cultivers.es\/de\/wp-json\/wp\/v2\/types\/product"}],"replies":[{"embeddable":true,"href":"https:\/\/cultivers.es\/de\/wp-json\/wp\/v2\/comments?post=19987"}],"wp:featuredmedia":[{"embeddable":true,"href":"https:\/\/cultivers.es\/de\/wp-json\/wp\/v2\/media\/15410"}],"wp:attachment":[{"href":"https:\/\/cultivers.es\/de\/wp-json\/wp\/v2\/media?parent=19987"}],"wp:term":[{"taxonomy":"product_brand","embeddable":true,"href":"https:\/\/cultivers.es\/de\/wp-json\/wp\/v2\/product_brand?post=19987"},{"taxonomy":"product_cat","embeddable":true,"href":"https:\/\/cultivers.es\/de\/wp-json\/wp\/v2\/product_cat?post=19987"},{"taxonomy":"product_tag","embeddable":true,"href":"https:\/\/cultivers.es\/de\/wp-json\/wp\/v2\/product_tag?post=19987"}],"curies":[{"name":"wp","href":"https:\/\/api.w.org\/{rel}","templated":true}]}}