{"id":19988,"date":"2022-10-07T07:08:06","date_gmt":"2022-10-07T07:08:06","guid":{"rendered":"https:\/\/cultivers.es\/abonos\/golden-bantam-bio-zuckermais-golden-bantam-saatgut\/"},"modified":"2026-02-17T18:40:14","modified_gmt":"2026-02-17T18:40:14","slug":"samen-mais-sus-goldene-bantam-okologisch","status":"publish","type":"product","link":"https:\/\/cultivers.es\/de\/d\u00fcngemittel\/samen-mais-sus-goldene-bantam-okologisch\/","title":{"rendered":"Golden Bantam Zuckermais Saatgut"},"content":{"rendered":"","protected":false},"excerpt":{"rendered":"<p><strong>Golden Bantam Zuckermais<\/strong> ist eine klassische Sorte, die f\u00fcr ihre \u00c4hren voller goldener, zarter, intensiv s\u00fc\u00df schmeckender K\u00f6rner bekannt ist. Er eignet sich ideal zum Grillen, Kochen oder f\u00fcr Salate und ist wegen seines authentischen Geschmacks und seiner knackigen Konsistenz sehr beliebt. Er ist au\u00dferdem leicht anzubauen und sehr ertragreich, was ihn zu einer ausgezeichneten Wahl f\u00fcr alle macht, die Qualit\u00e4t und Geschmack in ihrem Garten suchen.  <\/p>\n<p><strong>Goldene und s\u00fc\u00dfe Bohnen:<\/strong> Sie liefern tiefgelbe Bohnen mit einer nat\u00fcrlichen S\u00fc\u00dfe, die jede Zubereitung, von einfachen Gerichten bis hin zu aufwendigeren Rezepten, bereichert.<\/p>\n<p><strong>Authentischer und frischer Geschmack:<\/strong> Seine ausgewogene S\u00fc\u00dfe und knackige Textur eignen sich perfekt f\u00fcr den Genuss von frisch geerntetem Mais, entweder gekocht oder roh in Salaten.<\/p>\n<p><strong>Produktiv und widerstandsf\u00e4hig:<\/strong> Diese Sorte garantiert gro\u00dfz\u00fcgige und stabile Ernten und passt sich an verschiedene Bodenarten und Klimazonen an.<\/p>\n<p><strong>Reich an N\u00e4hrstoffen:<\/strong> Als Quelle von Ballaststoffen, komplexen Kohlenhydraten, Vitaminen und Mineralien liefert Zuckermais Energie und tr\u00e4gt zu einer ausgewogenen Ern\u00e4hrung bei.<\/p>\n<p><strong>Einfach zu z\u00fcchten:<\/strong> Sie ist sowohl f\u00fcr Anf\u00e4nger als auch f\u00fcr erfahrene G\u00e4rtner geeignet, erfordert wenig Pflege und liefert hervorragende Ergebnisse.<\/p>\n<p><strong>Biologischer Anbau:<\/strong> Unser Saatgut ist zu 100% biologisch, frei von Pestiziden und chemischen D\u00fcngemitteln, was einen nachhaltigen und umweltfreundlichen Garten beg\u00fcnstigt.<\/p>\n<p>Genie\u00dfen Sie den klassischen Geschmack und die Qualit\u00e4t von <strong>Golden Bantam Bio-Zuckermais<\/strong>, der direkt in Ihrem Garten w\u00e4chst. Nehmen Sie diese Sorte in Ihre Anpflanzung auf und entdecken Sie, warum sie ein Favorit unter Koch- und Gartenliebhabern ist. <\/p>\n","protected":false},"featured_media":15420,"comment_status":"open","ping_status":"closed","template":"","meta":{"_acf_changed":false},"product_brand":[],"product_cat":[438,419],"product_tag":[1580],"class_list":{"0":"post-19988","1":"product","2":"type-product","3":"status-publish","4":"has-post-thumbnail","6":"product_cat-bio-obst-und-gemusesaatgut","7":"product_cat-bio-saatgut","8":"product_tag-oko","10":"first","11":"instock","12":"taxable","13":"shipping-taxable","14":"purchasable","15":"product-type-simple"},"acf":[],"_links":{"self":[{"href":"https:\/\/cultivers.es\/de\/wp-json\/wp\/v2\/product\/19988","targetHints":{"allow":["GET"]}}],"collection":[{"href":"https:\/\/cultivers.es\/de\/wp-json\/wp\/v2\/product"}],"about":[{"href":"https:\/\/cultivers.es\/de\/wp-json\/wp\/v2\/types\/product"}],"replies":[{"embeddable":true,"href":"https:\/\/cultivers.es\/de\/wp-json\/wp\/v2\/comments?post=19988"}],"wp:featuredmedia":[{"embeddable":true,"href":"https:\/\/cultivers.es\/de\/wp-json\/wp\/v2\/media\/15420"}],"wp:attachment":[{"href":"https:\/\/cultivers.es\/de\/wp-json\/wp\/v2\/media?parent=19988"}],"wp:term":[{"taxonomy":"product_brand","embeddable":true,"href":"https:\/\/cultivers.es\/de\/wp-json\/wp\/v2\/product_brand?post=19988"},{"taxonomy":"product_cat","embeddable":true,"href":"https:\/\/cultivers.es\/de\/wp-json\/wp\/v2\/product_cat?post=19988"},{"taxonomy":"product_tag","embeddable":true,"href":"https:\/\/cultivers.es\/de\/wp-json\/wp\/v2\/product_tag?post=19988"}],"curies":[{"name":"wp","href":"https:\/\/api.w.org\/{rel}","templated":true}]}}