{"id":19989,"date":"2022-10-07T07:08:06","date_gmt":"2022-10-07T07:08:06","guid":{"rendered":"https:\/\/cultivers.es\/abonos\/bio-erdnuss-butternuss-kuerbis-samen\/"},"modified":"2025-09-22T05:34:18","modified_gmt":"2025-09-22T05:34:18","slug":"kurbis-erdnuss-butternuss-samen-okologisch","status":"publish","type":"product","link":"https:\/\/cultivers.es\/de\/d\u00fcngemittel\/kurbis-erdnuss-butternuss-samen-okologisch\/","title":{"rendered":"Erdnuss-Butternuss-K\u00fcrbis-Samen"},"content":{"rendered":"","protected":false},"excerpt":{"rendered":"<p>Der <strong>Peanut Butternut Squash<\/strong> ist eine Sorte, die f\u00fcr ihre l\u00e4ngliche Form, ihre cremefarbene Schale und ihr s\u00fc\u00dfes orangefarbenes Fruchtfleisch sehr gesch\u00e4tzt wird. Dieser K\u00fcrbis zeichnet sich durch seinen milden, leicht haselnussartigen Geschmack und seine cremige Textur aus, was ihn zu einer perfekten Zutat f\u00fcr Suppen, P\u00fcrees, Eint\u00f6pfe, Braten und Desserts macht. Dar\u00fcber hinaus ist er aufgrund seines hohen N\u00e4hrwerts und seiner guten Haltbarkeit ideal f\u00fcr eine regelm\u00e4\u00dfige Einbindung in eine gesunde Ern\u00e4hrung.  <\/p>\n<p><strong>Langgestreckte Form und orangefarbenes Fruchtfleisch:<\/strong> Erzeugt erdnussf\u00f6rmige Fr\u00fcchte mit festem, leuchtend orangefarbenem Fruchtfleisch, das reich an Geschmack und N\u00e4hrstoffen ist.<\/p>\n<p><strong>Milder und s\u00fc\u00dfer Geschmack:<\/strong> Seine nat\u00fcrliche S\u00fc\u00dfe und cremige Textur verleihen einer Vielzahl von Gerichten eine au\u00dfergew\u00f6hnliche Note, von traditionellen Rezepten bis hin zu modernen kulinarischen Kreationen.<\/p>\n<p><strong>Reich an N\u00e4hrstoffen:<\/strong> Als Quelle der Vitamine A, C, Kalium und Antioxidantien tr\u00e4gt der K\u00fcrbis zu einer ausgewogenen und gesundheitsf\u00f6rdernden Ern\u00e4hrung bei.<\/p>\n<p><strong>Einfacher Anbau:<\/strong> Sie ist robust, ertragreich und anpassungsf\u00e4hig an verschiedene Boden- und Klimatypen und eignet sich sowohl f\u00fcr Anf\u00e4nger als auch f\u00fcr erfahrene Z\u00fcchter.<\/p>\n<p><strong>Biologischer Anbau:<\/strong> Unser Saatgut ist 100% biologisch, frei von Pestiziden und chemischen D\u00fcngemitteln und garantiert einen nachhaltigen und umweltfreundlichen Garten.<\/p>\n<p>Genie\u00dfen Sie die Vielseitigkeit, den Geschmack und die Qualit\u00e4t von <strong>Bio-Butternussk\u00fcrbis<\/strong> direkt aus Ihrem Garten. Eine unschlagbare Option, um Ihre Gerichte mit einer nahrhaften und k\u00f6stlichen Note zu bereichern. <\/p>\n","protected":false},"featured_media":15405,"comment_status":"open","ping_status":"closed","template":"","meta":{"_acf_changed":false},"product_brand":[],"product_cat":[438,419,1304],"product_tag":[1384],"class_list":{"0":"post-19989","1":"product","2":"type-product","3":"status-publish","4":"has-post-thumbnail","6":"product_cat-bio-obst-und-gemusesaatgut","7":"product_cat-bio-saatgut","8":"product_cat-demeter-samen","9":"product_tag-demeter-de","11":"first","12":"instock","13":"taxable","14":"shipping-taxable","15":"purchasable","16":"product-type-simple"},"acf":[],"_links":{"self":[{"href":"https:\/\/cultivers.es\/de\/wp-json\/wp\/v2\/product\/19989","targetHints":{"allow":["GET"]}}],"collection":[{"href":"https:\/\/cultivers.es\/de\/wp-json\/wp\/v2\/product"}],"about":[{"href":"https:\/\/cultivers.es\/de\/wp-json\/wp\/v2\/types\/product"}],"replies":[{"embeddable":true,"href":"https:\/\/cultivers.es\/de\/wp-json\/wp\/v2\/comments?post=19989"}],"wp:featuredmedia":[{"embeddable":true,"href":"https:\/\/cultivers.es\/de\/wp-json\/wp\/v2\/media\/15405"}],"wp:attachment":[{"href":"https:\/\/cultivers.es\/de\/wp-json\/wp\/v2\/media?parent=19989"}],"wp:term":[{"taxonomy":"product_brand","embeddable":true,"href":"https:\/\/cultivers.es\/de\/wp-json\/wp\/v2\/product_brand?post=19989"},{"taxonomy":"product_cat","embeddable":true,"href":"https:\/\/cultivers.es\/de\/wp-json\/wp\/v2\/product_cat?post=19989"},{"taxonomy":"product_tag","embeddable":true,"href":"https:\/\/cultivers.es\/de\/wp-json\/wp\/v2\/product_tag?post=19989"}],"curies":[{"name":"wp","href":"https:\/\/api.w.org\/{rel}","templated":true}]}}