{"id":19990,"date":"2022-10-07T07:08:06","date_gmt":"2022-10-07T07:08:06","guid":{"rendered":"https:\/\/cultivers.es\/abonos\/bio-sugar-baby-wassermelone-samen\/"},"modified":"2025-09-22T05:35:00","modified_gmt":"2025-09-22T05:35:00","slug":"wassermelone-zucker-baby-okologische-samen","status":"publish","type":"product","link":"https:\/\/cultivers.es\/de\/d\u00fcngemittel\/wassermelone-zucker-baby-okologische-samen\/","title":{"rendered":"Demeter Biodynamische Sugar Baby Wassermelone Samen"},"content":{"rendered":"","protected":false},"excerpt":{"rendered":"<p><strong>Sugar Baby Watermelon<\/strong> ist eine kleine Wassermelonensorte, ideal f\u00fcr alle, die s\u00fc\u00dfe, saftige und erfrischende Fr\u00fcchte in ihrem Garten suchen. Sie zeichnet sich durch ihr leuchtend rotes Fruchtfleisch, ihren hohen Zuckergehalt und ihre knackige Textur aus, was sie zur perfekten Wahl f\u00fcr den Frischverzehr in Obstsalaten oder sommerlichen Smoothies macht. Au\u00dferdem sind die Pflanzen widerstandsf\u00e4hig und produktiv und passen sich gut an verschiedene Klimazonen und B\u00f6den an.  <\/p>\n<p><strong>Klein und praktisch:<\/strong> Produziert Wassermelonen in einer kompakten Gr\u00f6\u00dfe, perfekt f\u00fcr G\u00e4rten mit begrenztem Platz und f\u00fcr den einmaligen Verzehr, wobei die maximale Frische erhalten bleibt.<\/p>\n<p><strong>S\u00fc\u00dfer Geschmack und rotes Fruchtfleisch:<\/strong> Sein intensiv s\u00fc\u00dfer Geschmack und sein leuchtend rotes Fruchtfleisch machen ihn zu einem wahren Genuss f\u00fcr den Gaumen.<\/p>\n<p><strong>Saftige und erfrischende Textur:<\/strong> Diese Sorte bietet bei jedem Bissen ein erfrischendes Erlebnis, ideal f\u00fcr hei\u00dfe Tage und besondere Anl\u00e4sse.<\/p>\n<p><strong>Schnelles Wachstum und Produktivit\u00e4t:<\/strong> Ihr Wachstumszyklus ist relativ kurz, was eine zufriedenstellende Ernte in k\u00fcrzester Zeit mit Fr\u00fcchten von hervorragender Qualit\u00e4t garantiert.<\/p>\n<p><strong>Reich an N\u00e4hrstoffen:<\/strong> Die Wassermelone ist eine Quelle von Kohlenhydraten, Vitamin A und C, Antioxidantien und Mineralien und tr\u00e4gt zu einer ausgewogenen Ern\u00e4hrung bei.<\/p>\n<p><strong>Demeter-Zertifizierung:<\/strong> Dieses Saatgut stammt aus biodynamischem Anbau, der die nat\u00fcrlichen Kreisl\u00e4ufe des Bodens respektiert und die Artenvielfalt und die Gesundheit des \u00d6kosystems f\u00f6rdert.<\/p>\n<p><strong>Biologischer Anbau:<\/strong> Unser Saatgut ist zu 100% biologisch, frei von Pestiziden und chemischen D\u00fcngemitteln und garantiert einen nachhaltigen und umweltfreundlichen Garten.<\/p>\n<p>Genie\u00dfen Sie den Geschmack, die Frische und die Qualit\u00e4t der <strong>Demeter Bio Sugar Baby Wassermelone<\/strong> direkt aus Ihrem Garten. Eine perfekte Option, um Ihre Sommertage mit einer nahrhaften, k\u00f6stlichen und nachhaltigen Frucht zu vers\u00fc\u00dfen. <\/p>\n","protected":false},"featured_media":15395,"comment_status":"open","ping_status":"closed","template":"","meta":{"_acf_changed":false},"product_brand":[],"product_cat":[419,1304],"product_tag":[1384],"class_list":{"0":"post-19990","1":"product","2":"type-product","3":"status-publish","4":"has-post-thumbnail","6":"product_cat-bio-saatgut","7":"product_cat-demeter-samen","8":"product_tag-demeter-de","10":"first","11":"instock","12":"sale","13":"taxable","14":"shipping-taxable","15":"purchasable","16":"product-type-simple"},"acf":[],"_links":{"self":[{"href":"https:\/\/cultivers.es\/de\/wp-json\/wp\/v2\/product\/19990","targetHints":{"allow":["GET"]}}],"collection":[{"href":"https:\/\/cultivers.es\/de\/wp-json\/wp\/v2\/product"}],"about":[{"href":"https:\/\/cultivers.es\/de\/wp-json\/wp\/v2\/types\/product"}],"replies":[{"embeddable":true,"href":"https:\/\/cultivers.es\/de\/wp-json\/wp\/v2\/comments?post=19990"}],"wp:featuredmedia":[{"embeddable":true,"href":"https:\/\/cultivers.es\/de\/wp-json\/wp\/v2\/media\/15395"}],"wp:attachment":[{"href":"https:\/\/cultivers.es\/de\/wp-json\/wp\/v2\/media?parent=19990"}],"wp:term":[{"taxonomy":"product_brand","embeddable":true,"href":"https:\/\/cultivers.es\/de\/wp-json\/wp\/v2\/product_brand?post=19990"},{"taxonomy":"product_cat","embeddable":true,"href":"https:\/\/cultivers.es\/de\/wp-json\/wp\/v2\/product_cat?post=19990"},{"taxonomy":"product_tag","embeddable":true,"href":"https:\/\/cultivers.es\/de\/wp-json\/wp\/v2\/product_tag?post=19990"}],"curies":[{"name":"wp","href":"https:\/\/api.w.org\/{rel}","templated":true}]}}