{"id":19991,"date":"2022-10-07T07:08:06","date_gmt":"2022-10-07T07:08:06","guid":{"rendered":"https:\/\/cultivers.es\/abonos\/physalis-bio-saatgut\/"},"modified":"2025-09-22T05:34:42","modified_gmt":"2025-09-22T05:34:42","slug":"saatgut-fisalis-okologisch","status":"publish","type":"product","link":"https:\/\/cultivers.es\/de\/d\u00fcngemittel\/saatgut-fisalis-okologisch\/","title":{"rendered":"Physalis Biodynamische Demeter-Samen"},"content":{"rendered":"","protected":false},"excerpt":{"rendered":"<p><strong>Physalis<\/strong> ist eine exotische Frucht, die f\u00fcr ihren s\u00fc\u00dfen, leicht s\u00e4uerlichen Geschmack und ihre charakteristische, nat\u00fcrliche, laternenf\u00f6rmige H\u00fclle bekannt ist. Diese kleine, leuchtend orangefarbene Beere eignet sich perfekt f\u00fcr Obstsalate, Konfit\u00fcren, s\u00fc\u00df-saure Saucen oder als gesunder Snack. Neben ihrem exquisiten Geschmack ist die Physalis reich an Vitaminen, Antioxidantien und Mineralien, was sie zu einer nahrhaften und k\u00f6stlichen Wahl f\u00fcr Ihren Garten macht.  <\/p>\n<p><strong>S\u00fc\u00df-saure Frucht:<\/strong> Bringt kleine, orangefarbene Beeren hervor, die von einer d\u00fcnnen, papierartigen Schale gesch\u00fctzt werden und deren Geschmack eine Kombination aus S\u00fc\u00dfe und einem Hauch von S\u00e4ure ist.<\/p>\n<p><strong>Kulinarische Vielseitigkeit:<\/strong> Sein einzigartiger Geschmack macht ihn ideal f\u00fcr Desserts, Obstsalate, Saucen, Smoothies oder zur Kombination mit K\u00e4se und Vorspeisen.<\/p>\n<p><strong>Reich an N\u00e4hrstoffen:<\/strong> Quelle der Vitamine A, C, Antioxidantien und Mineralien, die zu einer ausgewogenen und gesunden Ern\u00e4hrung beitragen.<\/p>\n<p><strong>Einfacher Anbau:<\/strong> Passt sich gut an unterschiedliche klimatische Bedingungen und B\u00f6den an und bietet reiche und kontinuierliche Ernten.<\/p>\n<p><strong>Biologischer Anbau:<\/strong> Unser Saatgut ist 100% biologisch, frei von Pestiziden und chemischen D\u00fcngemitteln und f\u00f6rdert einen nachhaltigen und umweltfreundlichen Garten.<\/p>\n<p>Genie\u00dfen Sie die Originalit\u00e4t, den Geschmack und die Vorteile der <strong>Bio-Physalis<\/strong> direkt aus Ihrem Garten. Eine exotische Frucht, die Ihren Gaumen mit ihrer einzigartigen Kombination aus S\u00fc\u00dfe und S\u00e4ure \u00fcberraschen wird. <\/p>\n","protected":false},"featured_media":15425,"comment_status":"open","ping_status":"closed","template":"","meta":{"_acf_changed":false},"product_brand":[],"product_cat":[438,419,1304],"product_tag":[1384],"class_list":{"0":"post-19991","1":"product","2":"type-product","3":"status-publish","4":"has-post-thumbnail","6":"product_cat-bio-obst-und-gemusesaatgut","7":"product_cat-bio-saatgut","8":"product_cat-demeter-samen","9":"product_tag-demeter-de","11":"first","12":"instock","13":"taxable","14":"shipping-taxable","15":"purchasable","16":"product-type-variable"},"acf":[],"_links":{"self":[{"href":"https:\/\/cultivers.es\/de\/wp-json\/wp\/v2\/product\/19991","targetHints":{"allow":["GET"]}}],"collection":[{"href":"https:\/\/cultivers.es\/de\/wp-json\/wp\/v2\/product"}],"about":[{"href":"https:\/\/cultivers.es\/de\/wp-json\/wp\/v2\/types\/product"}],"replies":[{"embeddable":true,"href":"https:\/\/cultivers.es\/de\/wp-json\/wp\/v2\/comments?post=19991"}],"wp:featuredmedia":[{"embeddable":true,"href":"https:\/\/cultivers.es\/de\/wp-json\/wp\/v2\/media\/15425"}],"wp:attachment":[{"href":"https:\/\/cultivers.es\/de\/wp-json\/wp\/v2\/media?parent=19991"}],"wp:term":[{"taxonomy":"product_brand","embeddable":true,"href":"https:\/\/cultivers.es\/de\/wp-json\/wp\/v2\/product_brand?post=19991"},{"taxonomy":"product_cat","embeddable":true,"href":"https:\/\/cultivers.es\/de\/wp-json\/wp\/v2\/product_cat?post=19991"},{"taxonomy":"product_tag","embeddable":true,"href":"https:\/\/cultivers.es\/de\/wp-json\/wp\/v2\/product_tag?post=19991"}],"curies":[{"name":"wp","href":"https:\/\/api.w.org\/{rel}","templated":true}]}}