{"id":19992,"date":"2022-10-07T07:08:06","date_gmt":"2022-10-07T07:08:06","guid":{"rendered":"https:\/\/cultivers.es\/abonos\/wassermelone-crimson-sweet-bio-saatgut\/"},"modified":"2025-09-22T05:35:00","modified_gmt":"2025-09-22T05:35:00","slug":"wassermelonen-karmesin-okologisches-saatgut","status":"publish","type":"product","link":"https:\/\/cultivers.es\/de\/d\u00fcngemittel\/wassermelonen-karmesin-okologisches-saatgut\/","title":{"rendered":"Crimson Sweet Wassermelone Samen"},"content":{"rendered":"","protected":false},"excerpt":{"rendered":"<p><strong>Crimson Sweet Watermelon<\/strong> ist eine Sorte, die f\u00fcr ihren au\u00dfergew\u00f6hnlichen Geschmack bekannt ist, mit tiefrotem, saftigem und s\u00fc\u00dfem Fruchtfleisch. Sie produziert gro\u00dfe, ovale Fr\u00fcchte mit einer hellgr\u00fcnen, in dunkleren T\u00f6nen gestreiften Schale. Diese Wassermelone eignet sich perfekt f\u00fcr den Frischverzehr, f\u00fcr Obstsalate, S\u00e4fte oder Desserts. Sie zeichnet sich durch ihre feste Textur und ausgewogene S\u00fc\u00dfe aus, was sie zu einem Favoriten in der Sommersaison macht.  <\/p>\n<p><strong>Gro\u00dfe und schmackhafte Fr\u00fcchte:<\/strong> Crimson Sweet Watermelon produziert gro\u00dfe Wassermelonen mit r\u00f6tlichem, s\u00fc\u00dfem und erfrischendem Fruchtfleisch, ideal zum Teilen bei Familienfesten und Feiern im Freien.<\/p>\n<p><strong>S\u00fc\u00dfer Geschmack und saftige Textur:<\/strong> Ihre nat\u00fcrliche S\u00fc\u00dfe und ihr saftiges Fruchtfleisch machen sie perfekt f\u00fcr den Frischverzehr, f\u00fcr Obstsalate oder f\u00fcr die Zubereitung von Smoothies und selbstgemachtem Eis.<\/p>\n<p><strong>Widerstandsf\u00e4higkeit und Produktivit\u00e4t:<\/strong> Diese Sorte ist f\u00fcr ihre Widerstandsf\u00e4higkeit gegen\u00fcber verschiedenen klimatischen Bedingungen bekannt und bietet reiche Ernten und hochwertige Fr\u00fcchte.<\/p>\n<p><strong>Reich an N\u00e4hrstoffen:<\/strong> Die Wassermelone ist eine Quelle von Vitamin A und C, Antioxidantien und Mineralien und bringt Feuchtigkeit, Frische und Vorteile in die t\u00e4gliche Ern\u00e4hrung.<\/p>\n<p><strong>Einfach anzubauen:<\/strong> Sie eignet sich sowohl f\u00fcr Anf\u00e4nger als auch f\u00fcr erfahrene G\u00e4rtner. Sie passt sich gut an eine Vielzahl von B\u00f6den und Klimazonen an und liefert zufriedenstellende Ergebnisse.<\/p>\n<p><strong>Biologischer Anbau:<\/strong> Unser Saatgut ist 100% biologisch, frei von Pestiziden und chemischen D\u00fcngemitteln und f\u00f6rdert einen nachhaltigen und umweltfreundlichen Garten.<\/p>\n<p>Genie\u00dfen Sie die Qualit\u00e4t, den Geschmack und die Frische der <strong>Crimson Sweet Bio-Wassermelone<\/strong> direkt aus Ihrem Garten. Eine ausgezeichnete Option, um warme Tage zu erfrischen und Ihren Tisch mit einer nahrhaften und k\u00f6stlichen Frucht zu bereichern. <\/p>\n","protected":false},"featured_media":15390,"comment_status":"open","ping_status":"closed","template":"","meta":{"_acf_changed":false},"product_brand":[],"product_cat":[438,419],"product_tag":[1580],"woo-feed-brand":[],"class_list":{"0":"post-19992","1":"product","2":"type-product","3":"status-publish","4":"has-post-thumbnail","6":"product_cat-bio-obst-und-gemusesaatgut","7":"product_cat-bio-saatgut","8":"product_tag-oko","10":"first","11":"instock","12":"sale","13":"taxable","14":"shipping-taxable","15":"purchasable","16":"product-type-simple"},"acf":[],"_links":{"self":[{"href":"https:\/\/cultivers.es\/de\/wp-json\/wp\/v2\/product\/19992","targetHints":{"allow":["GET"]}}],"collection":[{"href":"https:\/\/cultivers.es\/de\/wp-json\/wp\/v2\/product"}],"about":[{"href":"https:\/\/cultivers.es\/de\/wp-json\/wp\/v2\/types\/product"}],"replies":[{"embeddable":true,"href":"https:\/\/cultivers.es\/de\/wp-json\/wp\/v2\/comments?post=19992"}],"wp:featuredmedia":[{"embeddable":true,"href":"https:\/\/cultivers.es\/de\/wp-json\/wp\/v2\/media\/15390"}],"wp:attachment":[{"href":"https:\/\/cultivers.es\/de\/wp-json\/wp\/v2\/media?parent=19992"}],"wp:term":[{"taxonomy":"product_brand","embeddable":true,"href":"https:\/\/cultivers.es\/de\/wp-json\/wp\/v2\/product_brand?post=19992"},{"taxonomy":"product_cat","embeddable":true,"href":"https:\/\/cultivers.es\/de\/wp-json\/wp\/v2\/product_cat?post=19992"},{"taxonomy":"product_tag","embeddable":true,"href":"https:\/\/cultivers.es\/de\/wp-json\/wp\/v2\/product_tag?post=19992"},{"taxonomy":"woo-feed-brand","embeddable":true,"href":"https:\/\/cultivers.es\/de\/wp-json\/wp\/v2\/woo-feed-brand?post=19992"}],"curies":[{"name":"wp","href":"https:\/\/api.w.org\/{rel}","templated":true}]}}