{"id":19993,"date":"2022-10-07T07:08:06","date_gmt":"2022-10-07T07:08:06","guid":{"rendered":"https:\/\/cultivers.es\/abonos\/bio-schwarzer-tendral-melonensamen\/"},"modified":"2025-09-22T05:35:30","modified_gmt":"2025-09-22T05:35:30","slug":"saatgut-melonenrute-schwarz-okologisch-okologisch","status":"publish","type":"product","link":"https:\/\/cultivers.es\/de\/d\u00fcngemittel\/saatgut-melonenrute-schwarz-okologisch-okologisch\/","title":{"rendered":"Schwarze Tendral Melone Saatgut"},"content":{"rendered":"","protected":false},"excerpt":{"rendered":"<p>Die <strong>Tendral Negro Melone<\/strong> ist eine traditionelle Sorte, die f\u00fcr ihren Geschmack, ihre Textur und ihre Haltbarkeit sehr gesch\u00e4tzt wird. Ihre ovalen Fr\u00fcchte haben eine dunkelgr\u00fcne, fast schwarze Schale und ein festes, saftiges und s\u00fc\u00dfes Fruchtfleisch. Diese Melone zeichnet sich durch ihre Widerstandsf\u00e4higkeit und ihren einfachen Anbau aus. Sie ist ideal f\u00fcr alle, die in ihrem <strong>Obstgarten<\/strong> reiche Ernten und einen authentischen Geschmack erzielen m\u00f6chten.  <\/p>\n<p><strong>Dunkelh\u00e4utige Frucht mit s\u00fc\u00dfem Fruchtfleisch:<\/strong> Sie produziert sehr dunkelgr\u00fcne Melonen mit orangefarbenem, festem und saftigem Fruchtfleisch, das s\u00fc\u00df und aromatisch schmeckt.<\/p>\n<p><strong>Hervorragende Haltbarkeit:<\/strong> Einmal geerntet, behalten diese Melonen ihre Qualit\u00e4t und S\u00fc\u00dfe \u00fcber einen langen Zeitraum, so dass Sie ihren Geschmack l\u00e4nger genie\u00dfen k\u00f6nnen.<\/p>\n<p><strong>Ertrag und Widerstandsf\u00e4higkeit:<\/strong> Diese Sorte garantiert eine gute Produktion, die sich an unterschiedliche klimatische Bedingungen anpasst und somit zufriedenstellende Ergebnisse gew\u00e4hrleistet.<\/p>\n<p><strong>Reich an N\u00e4hrstoffen:<\/strong> Die Melone ist eine wichtige Quelle f\u00fcr die Vitamine A und C sowie f\u00fcr Mineralstoffe und Antioxidantien und tr\u00e4gt zu einer ausgewogenen und gesunden Ern\u00e4hrung bei.<\/p>\n<p><strong>Einfacher Anbau:<\/strong> Sie eignet sich sowohl f\u00fcr Anf\u00e4nger als auch f\u00fcr erfahrene G\u00e4rtner. Sie gedeiht gut in reichhaltigen, gut durchl\u00e4ssigen B\u00f6den und ben\u00f6tigt nur wenig Pflege.<\/p>\n<p><strong>Biologischer Anbau:<\/strong> Unser Saatgut ist <strong>100% biologisch<\/strong>, frei von Pestiziden und chemischen D\u00fcngemitteln und f\u00f6rdert einen nachhaltigen und umweltfreundlichen <strong>Garten<\/strong>.<\/p>\n<p>Genie\u00dfen Sie den authentischen Geschmack und die Frische der <strong>Tendral Black Melon Organic<\/strong>, und f\u00fcllen Sie Ihren <strong>Garten<\/strong> mit Qualit\u00e4t und Tradition. Eine perfekte Wahl f\u00fcr alle, die Wert auf Geschmack, Erhaltung und Nachhaltigkeit legen. Bestellen Sie noch heute und genie\u00dfen Sie diese exquisite Sorte!  <\/p>\n","protected":false},"featured_media":15385,"comment_status":"open","ping_status":"closed","template":"","meta":{"_acf_changed":false},"product_brand":[],"product_cat":[438,419],"product_tag":[1580],"class_list":{"0":"post-19993","1":"product","2":"type-product","3":"status-publish","4":"has-post-thumbnail","6":"product_cat-bio-obst-und-gemusesaatgut","7":"product_cat-bio-saatgut","8":"product_tag-oko","10":"first","11":"instock","12":"sale","13":"taxable","14":"shipping-taxable","15":"purchasable","16":"product-type-simple"},"acf":[],"_links":{"self":[{"href":"https:\/\/cultivers.es\/de\/wp-json\/wp\/v2\/product\/19993","targetHints":{"allow":["GET"]}}],"collection":[{"href":"https:\/\/cultivers.es\/de\/wp-json\/wp\/v2\/product"}],"about":[{"href":"https:\/\/cultivers.es\/de\/wp-json\/wp\/v2\/types\/product"}],"replies":[{"embeddable":true,"href":"https:\/\/cultivers.es\/de\/wp-json\/wp\/v2\/comments?post=19993"}],"wp:featuredmedia":[{"embeddable":true,"href":"https:\/\/cultivers.es\/de\/wp-json\/wp\/v2\/media\/15385"}],"wp:attachment":[{"href":"https:\/\/cultivers.es\/de\/wp-json\/wp\/v2\/media?parent=19993"}],"wp:term":[{"taxonomy":"product_brand","embeddable":true,"href":"https:\/\/cultivers.es\/de\/wp-json\/wp\/v2\/product_brand?post=19993"},{"taxonomy":"product_cat","embeddable":true,"href":"https:\/\/cultivers.es\/de\/wp-json\/wp\/v2\/product_cat?post=19993"},{"taxonomy":"product_tag","embeddable":true,"href":"https:\/\/cultivers.es\/de\/wp-json\/wp\/v2\/product_tag?post=19993"}],"curies":[{"name":"wp","href":"https:\/\/api.w.org\/{rel}","templated":true}]}}