{"id":19994,"date":"2022-10-07T07:08:06","date_gmt":"2022-10-07T07:08:06","guid":{"rendered":"https:\/\/cultivers.es\/abonos\/bio-melonen-samen-retato-degli-ortolani-bio-melonen-samen\/"},"modified":"2025-09-22T05:05:53","modified_gmt":"2025-09-22T05:05:53","slug":"bio-melonen-retato-degli-ortolani-okologisches-saatgut","status":"publish","type":"product","link":"https:\/\/cultivers.es\/de\/d\u00fcngemittel\/bio-melonen-retato-degli-ortolani-okologisches-saatgut\/","title":{"rendered":"Melonenkerne Retato degli ortolani"},"content":{"rendered":"","protected":false},"excerpt":{"rendered":"<p>Die <strong>Retato degli ortolani Melone<\/strong> ist eine traditionelle italienische Sorte, die f\u00fcr ihre mittelgro\u00dfen Fr\u00fcchte mit netzartiger Schale und orangefarbenem, s\u00fc\u00dfem und aromatischem Fruchtfleisch bekannt ist. Ihr ausgewogener, erfrischender Geschmack mit leicht w\u00fcrzigen Noten macht sie zu einer idealen Wahl f\u00fcr den Frischverzehr, in Obstsalaten oder in sommerlichen Desserts. Au\u00dferdem garantieren ihre hervorragende Anpassungsf\u00e4higkeit an unterschiedliche Bedingungen und ihre hohe Produktivit\u00e4t reiche Ernten von schmackhaften und nahrhaften Melonen.  <\/p>\n<p><strong>Mittlere und netzartige Fr\u00fcchte:<\/strong> Sie produziert mittelgro\u00dfe Melonen mit einer charakteristischen netzartigen Schale und einem intensiv orangefarbenen Inneren.<\/p>\n<p><strong>S\u00fc\u00dfer und aromatischer Geschmack:<\/strong> Ihr saftiges Fruchtfleisch hat eine ausgewogene S\u00fc\u00dfe, begleitet von einem milden Aroma, das das Geschmackserlebnis noch verst\u00e4rkt.<\/p>\n<p><strong>Geschmeidige und erfrischende Textur:<\/strong> Dank ihres festen, aber cremigen Fruchtfleisches eignet sie sich perfekt f\u00fcr frische Scheiben oder als Bestandteil von Desserts und Smoothies.<\/p>\n<p><strong>Reich an N\u00e4hrstoffen:<\/strong> Liefert die Vitamine A und C, Antioxidantien und Mineralien und tr\u00e4gt so zu einer ausgewogenen und gesunden Ern\u00e4hrung bei.<\/p>\n<p><strong>Einfach anzubauen:<\/strong> Sie ist robust, ertragreich und an verschiedene Bodentypen und Klimazonen anpassungsf\u00e4hig. Sie ist sowohl f\u00fcr Amateure als auch f\u00fcr erfahrene G\u00e4rtner geeignet.<\/p>\n<p><strong>Biologischer Anbau:<\/strong> Unser Saatgut ist zu 100% biologisch, frei von Pestiziden und chemischen D\u00fcngemitteln, was einen nachhaltigen und umweltfreundlichen Garten beg\u00fcnstigt.<\/p>\n<p>Genie\u00dfen Sie die Authentizit\u00e4t und Qualit\u00e4t der <strong>Bio-Melone Retato degli ortolani<\/strong> direkt aus Ihrem Garten. F\u00fcgen Sie diese Sorte Ihren Kulturen hinzu und genie\u00dfen Sie den Geschmack, die Frische und die S\u00fc\u00dfe einer traditionellen und gesunden Melone. Bestellen Sie noch heute und bereichern Sie Ihren Tisch mit dieser k\u00f6stlichen Option!  <\/p>\n","protected":false},"featured_media":15380,"comment_status":"open","ping_status":"closed","template":"","meta":{"_acf_changed":false},"product_brand":[],"product_cat":[438,419],"product_tag":[1580],"class_list":{"0":"post-19994","1":"product","2":"type-product","3":"status-publish","4":"has-post-thumbnail","6":"product_cat-bio-obst-und-gemusesaatgut","7":"product_cat-bio-saatgut","8":"product_tag-oko","10":"first","11":"instock","12":"sale","13":"taxable","14":"shipping-taxable","15":"purchasable","16":"product-type-simple"},"acf":[],"_links":{"self":[{"href":"https:\/\/cultivers.es\/de\/wp-json\/wp\/v2\/product\/19994","targetHints":{"allow":["GET"]}}],"collection":[{"href":"https:\/\/cultivers.es\/de\/wp-json\/wp\/v2\/product"}],"about":[{"href":"https:\/\/cultivers.es\/de\/wp-json\/wp\/v2\/types\/product"}],"replies":[{"embeddable":true,"href":"https:\/\/cultivers.es\/de\/wp-json\/wp\/v2\/comments?post=19994"}],"wp:featuredmedia":[{"embeddable":true,"href":"https:\/\/cultivers.es\/de\/wp-json\/wp\/v2\/media\/15380"}],"wp:attachment":[{"href":"https:\/\/cultivers.es\/de\/wp-json\/wp\/v2\/media?parent=19994"}],"wp:term":[{"taxonomy":"product_brand","embeddable":true,"href":"https:\/\/cultivers.es\/de\/wp-json\/wp\/v2\/product_brand?post=19994"},{"taxonomy":"product_cat","embeddable":true,"href":"https:\/\/cultivers.es\/de\/wp-json\/wp\/v2\/product_cat?post=19994"},{"taxonomy":"product_tag","embeddable":true,"href":"https:\/\/cultivers.es\/de\/wp-json\/wp\/v2\/product_tag?post=19994"}],"curies":[{"name":"wp","href":"https:\/\/api.w.org\/{rel}","templated":true}]}}