{"id":20030,"date":"2022-05-30T13:29:06","date_gmt":"2022-05-30T13:29:06","guid":{"rendered":"https:\/\/cultivers.es\/abonos\/dreifache-wirkung-sofort-einsatzbereit\/"},"modified":"2026-03-19T07:05:17","modified_gmt":"2026-03-19T07:05:17","slug":"dreifach-aktion-gebrauchsfertig","status":"publish","type":"product","link":"https:\/\/cultivers.es\/de\/d\u00fcngemittel\/dreifach-aktion-gebrauchsfertig\/","title":{"rendered":"Dreifache Wirkung, sofort einsatzbereit"},"content":{"rendered":"","protected":false},"excerpt":{"rendered":"<p><span class=\"a-list-item\">Dreifach wirkendes \u00f6kologisches Insektizid, Fungizid und Akarizid zur Bek\u00e4mpfung von Insekten, Milben und Pilzen.<\/span><\/p>\n<p><span class=\"a-list-item\">Es wirkt auf die Pflanze und bietet eine dreifache Schutzwirkung gegen Sch\u00e4dlinge und Krankheiten.<\/span><\/p>\n<p><span class=\"a-list-item\">Gebrauchsanweisung: Direkt auf die Pflanze spr\u00fchen, in einem Abstand von etwa 30 cm. Es wird immer empfohlen, das Produkt in der Abendd\u00e4mmerung aufzutragen und dabei die Stunden mit der h\u00f6chsten Sonneneinstrahlung zu vermeiden.<\/span><\/p>\n<p><span class=\"a-list-item\">Laut dem Bericht SANTE\/11809\/2016 kann es gegen folgende Sch\u00e4dlinge eingesetzt werden: Blattl\u00e4use, Milben: Ackerbohnen, Reben; Kohlmotte; Carpocapsa Manzano; Coleoptera und Motten in Brassicas. Pilze: Echter Mehltau, Falscher Mehltau, Alternaria, Monilia, Botrytis, Pythium, Wurzelpilz, Blattroller, Monilia.<\/span><\/p>\n<p><span class=\"a-list-item\">F\u00fcr Zimmerpflanzen im Freien. 100% nat\u00fcrliche Produkte.<\/span><\/p>\n","protected":false},"featured_media":27509,"comment_status":"open","ping_status":"closed","template":"","meta":{"_acf_changed":false},"product_brand":[],"product_cat":[336,586,598,480,537,479,589,536,597,359,599,600,1282],"product_tag":[],"class_list":{"0":"post-20030","1":"product","2":"type-product","3":"status-publish","4":"has-post-thumbnail","6":"product_cat-bonsai-de","7":"product_cat-bioprotektoren","8":"product_cat-geranien","9":"product_cat-grundlegende-stoffe","10":"product_cat-hortensien","11":"product_cat-kulturpflanzen-und-pflanzenschutz","12":"product_cat-obstgarten","13":"product_cat-orchideen","14":"product_cat-rosenstraucher","15":"product_cat-tomaten","16":"product_cat-zierpflanzen","17":"product_cat-zimmerpflanzen","18":"product_cat-zimmerpflanzen-und-balkon","20":"first","21":"instock","22":"featured","23":"taxable","24":"shipping-taxable","25":"purchasable","26":"product-type-variable"},"acf":[],"_links":{"self":[{"href":"https:\/\/cultivers.es\/de\/wp-json\/wp\/v2\/product\/20030","targetHints":{"allow":["GET"]}}],"collection":[{"href":"https:\/\/cultivers.es\/de\/wp-json\/wp\/v2\/product"}],"about":[{"href":"https:\/\/cultivers.es\/de\/wp-json\/wp\/v2\/types\/product"}],"replies":[{"embeddable":true,"href":"https:\/\/cultivers.es\/de\/wp-json\/wp\/v2\/comments?post=20030"}],"wp:featuredmedia":[{"embeddable":true,"href":"https:\/\/cultivers.es\/de\/wp-json\/wp\/v2\/media\/27509"}],"wp:attachment":[{"href":"https:\/\/cultivers.es\/de\/wp-json\/wp\/v2\/media?parent=20030"}],"wp:term":[{"taxonomy":"product_brand","embeddable":true,"href":"https:\/\/cultivers.es\/de\/wp-json\/wp\/v2\/product_brand?post=20030"},{"taxonomy":"product_cat","embeddable":true,"href":"https:\/\/cultivers.es\/de\/wp-json\/wp\/v2\/product_cat?post=20030"},{"taxonomy":"product_tag","embeddable":true,"href":"https:\/\/cultivers.es\/de\/wp-json\/wp\/v2\/product_tag?post=20030"}],"curies":[{"name":"wp","href":"https:\/\/api.w.org\/{rel}","templated":true}]}}