{"id":20031,"date":"2022-07-18T11:49:28","date_gmt":"2022-07-18T11:49:28","guid":{"rendered":"https:\/\/cultivers.es\/abonos\/duenger-fuer-terrassen-und-balkonpflanzen\/"},"modified":"2025-09-22T05:19:30","modified_gmt":"2025-09-22T05:19:30","slug":"dungemittel-pflanzen-fur-terrasse-und-balkon","status":"publish","type":"product","link":"https:\/\/cultivers.es\/de\/d\u00fcngemittel\/dungemittel-pflanzen-fur-terrasse-und-balkon\/","title":{"rendered":"D\u00fcnger f\u00fcr Terrassen- und Balkonpflanzen"},"content":{"rendered":"","protected":false},"excerpt":{"rendered":"<p class=\"p1\">Organischer D\u00fcnger f\u00fcr Terrassen- und Balkonpflanzen. 100% nat\u00fcrlich<\/p>\n<p class=\"p1\">F\u00f6rdert und verl\u00e4ngert die Bl\u00fctezeit. Intensiviert die Farben.<\/p>\n<p class=\"p1\">Hoher Gehalt an organischen Stoffen und Fulvos\u00e4uren. H\u00e4lt Wasser und Sauerstoff im Boden zur\u00fcck.<\/p>\n<p class=\"p1\">Stimuliert die Entwicklung neuer gr\u00fcner Bl\u00e4tter und Bl\u00fcten von Pflanzen in Stresssituationen.<span class=\"Apple-converted-space\"> <\/span><\/p>\n","protected":false},"featured_media":27483,"comment_status":"open","ping_status":"closed","template":"","meta":{"_acf_changed":false},"product_brand":[],"product_cat":[1282],"product_tag":[],"woo-feed-brand":[],"class_list":{"0":"post-20031","1":"product","2":"type-product","3":"status-publish","4":"has-post-thumbnail","6":"product_cat-zimmerpflanzen-und-balkon","8":"first","9":"instock","10":"taxable","11":"shipping-taxable","12":"purchasable","13":"product-type-variable"},"acf":[],"_links":{"self":[{"href":"https:\/\/cultivers.es\/de\/wp-json\/wp\/v2\/product\/20031","targetHints":{"allow":["GET"]}}],"collection":[{"href":"https:\/\/cultivers.es\/de\/wp-json\/wp\/v2\/product"}],"about":[{"href":"https:\/\/cultivers.es\/de\/wp-json\/wp\/v2\/types\/product"}],"replies":[{"embeddable":true,"href":"https:\/\/cultivers.es\/de\/wp-json\/wp\/v2\/comments?post=20031"}],"wp:featuredmedia":[{"embeddable":true,"href":"https:\/\/cultivers.es\/de\/wp-json\/wp\/v2\/media\/27483"}],"wp:attachment":[{"href":"https:\/\/cultivers.es\/de\/wp-json\/wp\/v2\/media?parent=20031"}],"wp:term":[{"taxonomy":"product_brand","embeddable":true,"href":"https:\/\/cultivers.es\/de\/wp-json\/wp\/v2\/product_brand?post=20031"},{"taxonomy":"product_cat","embeddable":true,"href":"https:\/\/cultivers.es\/de\/wp-json\/wp\/v2\/product_cat?post=20031"},{"taxonomy":"product_tag","embeddable":true,"href":"https:\/\/cultivers.es\/de\/wp-json\/wp\/v2\/product_tag?post=20031"},{"taxonomy":"woo-feed-brand","embeddable":true,"href":"https:\/\/cultivers.es\/de\/wp-json\/wp\/v2\/woo-feed-brand?post=20031"}],"curies":[{"name":"wp","href":"https:\/\/api.w.org\/{rel}","templated":true}]}}