{"id":20032,"date":"2022-10-07T07:08:06","date_gmt":"2022-10-07T07:08:06","guid":{"rendered":"https:\/\/cultivers.es\/abonos\/bio-melonensamen-ribatejo-weiss\/"},"modified":"2025-09-22T05:06:07","modified_gmt":"2025-09-22T05:06:07","slug":"bio-weise-melonen-samen-aus-der-ribatejo-okologisch","status":"publish","type":"product","link":"https:\/\/cultivers.es\/de\/d\u00fcngemittel\/bio-weise-melonen-samen-aus-der-ribatejo-okologisch\/","title":{"rendered":"Wei\u00dfe Ribatejo Melone Samen"},"content":{"rendered":"","protected":false},"excerpt":{"rendered":"<p>Die <strong>Ribatejo Wei\u00dfe Melone<\/strong> ist eine traditionelle portugiesische Sorte, die f\u00fcr ihr wei\u00dfes, festes und s\u00fc\u00dfes Fruchtfleisch und ihre helle Schale gesch\u00e4tzt wird. Mit ihrem milden und erfrischenden Geschmack ist diese Melone ideal f\u00fcr den Frischverzehr in Obstsalaten, leichten Desserts oder als gesunder Snack. Ihre feste und saftige Textur sorgt f\u00fcr ein angenehmes Gaumenerlebnis und macht diese Sorte zu einer ausgezeichneten Wahl f\u00fcr alle, die in ihrem <strong>Obstgarten<\/strong> auf Qualit\u00e4t und Authentizit\u00e4t Wert legen.  <\/p>\n<p><strong>Helle Fr\u00fcchte mit wei\u00dfem Fruchtfleisch:<\/strong> Diese Sorte produziert mittelgro\u00dfe Melonen mit einer hellen Schale und einem wei\u00dfen, festen und saftigen Fruchtfleisch.<\/p>\n<p><strong>Milder und s\u00fc\u00dfer Geschmack:<\/strong> Seine ausgewogene S\u00fc\u00dfe, begleitet von einer leichten aromatischen Note, macht ihn zu einer perfekten Zutat, die Sie pur oder in frischen Rezepten genie\u00dfen k\u00f6nnen.<\/p>\n<p><strong>Feste und saftige Textur:<\/strong> Das Fruchtfleisch zeichnet sich dadurch aus, dass es fest und gleichzeitig saftig ist und bei jedem Bissen ein erfrischendes Gef\u00fchl vermittelt.<\/p>\n<p><strong>Reich an N\u00e4hrstoffen:<\/strong> Diese Melone ist eine Quelle f\u00fcr die Vitamine A und C, Antioxidantien und Mineralien und tr\u00e4gt zu einer gesunden Ern\u00e4hrung bei.<\/p>\n<p><strong>Einfacher Anbau:<\/strong> Sie ist robust und anpassungsf\u00e4hig an verschiedene Boden- und Klimatypen und eignet sich sowohl f\u00fcr Anf\u00e4nger als auch f\u00fcr erfahrene Z\u00fcchter.<\/p>\n<p><strong>Biologischer Anbau:<\/strong> Unser Saatgut ist <strong>100% biologisch<\/strong>, frei von Pestiziden und chemischen D\u00fcngemitteln und f\u00f6rdert einen nachhaltigen und umweltfreundlichen <strong>Garten<\/strong>.<\/p>\n<p>Genie\u00dfen Sie den authentischen Geschmack und die Frische der <strong>wei\u00dfen Bio-Ribatejo-Melone<\/strong> direkt aus Ihrem <strong>Garten<\/strong>, die eine traditionelle und nahrhafte Note auf Ihren Tisch bringt.<\/p>\n","protected":false},"featured_media":15365,"comment_status":"open","ping_status":"closed","template":"","meta":{"_acf_changed":false},"product_brand":[],"product_cat":[438,419],"product_tag":[1580],"class_list":{"0":"post-20032","1":"product","2":"type-product","3":"status-publish","4":"has-post-thumbnail","6":"product_cat-bio-obst-und-gemusesaatgut","7":"product_cat-bio-saatgut","8":"product_tag-oko","10":"first","11":"instock","12":"taxable","13":"shipping-taxable","14":"purchasable","15":"product-type-simple"},"acf":[],"_links":{"self":[{"href":"https:\/\/cultivers.es\/de\/wp-json\/wp\/v2\/product\/20032","targetHints":{"allow":["GET"]}}],"collection":[{"href":"https:\/\/cultivers.es\/de\/wp-json\/wp\/v2\/product"}],"about":[{"href":"https:\/\/cultivers.es\/de\/wp-json\/wp\/v2\/types\/product"}],"replies":[{"embeddable":true,"href":"https:\/\/cultivers.es\/de\/wp-json\/wp\/v2\/comments?post=20032"}],"wp:featuredmedia":[{"embeddable":true,"href":"https:\/\/cultivers.es\/de\/wp-json\/wp\/v2\/media\/15365"}],"wp:attachment":[{"href":"https:\/\/cultivers.es\/de\/wp-json\/wp\/v2\/media?parent=20032"}],"wp:term":[{"taxonomy":"product_brand","embeddable":true,"href":"https:\/\/cultivers.es\/de\/wp-json\/wp\/v2\/product_brand?post=20032"},{"taxonomy":"product_cat","embeddable":true,"href":"https:\/\/cultivers.es\/de\/wp-json\/wp\/v2\/product_cat?post=20032"},{"taxonomy":"product_tag","embeddable":true,"href":"https:\/\/cultivers.es\/de\/wp-json\/wp\/v2\/product_tag?post=20032"}],"curies":[{"name":"wp","href":"https:\/\/api.w.org\/{rel}","templated":true}]}}