{"id":20033,"date":"2022-06-06T11:06:52","date_gmt":"2022-06-06T11:06:52","guid":{"rendered":"https:\/\/cultivers.es\/abonos\/kaliumbicarbonat\/"},"modified":"2025-09-22T05:32:47","modified_gmt":"2025-09-22T05:32:47","slug":"kalium-bikarbonat","status":"publish","type":"product","link":"https:\/\/cultivers.es\/de\/d\u00fcngemittel\/kalium-bikarbonat\/","title":{"rendered":"Kaliumbicarbonat"},"content":{"rendered":"<p>Kaliumbicarbonat ist ein nat\u00fcrliches Kontaktfungizid und Breitspektrumfungizid zur Bek\u00e4mpfung von Aschemehltau und anderen pilzlichen Pflanzenkrankheiten im Allgemeinen. Es stoppt das Wachstum von pathogenen Pilzen auf dem Laub, indem es die Prozesse zur Regulierung des osmotischen Drucks ver\u00e4ndert, was zur Zerst\u00f6rung der Zellw\u00e4nde des Pathogens f\u00fchrt. Es wird als Blattanwendung mit einer ausreichenden Wassermenge verwendet, um eine vollst\u00e4ndige Abdeckung aller St\u00e4ngel und Bl\u00e4tter zu gew\u00e4hrleisten. Eine w\u00f6chentliche Anwendung wird in Zeiten starker Krankheitsausbr\u00fcche oder wenn die Bedingungen f\u00fcr die Krankheitsentwicklung am gr\u00f6\u00dften sind, empfohlen. Nach drei Anwendungen kann die Konzentration oder die H\u00e4ufigkeit der Anwendung reduziert werden, um Krankheiten zu vermeiden.<\/p>\n","protected":false},"excerpt":{"rendered":"<div id=\"featurebullets_feature_div\" class=\"celwidget\" data-feature-name=\"featurebullets\" data-csa-c-id=\"t9itx4-id1tls-hbafvb-t0tgph\" data-cel-widget=\"featurebullets_feature_div\">\n<div id=\"feature-bullets\" class=\"a-section a-spacing-medium a-spacing-top-small\">\n<ul class=\"a-unordered-list a-vertical a-spacing-mini\">\n<li><span class=\"a-list-item\">100% Kaliumbicarbonat<\/span><\/li>\n<\/ul>\n<\/div>\n<\/div>\n","protected":false},"featured_media":14960,"comment_status":"open","ping_status":"closed","template":"","meta":{"_acf_changed":false},"product_brand":[],"product_cat":[586,585,480,479],"product_tag":[],"woo-feed-brand":[],"class_list":{"0":"post-20033","1":"product","2":"type-product","3":"status-publish","4":"has-post-thumbnail","6":"product_cat-bioprotektoren","7":"product_cat-defizit-korrektoren","8":"product_cat-grundlegende-stoffe","9":"product_cat-kulturpflanzen-und-pflanzenschutz","11":"first","12":"instock","13":"taxable","14":"shipping-taxable","15":"purchasable","16":"product-type-variable"},"acf":[],"_links":{"self":[{"href":"https:\/\/cultivers.es\/de\/wp-json\/wp\/v2\/product\/20033","targetHints":{"allow":["GET"]}}],"collection":[{"href":"https:\/\/cultivers.es\/de\/wp-json\/wp\/v2\/product"}],"about":[{"href":"https:\/\/cultivers.es\/de\/wp-json\/wp\/v2\/types\/product"}],"replies":[{"embeddable":true,"href":"https:\/\/cultivers.es\/de\/wp-json\/wp\/v2\/comments?post=20033"}],"wp:featuredmedia":[{"embeddable":true,"href":"https:\/\/cultivers.es\/de\/wp-json\/wp\/v2\/media\/14960"}],"wp:attachment":[{"href":"https:\/\/cultivers.es\/de\/wp-json\/wp\/v2\/media?parent=20033"}],"wp:term":[{"taxonomy":"product_brand","embeddable":true,"href":"https:\/\/cultivers.es\/de\/wp-json\/wp\/v2\/product_brand?post=20033"},{"taxonomy":"product_cat","embeddable":true,"href":"https:\/\/cultivers.es\/de\/wp-json\/wp\/v2\/product_cat?post=20033"},{"taxonomy":"product_tag","embeddable":true,"href":"https:\/\/cultivers.es\/de\/wp-json\/wp\/v2\/product_tag?post=20033"},{"taxonomy":"woo-feed-brand","embeddable":true,"href":"https:\/\/cultivers.es\/de\/wp-json\/wp\/v2\/woo-feed-brand?post=20033"}],"curies":[{"name":"wp","href":"https:\/\/api.w.org\/{rel}","templated":true}]}}