{"id":20034,"date":"2022-07-18T08:58:26","date_gmt":"2022-07-18T08:58:26","guid":{"rendered":"https:\/\/cultivers.es\/abonos\/universal-duenger-mit-fluessig-guano\/"},"modified":"2025-09-22T05:33:09","modified_gmt":"2025-09-22T05:33:09","slug":"universal-dunger-mit-flussig-guano","status":"publish","type":"product","link":"https:\/\/cultivers.es\/de\/d\u00fcngemittel\/universal-dunger-mit-flussig-guano\/","title":{"rendered":"Universal-D\u00fcnger mit Fl\u00fcssig-Guano"},"content":{"rendered":"<p class=\"p2\">D\u00fcnger f\u00fcr alle Pflanzenarten mit organischen Stoffen und Fulvos\u00e4uren, essentiellen Elementen wie N, P, K, Ca sowie nat\u00fcrlichen biostimulierenden Substanzen wie Betainen, Zuckern, Proteinen, Enzymen, Auxinen und Vitaminen. Besteht aus organischen Stoffen, die aus Pflanzen gewonnen werden. Es verbessert die Rhizosph\u00e4re, h\u00e4lt Wasser und Sauerstoff im Boden und stimuliert die Entwicklung von gr\u00fcnen Organen und Bl\u00fcten von Pflanzen in ung\u00fcnstigen Situationen.<span class=\"Apple-converted-space\"> <\/span><\/p>\n","protected":false},"excerpt":{"rendered":"<p>Fl\u00fcssigd\u00fcnger mit Guano, der die Aktivit\u00e4t der Mikroorganismen, die Bel\u00fcftung, die Wasserbindung und die N\u00e4hrstoffverf\u00fcgbarkeit erh\u00f6ht.<\/p>\n<p>Nat\u00fcrliche D\u00fcnger mit NPK 4-4-4 meine ausgewogene und einfach zu bedienen. Biostimulans f\u00fcr alle Arten von Pflanzen und Nutzpflanzen.<\/p>\n<p>Dosierung: Die Flasche vor Gebrauch gut sch\u00fctteln und dann 4 ml des Produkts in 1 Liter Wasser verd\u00fcnnen oder zweimal in den Topf und dann ins Wasser dr\u00fccken.<\/p>\n<p>Besteht aus organischen Stoffen ausgew\u00e4hlter Pflanzen, die die Rhizosph\u00e4re verbessern, Wasser zur\u00fcckhalten und den Boden mit Sauerstoff versorgen. Dar\u00fcber hinaus stimuliert es aufgrund seines Aminos\u00e4uregehalts die Entwicklung von gr\u00fcnen Organen und Fr\u00fcchten, selbst in ung\u00fcnstigen Situationen.<\/p>\n<p>Nat\u00fcrlichen Ursprungs sind neben organischen Stoffen und Fulvos\u00e4uren auch essenzielle Elemente wie N, P und K, Mikron\u00e4hrstoffe sowie nat\u00fcrliche biostimulierende Substanzen wie Betaine und Vitamine, die die mikrobielle Flora des Bodens st\u00e4rken.<\/p>\n","protected":false},"featured_media":27496,"comment_status":"open","ping_status":"closed","template":"","meta":{"_acf_changed":false},"product_brand":[],"product_cat":[333,1282],"product_tag":[],"class_list":{"0":"post-20034","1":"product","2":"type-product","3":"status-publish","4":"has-post-thumbnail","6":"product_cat-dungemittel","7":"product_cat-zimmerpflanzen-und-balkon","9":"first","10":"instock","11":"taxable","12":"shipping-taxable","13":"purchasable","14":"product-type-variable"},"acf":[],"_links":{"self":[{"href":"https:\/\/cultivers.es\/de\/wp-json\/wp\/v2\/product\/20034","targetHints":{"allow":["GET"]}}],"collection":[{"href":"https:\/\/cultivers.es\/de\/wp-json\/wp\/v2\/product"}],"about":[{"href":"https:\/\/cultivers.es\/de\/wp-json\/wp\/v2\/types\/product"}],"replies":[{"embeddable":true,"href":"https:\/\/cultivers.es\/de\/wp-json\/wp\/v2\/comments?post=20034"}],"wp:featuredmedia":[{"embeddable":true,"href":"https:\/\/cultivers.es\/de\/wp-json\/wp\/v2\/media\/27496"}],"wp:attachment":[{"href":"https:\/\/cultivers.es\/de\/wp-json\/wp\/v2\/media?parent=20034"}],"wp:term":[{"taxonomy":"product_brand","embeddable":true,"href":"https:\/\/cultivers.es\/de\/wp-json\/wp\/v2\/product_brand?post=20034"},{"taxonomy":"product_cat","embeddable":true,"href":"https:\/\/cultivers.es\/de\/wp-json\/wp\/v2\/product_cat?post=20034"},{"taxonomy":"product_tag","embeddable":true,"href":"https:\/\/cultivers.es\/de\/wp-json\/wp\/v2\/product_tag?post=20034"}],"curies":[{"name":"wp","href":"https:\/\/api.w.org\/{rel}","templated":true}]}}