{"id":20035,"date":"2022-07-18T10:55:45","date_gmt":"2022-07-18T10:55:45","guid":{"rendered":"https:\/\/cultivers.es\/abonos\/gruenpflanzenduenger\/"},"modified":"2025-09-22T05:22:56","modified_gmt":"2025-09-22T05:22:56","slug":"dungemittel-grunpflanzen","status":"publish","type":"product","link":"https:\/\/cultivers.es\/de\/d\u00fcngemittel\/dungemittel-grunpflanzen\/","title":{"rendered":"Gr\u00fcnpflanzend\u00fcnger"},"content":{"rendered":"<p>Organic Green Plant Fertilizer besteht aus organischen Stoffen ausgew\u00e4hlter Pflanzen, die die Rhizosph\u00e4re verbessern, Wasser zur\u00fcckhalten und den Boden mit Sauerstoff versorgen. Au\u00dferdem regt es aufgrund seines Aminos\u00e4uregehalts die Entwicklung neuer gr\u00fcner Bl\u00e4tter an, selbst in ung\u00fcnstigen Situationen. Dank seines nat\u00fcrlichen Ursprungs liefert er neben organischen Stoffen und Fulvos\u00e4uren auch essenzielle Elemente wie N, P und K, Mikron\u00e4hrstoffe sowie nat\u00fcrliche biostimulierende Substanzen wie Betaine und Vitamine und f\u00f6rdert so die mikrobielle Flora des Bodens.<\/p>\n","protected":false},"excerpt":{"rendered":"<ul>\n<li>Organic Green Plant Fertilizer wird aus organischen Stoffen hergestellt, die aus ausgew\u00e4hlten Gem\u00fcsesorten gewonnen werden.<\/li>\n<li>Verbessert die Rhizosph\u00e4re, speichert Wasser und versorgt den Boden mit Sauerstoff.<\/li>\n<li>Au\u00dferdem regt es aufgrund seines Aminos\u00e4uregehalts die Entwicklung neuer gr\u00fcner Bl\u00e4tter an, selbst in ung\u00fcnstigen Situationen.<\/li>\n<li>Dank seines nat\u00fcrlichen Ursprungs liefert er neben organischen Stoffen und Fulvos\u00e4uren auch unverzichtbare Elemente wie N, P und K sowie Mikron\u00e4hrstoffe<\/li>\n<li>Au\u00dferdem liefert es nat\u00fcrliche Biostimulanzien wie Betaine und Vitamine, die zusammen die mikrobielle Flora des Bodens verbessern.<\/li>\n<\/ul>\n","protected":false},"featured_media":27459,"comment_status":"open","ping_status":"closed","template":"","meta":{"_acf_changed":false},"product_brand":[],"product_cat":[1282],"product_tag":[],"class_list":{"0":"post-20035","1":"product","2":"type-product","3":"status-publish","4":"has-post-thumbnail","6":"product_cat-zimmerpflanzen-und-balkon","8":"first","9":"instock","10":"taxable","11":"shipping-taxable","12":"purchasable","13":"product-type-variable"},"acf":[],"_links":{"self":[{"href":"https:\/\/cultivers.es\/de\/wp-json\/wp\/v2\/product\/20035","targetHints":{"allow":["GET"]}}],"collection":[{"href":"https:\/\/cultivers.es\/de\/wp-json\/wp\/v2\/product"}],"about":[{"href":"https:\/\/cultivers.es\/de\/wp-json\/wp\/v2\/types\/product"}],"replies":[{"embeddable":true,"href":"https:\/\/cultivers.es\/de\/wp-json\/wp\/v2\/comments?post=20035"}],"wp:featuredmedia":[{"embeddable":true,"href":"https:\/\/cultivers.es\/de\/wp-json\/wp\/v2\/media\/27459"}],"wp:attachment":[{"href":"https:\/\/cultivers.es\/de\/wp-json\/wp\/v2\/media?parent=20035"}],"wp:term":[{"taxonomy":"product_brand","embeddable":true,"href":"https:\/\/cultivers.es\/de\/wp-json\/wp\/v2\/product_brand?post=20035"},{"taxonomy":"product_cat","embeddable":true,"href":"https:\/\/cultivers.es\/de\/wp-json\/wp\/v2\/product_cat?post=20035"},{"taxonomy":"product_tag","embeddable":true,"href":"https:\/\/cultivers.es\/de\/wp-json\/wp\/v2\/product_tag?post=20035"}],"curies":[{"name":"wp","href":"https:\/\/api.w.org\/{rel}","templated":true}]}}