{"id":20036,"date":"2022-07-13T12:02:22","date_gmt":"2022-07-13T12:02:22","guid":{"rendered":"https:\/\/cultivers.es\/abonos\/chitosan\/"},"modified":"2026-03-19T07:05:14","modified_gmt":"2026-03-19T07:05:14","slug":"chitosan","status":"publish","type":"product","link":"https:\/\/cultivers.es\/de\/d\u00fcngemittel\/chitosan\/","title":{"rendered":"Chitosan"},"content":{"rendered":"<p>Chitosan sch\u00fctzt Nutzpflanzen vor dem Befall durch Krankheitserreger und Sch\u00e4dlinge, verbessert die Pflanzenqualit\u00e4t und erh\u00e4lt die Ertragsstabilit\u00e4t w\u00e4hrend der Lagerung nach der Ernte.<\/p>\n<p>Ausl\u00f6ser, der die Selbstverteidigung der Pflanzen aktiviert. Verringert die Stomata\u00f6ffnungen, um den Angriff von Krankheitserregern zu verhindern.<\/p>\n<p>Aktivator der pflanzlichen Abwehrmechanismen. Er verursacht falschen Stress in der Pflanze, indem er das Vorhandensein des Produkts mit der N\u00e4he eines Krankheitserregers verwechselt, der bereit ist, sie anzugreifen. Er l\u00f6st den Selbstverteidigungsmechanismus der Pflanze aus.<\/p>\n<p>Wichtiges Element der Verteidigung, da es den Eintritt von Kalzium in die Zelle erm\u00f6glicht. Aufrechterhaltung der Prallheit und Festigkeit der Fr\u00fcchte nach der Ernte.<\/p>\n<p>Aktiviert die Bildung von physikalischen Barrieren, aktiviert die Bildung von Sekund\u00e4rwurzeln und Wurzelhaaren bei erwachsenen Pflanzen, aktiviert die Adsorption von Mikron\u00e4hrstoffen.<\/p>\n<p>Es kann als Saatgutbeschichtung, zur Konservierung w\u00e4hrend der Lagerung und bei der Freisetzung von D\u00fcngemitteln verwendet werden.<\/p>\n","protected":false},"excerpt":{"rendered":"<p>Vorbeugend und heilend. <span class=\"original-content\">Elicitor<\/span>, Ausl\u00f6ser der Resistenz gegen Pilze und Bakterien durch Stimulierung der nat\u00fcrlichen Abwehrmechanismen der Pflanze.<\/p>\n<div class=\"error-span misspelling tooltipstered\" data-errorword=\"Elicitor\">Es wird aus nat\u00fcrlich vorkommendem Chitin gewonnen, wobei die Exoskelette von Meereskrebstieren als Rohmaterial dienen. Kulturen: Obst, Gem\u00fcse, Gras, Hanf und Saatgut.<\/div>\n<div data-errorword=\"Elicitor\"><\/div>\n<div class=\"error-span misspelling tooltipstered\" data-errorword=\"Elicitor\">Stimuliert Wachstum, Wurzelproduktion, N\u00e4hrstoffaufnahme und Bl\u00fcte.<\/div>\n<div data-errorword=\"Elicitor\"><\/div>\n<div class=\"error-span misspelling tooltipstered\" data-errorword=\"Elicitor\">Dosierung: 5 ml\/l. Anwendung von der Entwicklung des ersten Blattes bis zur Entwicklung der Frucht. Saatgut: Vor der Aussaat durch Tauchen oder Spr\u00fchen in die Saatgutbehandlung einbringen.<\/div>\n","protected":false},"featured_media":54215,"comment_status":"open","ping_status":"closed","template":"","meta":{"_acf_changed":false},"product_brand":[],"product_cat":[586,477,336,598,480,537,358,479,592,589,525,536,334,597,359,590,599,524],"product_tag":[],"woo-feed-brand":[],"class_list":{"0":"post-20036","1":"product","2":"type-product","3":"status-publish","4":"has-post-thumbnail","6":"product_cat-bioprotektoren","7":"product_cat-biostimulanzien","8":"product_cat-bonsai-de","9":"product_cat-geranien","10":"product_cat-grundlegende-stoffe","11":"product_cat-hortensien","12":"product_cat-koniferen-und-hecken","13":"product_cat-kulturpflanzen-und-pflanzenschutz","14":"product_cat-obstbaume","15":"product_cat-obstgarten","16":"product_cat-olivenbaum","17":"product_cat-orchideen","18":"product_cat-rasen","19":"product_cat-rosenstraucher","20":"product_cat-tomaten","21":"product_cat-tropisch","22":"product_cat-zierpflanzen","23":"product_cat-zitrusfruchte","25":"first","26":"instock","27":"taxable","28":"shipping-taxable","29":"purchasable","30":"product-type-variable"},"acf":[],"_links":{"self":[{"href":"https:\/\/cultivers.es\/de\/wp-json\/wp\/v2\/product\/20036","targetHints":{"allow":["GET"]}}],"collection":[{"href":"https:\/\/cultivers.es\/de\/wp-json\/wp\/v2\/product"}],"about":[{"href":"https:\/\/cultivers.es\/de\/wp-json\/wp\/v2\/types\/product"}],"replies":[{"embeddable":true,"href":"https:\/\/cultivers.es\/de\/wp-json\/wp\/v2\/comments?post=20036"}],"wp:featuredmedia":[{"embeddable":true,"href":"https:\/\/cultivers.es\/de\/wp-json\/wp\/v2\/media\/54215"}],"wp:attachment":[{"href":"https:\/\/cultivers.es\/de\/wp-json\/wp\/v2\/media?parent=20036"}],"wp:term":[{"taxonomy":"product_brand","embeddable":true,"href":"https:\/\/cultivers.es\/de\/wp-json\/wp\/v2\/product_brand?post=20036"},{"taxonomy":"product_cat","embeddable":true,"href":"https:\/\/cultivers.es\/de\/wp-json\/wp\/v2\/product_cat?post=20036"},{"taxonomy":"product_tag","embeddable":true,"href":"https:\/\/cultivers.es\/de\/wp-json\/wp\/v2\/product_tag?post=20036"},{"taxonomy":"woo-feed-brand","embeddable":true,"href":"https:\/\/cultivers.es\/de\/wp-json\/wp\/v2\/woo-feed-brand?post=20036"}],"curies":[{"name":"wp","href":"https:\/\/api.w.org\/{rel}","templated":true}]}}