{"id":20037,"date":"2022-10-07T07:08:06","date_gmt":"2022-10-07T07:08:06","guid":{"rendered":"https:\/\/cultivers.es\/abonos\/bio-petit-gris-de-rennes-melonensamen\/"},"modified":"2025-09-22T04:41:55","modified_gmt":"2025-09-22T04:41:55","slug":"melone-petit-petit-gris-de-rennes-ecologicas-samen","status":"publish","type":"product","link":"https:\/\/cultivers.es\/de\/d\u00fcngemittel\/melone-petit-petit-gris-de-rennes-ecologicas-samen\/","title":{"rendered":"Petit gris de Rennes Biologisch-dynamische Demeter-Melonen-Samen"},"content":{"rendered":"","protected":false},"excerpt":{"rendered":"<p>Die <strong>Petit gris de Rennes Melone<\/strong> ist eine traditionelle franz\u00f6sische Sorte, die f\u00fcr ihre runde Form, ihre geringe Gr\u00f6\u00dfe und ihre leicht gestreifte dunkelgr\u00fcne Schale gesch\u00e4tzt wird. Ihr orangefarbenes Fruchtfleisch zeichnet sich durch seine intensive S\u00fc\u00dfe, Saftigkeit und sein exquisites Aroma aus und macht sie zu einem echten Sommergenuss. Ideal f\u00fcr den Frischverzehr, in Obstsalaten oder leichten Desserts, bringt diese Melone einen authentischen und erfrischenden Geschmack auf jeden Tisch.  <\/p>\n<p><strong>Kleine und aromatische Fr\u00fcchte:<\/strong> Sie produziert kompakte Melonen mit dunkelgr\u00fcner Schale und orangefarbenem, saftigem und s\u00fc\u00dfem Fruchtfleisch.<\/p>\n<p><strong>S\u00fc\u00dfer und intensiver Geschmack:<\/strong> Seine ausgewogene S\u00fc\u00dfe mit aromatischen Nuancen macht ihn zu einer perfekten Wahl, um ihn allein oder als Teil von Sommerrezepten zu genie\u00dfen.<\/p>\n<p><strong>Zarte und saftige Textur:<\/strong> Das feste, aber weiche Fruchtfleisch schmilzt leicht und bietet bei jedem Bissen ein erfrischendes Gef\u00fchl.<\/p>\n<p><strong>Reich an N\u00e4hrstoffen:<\/strong> Als Quelle der Vitamine A und C, Antioxidantien und Mineralien tr\u00e4gt diese Melone zu einer ausgewogenen Ern\u00e4hrung bei.<\/p>\n<p><strong>Einfacher Anbau:<\/strong> Die robuste und produktive Pflanze passt sich gut an unterschiedliche Boden- und Klimabedingungen an und ist sowohl f\u00fcr Anf\u00e4nger als auch f\u00fcr erfahrene Z\u00fcchter geeignet.<\/p>\n<p><strong>Demeter-Zertifizierung:<\/strong> Dieses Saatgut, das nach den Prinzipien der biodynamischen Landwirtschaft angebaut wird, garantiert eine nachhaltige Methode, die die nat\u00fcrlichen Kreisl\u00e4ufe des Bodens respektiert.<\/p>\n<p><strong>Biologischer Anbau:<\/strong> Unser Saatgut ist zu 100% biologisch, frei von Pestiziden und chemischen D\u00fcngemitteln und sorgt f\u00fcr einen nachhaltigen und gesunden Garten.<\/p>\n<p>Genie\u00dfen Sie den Geschmack, die S\u00fc\u00dfe und die Qualit\u00e4t der <strong>Demeter Bio Petit gris de Rennes Melone<\/strong> direkt aus Ihrem Garten und entdecken Sie eine traditionelle Sorte, die Ihren Gaumen erobern wird.<\/p>\n","protected":false},"featured_media":15375,"comment_status":"open","ping_status":"closed","template":"","meta":{"_acf_changed":false},"product_brand":[],"product_cat":[438,419,1304],"product_tag":[1384],"class_list":{"0":"post-20037","1":"product","2":"type-product","3":"status-publish","4":"has-post-thumbnail","6":"product_cat-bio-obst-und-gemusesaatgut","7":"product_cat-bio-saatgut","8":"product_cat-demeter-samen","9":"product_tag-demeter-de","11":"first","12":"instock","13":"taxable","14":"shipping-taxable","15":"purchasable","16":"product-type-variable"},"acf":[],"_links":{"self":[{"href":"https:\/\/cultivers.es\/de\/wp-json\/wp\/v2\/product\/20037","targetHints":{"allow":["GET"]}}],"collection":[{"href":"https:\/\/cultivers.es\/de\/wp-json\/wp\/v2\/product"}],"about":[{"href":"https:\/\/cultivers.es\/de\/wp-json\/wp\/v2\/types\/product"}],"replies":[{"embeddable":true,"href":"https:\/\/cultivers.es\/de\/wp-json\/wp\/v2\/comments?post=20037"}],"wp:featuredmedia":[{"embeddable":true,"href":"https:\/\/cultivers.es\/de\/wp-json\/wp\/v2\/media\/15375"}],"wp:attachment":[{"href":"https:\/\/cultivers.es\/de\/wp-json\/wp\/v2\/media?parent=20037"}],"wp:term":[{"taxonomy":"product_brand","embeddable":true,"href":"https:\/\/cultivers.es\/de\/wp-json\/wp\/v2\/product_brand?post=20037"},{"taxonomy":"product_cat","embeddable":true,"href":"https:\/\/cultivers.es\/de\/wp-json\/wp\/v2\/product_cat?post=20037"},{"taxonomy":"product_tag","embeddable":true,"href":"https:\/\/cultivers.es\/de\/wp-json\/wp\/v2\/product_tag?post=20037"}],"curies":[{"name":"wp","href":"https:\/\/api.w.org\/{rel}","templated":true}]}}