{"id":20132,"date":"2022-04-09T03:50:52","date_gmt":"2022-04-09T03:50:52","guid":{"rendered":"https:\/\/cultivers.es\/abonos\/nfixer\/"},"modified":"2025-09-22T05:32:38","modified_gmt":"2025-09-22T05:32:38","slug":"nfixer","status":"publish","type":"product","link":"https:\/\/cultivers.es\/de\/d\u00fcngemittel\/nfixer\/","title":{"rendered":"Nfixer"},"content":{"rendered":"","protected":false},"excerpt":{"rendered":"<p>Bio-D\u00fcnger f\u00fcr die Regeneration des Bodens und Biostimulans f\u00fcr das Pflanzenwachstum, formuliert mit Bodenmikroorganismen (nitrifizierend, phosphorbildend, proteolytisch und zellulolytisch).<br \/>\nBiologischer (symbiotischer und nicht-symbiotischer) Fixierer von molekularem Stickstoff, der ihn in pflanzenassimilierbaren Stickstoff umwandelt. Im Allgemeinen beg\u00fcnstigt es die Aufnahme von N\u00e4hrstoffen durch die Pflanze.<br \/>\nAufgrund seiner Zusammensetzung ist es in der Lage, die Bildung eines \u00fcppigen Wurzelsystems zu stimulieren und das vegetative Wachstum der Pflanze direkt zu beeinflussen.<br \/>\nEin nat\u00fcrliches, ungiftiges biologisches Produkt, dessen Verwendung kein Risiko f\u00fcr die Gesundheit und die Umwelt darstellt.<\/p>\n","protected":false},"featured_media":29196,"comment_status":"open","ping_status":"closed","template":"","meta":{"_acf_changed":false},"product_brand":[],"product_cat":[364],"product_tag":[],"woo-feed-brand":[],"class_list":{"0":"post-20132","1":"product","2":"type-product","3":"status-publish","4":"has-post-thumbnail","6":"product_cat-professioneller-okologischer-gartenbau","8":"first","9":"instock","10":"taxable","11":"shipping-taxable","12":"purchasable","13":"product-type-variable"},"acf":[],"_links":{"self":[{"href":"https:\/\/cultivers.es\/de\/wp-json\/wp\/v2\/product\/20132","targetHints":{"allow":["GET"]}}],"collection":[{"href":"https:\/\/cultivers.es\/de\/wp-json\/wp\/v2\/product"}],"about":[{"href":"https:\/\/cultivers.es\/de\/wp-json\/wp\/v2\/types\/product"}],"replies":[{"embeddable":true,"href":"https:\/\/cultivers.es\/de\/wp-json\/wp\/v2\/comments?post=20132"}],"wp:featuredmedia":[{"embeddable":true,"href":"https:\/\/cultivers.es\/de\/wp-json\/wp\/v2\/media\/29196"}],"wp:attachment":[{"href":"https:\/\/cultivers.es\/de\/wp-json\/wp\/v2\/media?parent=20132"}],"wp:term":[{"taxonomy":"product_brand","embeddable":true,"href":"https:\/\/cultivers.es\/de\/wp-json\/wp\/v2\/product_brand?post=20132"},{"taxonomy":"product_cat","embeddable":true,"href":"https:\/\/cultivers.es\/de\/wp-json\/wp\/v2\/product_cat?post=20132"},{"taxonomy":"product_tag","embeddable":true,"href":"https:\/\/cultivers.es\/de\/wp-json\/wp\/v2\/product_tag?post=20132"},{"taxonomy":"woo-feed-brand","embeddable":true,"href":"https:\/\/cultivers.es\/de\/wp-json\/wp\/v2\/woo-feed-brand?post=20132"}],"curies":[{"name":"wp","href":"https:\/\/api.w.org\/{rel}","templated":true}]}}