{"id":20173,"date":"2022-05-30T12:22:09","date_gmt":"2022-05-30T12:22:09","guid":{"rendered":"https:\/\/cultivers.es\/abonos\/biokohle-aktivator\/"},"modified":"2025-09-22T04:37:38","modified_gmt":"2025-09-22T04:37:38","slug":"aktivator-biokohle","status":"publish","type":"product","link":"https:\/\/cultivers.es\/de\/d\u00fcngemittel\/aktivator-biokohle\/","title":{"rendered":"Biokohle-Aktivator"},"content":{"rendered":"<p>CULTIVERS Biochar Activator wurde speziell entwickelt, um den Prozess der Biokohleherstellung zu vervollst\u00e4ndigen. Durch die Zugabe des Aktivators zur Biokohle verst\u00e4rken wir deren Wirkung, und Ihr Boden beginnt sich richtig zu heilen. Eine gut aktivierte Biokohle wird Ihren Boden regenerieren und die bekannte PRETTY EARTH schaffen. Sie schaffen einen fruchtbaren und gesunden Boden f\u00fcr ein optimales Wachstum Ihrer Pflanzen, ob im Gem\u00fcsegarten, im st\u00e4dtischen Garten, in B\u00e4umen oder T\u00f6pfen&#8230; Ihre Pflanzen werden es Ihnen danken. Regeneriert, f\u00f6rdert die Bodenfruchtbarkeit. Verbessert die Durchl\u00fcftung und die Pflanzenproduktion. Struktur und Textur verbessernd. pH-Regulator f\u00fcr sehr saure B\u00f6den, verbessert deren physikalische und chemische Eigenschaften und hat die F\u00e4higkeit, pl\u00f6tzliche Temperaturschwankungen zu d\u00e4mpfen. Verwendung und Vorteile: T\u00f6pfe (kr\u00e4ftigere Pflanzen und bessere Bl\u00fctenbildung) | Rasen (gr\u00fcner mit weniger Wasser). | Gartenbau (mehr Produktion, weniger Krankheiten). | B\u00e4ume (Verbessert die Krankheitsresistenz und f\u00f6rdert das Wachstum der B\u00e4ume). | Kompost (beschleunigt den Kompostierungsprozess, erh\u00f6ht die N\u00e4hrstoffe und Mikroorganismen). Die N\u00e4hrstoffe bleiben l\u00e4nger erhalten und f\u00f6rdern das Wachstum Ihrer Pflanzen. Verbessert das Wasserr\u00fcckhalteverm\u00f6gen von B\u00f6den. Hohes Wasserr\u00fcckhalteverm\u00f6gen, das die Bew\u00e4sserung der Wurzeln verbessert und die Aufnahme und Speicherung von N\u00e4hrstoffen erm\u00f6glicht, da es Auswaschungsverluste reduziert. Aktiviert die nat\u00fcrlichen Abwehrkr\u00e4fte der Pflanzen durch Verbesserung des Immunsystems. Ges\u00fcndere Pflanzen und B\u00e4ume. Sie tr\u00e4gt zur Bindung von Kohlenstoff in der Atmosph\u00e4re bei, da sie mehr als das Dreifache ihres Gewichts an CO2 speichert. Verringerung der Treibhausgasemissionen.<\/p>\n","protected":false},"excerpt":{"rendered":"<p>Mit Biochar-Kohle mischen. Von Cultivers. Verst\u00e4rkung der Wirkung von Biokohle.<\/p>\n<p>Regeneriert, f\u00f6rdert die Bodenfruchtbarkeit. Verbessert die Durchl\u00fcftung und die Pflanzenproduktion. Verbessert die Bodenstruktur und das Bodengef\u00fcge.<\/p>\n<p>pH-Regulator f\u00fcr sehr saure B\u00f6den, verbessert deren physikalische und chemische Eigenschaften und hat die F\u00e4higkeit, pl\u00f6tzliche Temperaturschwankungen zu d\u00e4mpfen.<\/p>\n<p>Verbessert das Wasserr\u00fcckhalteverm\u00f6gen von B\u00f6den. Hohes Wasserr\u00fcckhalteverm\u00f6gen, das die Bew\u00e4sserung der Wurzeln verbessert und die Aufnahme und Speicherung von N\u00e4hrstoffen erm\u00f6glicht, da es Auswaschungsverluste reduziert.<\/p>\n<p>Verwendung und Vorteile: T\u00f6pfe (kr\u00e4ftigere Pflanzen und bessere Bl\u00fctenbildung) | Rasen (gr\u00fcner mit weniger Wasser). | Gartenbau (mehr Produktion, weniger Krankheiten). | B\u00e4ume (Verbessert die Krankheitsresistenz und f\u00f6rdert das Wachstum der B\u00e4ume). | Kompost (beschleunigt den Kompostierungsprozess, erh\u00f6ht die N\u00e4hrstoffe und Mikroorganismen). Die N\u00e4hrstoffe bleiben l\u00e4nger erhalten und f\u00f6rdern das Wachstum Ihrer Pflanzen.<\/p>\n","protected":false},"featured_media":14825,"comment_status":"open","ping_status":"closed","template":"","meta":{"_acf_changed":false},"product_brand":[],"product_cat":[396],"product_tag":[],"woo-feed-brand":[],"class_list":{"0":"post-20173","1":"product","2":"type-product","3":"status-publish","4":"has-post-thumbnail","6":"product_cat-bodenregeneratoren","8":"first","9":"instock","10":"taxable","11":"shipping-taxable","12":"purchasable","13":"product-type-variable"},"acf":[],"_links":{"self":[{"href":"https:\/\/cultivers.es\/de\/wp-json\/wp\/v2\/product\/20173","targetHints":{"allow":["GET"]}}],"collection":[{"href":"https:\/\/cultivers.es\/de\/wp-json\/wp\/v2\/product"}],"about":[{"href":"https:\/\/cultivers.es\/de\/wp-json\/wp\/v2\/types\/product"}],"replies":[{"embeddable":true,"href":"https:\/\/cultivers.es\/de\/wp-json\/wp\/v2\/comments?post=20173"}],"wp:featuredmedia":[{"embeddable":true,"href":"https:\/\/cultivers.es\/de\/wp-json\/wp\/v2\/media\/14825"}],"wp:attachment":[{"href":"https:\/\/cultivers.es\/de\/wp-json\/wp\/v2\/media?parent=20173"}],"wp:term":[{"taxonomy":"product_brand","embeddable":true,"href":"https:\/\/cultivers.es\/de\/wp-json\/wp\/v2\/product_brand?post=20173"},{"taxonomy":"product_cat","embeddable":true,"href":"https:\/\/cultivers.es\/de\/wp-json\/wp\/v2\/product_cat?post=20173"},{"taxonomy":"product_tag","embeddable":true,"href":"https:\/\/cultivers.es\/de\/wp-json\/wp\/v2\/product_tag?post=20173"},{"taxonomy":"woo-feed-brand","embeddable":true,"href":"https:\/\/cultivers.es\/de\/wp-json\/wp\/v2\/woo-feed-brand?post=20173"}],"curies":[{"name":"wp","href":"https:\/\/api.w.org\/{rel}","templated":true}]}}