{"id":20190,"date":"2022-05-18T18:09:08","date_gmt":"2022-05-18T18:09:08","guid":{"rendered":"https:\/\/cultivers.es\/abonos\/biokohle-holzkohle\/"},"modified":"2025-09-22T05:05:17","modified_gmt":"2025-09-22T05:05:17","slug":"biokohle","status":"publish","type":"product","link":"https:\/\/cultivers.es\/de\/d\u00fcngemittel\/biokohle\/","title":{"rendered":"Biokohle Holzkohle"},"content":{"rendered":"<div id=\"productDescription_feature_div\" class=\"celwidget\" data-feature-name=\"productDescription\" data-csa-c-id=\"ezhmd6-cdq9ug-lytc4t-o24nf9\" data-cel-widget=\"productDescription_feature_div\">\n<div id=\"productDescription_feature_div\" class=\"a-row feature\" data-feature-name=\"productDescription\" data-template-name=\"productDescription\" data-cel-widget=\"productDescription_feature_div\">\n<div id=\"productDescription\" class=\"a-section a-spacing-small\">\n<p>5L = 1kg<br \/>\n20L = 4kg<\/p>\n<p>T\u00f6pfe: -Umpflanzen: 15 % mit einem Pflanzensubstrat oder am Boden des Topfes. -Zwei Essl\u00f6ffel in den Topf geben. Gartenbaukulturen: 0,5 l\/m2 einr\u00fchren B\u00e4ume und Obstb\u00e4ume: 3 bis 5 l in den Boden des Pflanzlochs geben, abdecken und reichlich gie\u00dfen. Rasen: 0,5 l\/m2 und reichlich gie\u00dfen. Kompostieren: D\u00fcnne Schichten \u00fcber die organischen Reste ausbringen. Es wird empfohlen, einen Aktivator oder Wurmhumus beizumischen.<\/p>\n<\/div>\n<\/div>\n<\/div>\n<div id=\"importantInformation_feature_div\" class=\"celwidget\" data-feature-name=\"importantInformation\" data-csa-c-id=\"axi35v-jtisgk-4nbqoz-1n98yu\" data-cel-widget=\"importantInformation_feature_div\"><\/div>\n<div id=\"postPurchaseWhatsInTheBox_feature_div\" class=\"celwidget\" data-feature-name=\"postPurchaseWhatsInTheBox\" data-csa-c-id=\"xto9uh-h4nybg-km2bdp-vij110\" data-cel-widget=\"postPurchaseWhatsInTheBox_feature_div\"><\/div>\n<div id=\"ask-dp-search_feature_div\" class=\"celwidget\" data-feature-name=\"ask-dp-search\" data-csa-c-id=\"pah4u9-uo94l3-tjd60x-4jcn9y\" data-cel-widget=\"ask-dp-search_feature_div\">\n<div id=\"ask-dp-search_feature_div\">\n<div id=\"ask-dp-search_feature_div\"><\/div>\n<\/div>\n<\/div>\n<div id=\"aplusBrandStory_feature_div\" class=\"celwidget\" data-feature-name=\"aplusBrandStory\" data-csa-c-id=\"1kyvpe-okkfhg-1cdqvg-g07ruz\" data-cel-widget=\"aplusBrandStory_feature_div\"><\/div>\n<div id=\"aplus_feature_div\" class=\"celwidget\" data-feature-name=\"aplus\" data-csa-c-id=\"c2arzf-c38nle-mnz4is-uhrnbm\" data-cel-widget=\"aplus_feature_div\"><\/div>\n<div id=\"aplus3p_feature_div\" class=\"celwidget\" data-feature-name=\"aplus3p\" data-csa-c-id=\"2vabn1-7u2m7q-o3uqny-9ocv68\" data-cel-widget=\"aplus3p_feature_div\"><\/div>\n<div id=\"aplusSustainabilityStory_feature_div\" class=\"celwidget\" data-feature-name=\"aplusSustainabilityStory\" data-csa-c-id=\"w96eio-r83m23-bz781z-cbwlos\" data-cel-widget=\"aplusSustainabilityStory_feature_div\"><\/div>\n<div id=\"similarities_feature_div\" class=\"celwidget\" data-feature-name=\"similarities\" data-csa-c-id=\"26y137-q2wmb2-ee5plh-v0uqyt\" data-cel-widget=\"similarities_feature_div\">\n<div id=\"sims-consolidated-4_feature_div\">\n<div id=\"sims-consolidated-4_feature_div\">\n<div class=\"celwidget\" data-csa-c-id=\"o9bzme-fq8bgh-gjy2c6-unszs4\" data-cel-widget=\"sims-consolidated-4_csm_instrumentation_wrapper\">\n<div id=\"DPSims_3_container\">\n<div class=\"widget-html-container\">\n<div class=\"celwidget pd_rd_w-c8wsg pf_rd_p-267a9283-8a0a-4df3-ae99-40c15c0bdc9b pf_rd_r-KQ2GNF4EZZSPFNJWDNP3 pd_rd_r-329a87f6-0630-4f6a-955e-cb2c3c052e72 pd_rd_wg-xdm5R c-f\" data-csa-c-content-id=\"amzn1.sym.267a9283-8a0a-4df3-ae99-40c15c0bdc9b\" data-csa-c-slot-id=\"sims-container-4\" data-csa-c-type=\"widget\" data-csa-c-painter=\"p13n-desktop-carousel-cards\" data-csa-c-id=\"gk19c2-fhw6t2-lz29vf-dpxaxh\" data-cel-widget=\"p13n-desktop-carousel_DPSims_3\"><\/div>\n<\/div>\n<\/div>\n<\/div>\n<\/div>\n<\/div>\n<\/div>\n","protected":false},"excerpt":{"rendered":"<div id=\"featurebullets_feature_div\" class=\"celwidget\" data-feature-name=\"featurebullets\" data-csa-c-id=\"tzkycp-t13hee-jwh7qz-h60kwq\" data-cel-widget=\"featurebullets_feature_div\">\n<div id=\"feature-bullets\" class=\"a-section a-spacing-medium a-spacing-top-small\">\n<ul class=\"a-unordered-list a-vertical a-spacing-mini\">\n<li><span class=\"a-list-item\">Regeneriert, f\u00f6rdert die Bodenfruchtbarkeit. Verbessert die Durchl\u00fcftung und die Pflanzenproduktion. Struktur und Textur verbessernd. pH-Regulator f\u00fcr sehr saure B\u00f6den, verbessert deren physikalische und chemische Eigenschaften und hat die F\u00e4higkeit, pl\u00f6tzliche Temperaturschwankungen zu d\u00e4mpfen.<\/span><\/li>\n<li><span class=\"a-list-item\">Verwendung und Vorteile: T\u00f6pfe (kr\u00e4ftigere Pflanzen und bessere Bl\u00fctenbildung) | Rasen (gr\u00fcner mit weniger Wasser). | Gartenbau (mehr Produktion, weniger Krankheiten). | B\u00e4ume (Verbessert die Krankheitsresistenz und f\u00f6rdert das Wachstum der B\u00e4ume). | Kompost (beschleunigt den Kompostierungsprozess, erh\u00f6ht N\u00e4hrstoffe und Mikroorganismen)<\/span><\/li>\n<li><span class=\"a-list-item\">H\u00e4lt die N\u00e4hrstoffe l\u00e4nger fest und f\u00f6rdert so das Wachstum Ihrer Pflanzen. Verbessert das Wasserr\u00fcckhalteverm\u00f6gen von B\u00f6den. Biokohle hat ein hohes Wasserr\u00fcckhalteverm\u00f6gen, was die Bew\u00e4sserung der Wurzeln verbessert und die Aufnahme und Speicherung von N\u00e4hrstoffen erm\u00f6glicht, da sie die Auswaschungsverluste verringert.<\/span><\/li>\n<li><span class=\"a-list-item\">Aktiviert die nat\u00fcrlichen Abwehrkr\u00e4fte der Pflanzen durch Verbesserung des Immunsystems. Ges\u00fcndere Pflanzen und B\u00e4ume.<\/span><\/li>\n<li><span class=\"a-list-item\">Biokohle tr\u00e4gt zur Kohlenstoffbindung in der Atmosph\u00e4re bei, da sie mehr als das Dreifache ihres Gewichts an CO\u2082 speichert, so dass f\u00fcr jedes Kilo Biokohle mehr als 3 Kilo CO\u2082 gebunden werden. Verringerung der Treibhausgasemissionen.<\/span><\/li>\n<\/ul>\n<\/div>\n<\/div>\n<div id=\"provenanceCertifications_feature_div\" class=\"celwidget\" data-feature-name=\"provenanceCertifications\" data-csa-c-id=\"q6a46x-azrfqv-lcib9z-d00a5w\" data-cel-widget=\"provenanceCertifications_feature_div\"><\/div>\n<div id=\"bissProductSpecification_feature_div\" class=\"celwidget\" data-feature-name=\"bissProductSpecification\" data-csa-c-id=\"nudoqz-yervrd-btspom-jqqjaa\" data-cel-widget=\"bissProductSpecification_feature_div\"><\/div>\n","protected":false},"featured_media":14810,"comment_status":"open","ping_status":"closed","template":"","meta":{"_acf_changed":false},"product_brand":[],"product_cat":[396,589,334,359,600],"product_tag":[],"class_list":{"0":"post-20190","1":"product","2":"type-product","3":"status-publish","4":"has-post-thumbnail","6":"product_cat-bodenregeneratoren","7":"product_cat-obstgarten","8":"product_cat-rasen","9":"product_cat-tomaten","10":"product_cat-zimmerpflanzen","12":"first","13":"instock","14":"taxable","15":"shipping-taxable","16":"purchasable","17":"product-type-variable"},"acf":[],"_links":{"self":[{"href":"https:\/\/cultivers.es\/de\/wp-json\/wp\/v2\/product\/20190","targetHints":{"allow":["GET"]}}],"collection":[{"href":"https:\/\/cultivers.es\/de\/wp-json\/wp\/v2\/product"}],"about":[{"href":"https:\/\/cultivers.es\/de\/wp-json\/wp\/v2\/types\/product"}],"replies":[{"embeddable":true,"href":"https:\/\/cultivers.es\/de\/wp-json\/wp\/v2\/comments?post=20190"}],"wp:featuredmedia":[{"embeddable":true,"href":"https:\/\/cultivers.es\/de\/wp-json\/wp\/v2\/media\/14810"}],"wp:attachment":[{"href":"https:\/\/cultivers.es\/de\/wp-json\/wp\/v2\/media?parent=20190"}],"wp:term":[{"taxonomy":"product_brand","embeddable":true,"href":"https:\/\/cultivers.es\/de\/wp-json\/wp\/v2\/product_brand?post=20190"},{"taxonomy":"product_cat","embeddable":true,"href":"https:\/\/cultivers.es\/de\/wp-json\/wp\/v2\/product_cat?post=20190"},{"taxonomy":"product_tag","embeddable":true,"href":"https:\/\/cultivers.es\/de\/wp-json\/wp\/v2\/product_tag?post=20190"}],"curies":[{"name":"wp","href":"https:\/\/api.w.org\/{rel}","templated":true}]}}