{"id":20197,"date":"2022-04-08T08:54:30","date_gmt":"2022-04-08T08:54:30","guid":{"rendered":"https:\/\/cultivers.es\/abonos\/acawe\/"},"modified":"2025-09-22T05:32:14","modified_gmt":"2025-09-22T05:32:14","slug":"acawe","status":"publish","type":"product","link":"https:\/\/cultivers.es\/de\/d\u00fcngemittel\/acawe\/","title":{"rendered":"Acawe"},"content":{"rendered":"<p class=\"fusion-responsive-typography-calculated\" data-fontsize=\"16\" data-lineheight=\"30.08px\">Eine Formulierung von Aminos\u00e4uren aus der Hydrolyse von Pflanzenprodukten, die die Gesundheit der behandelten Pflanzen verbessert.<\/p>\n<p>Es erleichtert die Entwicklung der Pflanzen und erh\u00f6ht die Produktivit\u00e4t auch unter ung\u00fcnstigen Bedingungen.<\/p>\n<p>Seine rasche Assimilation und Translokation erspart der Pflanze Energie f\u00fcr die Proteinsynthese und erm\u00f6glicht es ihr, physiologische Funktionen im Zusammenhang mit dem Austrieb, der Bl\u00fcte und der Fruchtbildung zu aktivieren, was die Produktivit\u00e4t erh\u00f6ht.<\/p>\n<p>Es hat ein perfekt ausgewogenes Aminogramm mit positiven Auswirkungen auf die Photosynthese, die Best\u00e4ubung und das Chelatbildungsverm\u00f6gen.<\/p>\n","protected":false},"excerpt":{"rendered":"<p class=\"p1\">Zinkmangel tritt h\u00e4ufig auf, weil der Boden aufgrund eines zu hohen pH-Werts und klimatischer Bedingungen (lang anhaltende Trockenheit oder \u00fcberm\u00e4\u00dfige Regenf\u00e4lle), die die Aufnahme dieser N\u00e4hrstoffe verringern, zu wenig Zink enth\u00e4lt.<\/p>\n<p class=\"p1\">Es behebt den Zinkmangel in den Pflanzen und verringert au\u00dferdem die Oberfl\u00e4chenspannung der Pflanzenschutzl\u00f6sungen, denen es zugesetzt wird, wodurch eine optimale Beschichtung der gesamten Pflanzenoberfl\u00e4che erreicht wird.<\/p>\n<p class=\"p1\">Ideales Produkt f\u00fcr die Anwendung auf Zitrusfr\u00fcchten, kann aber auch auf anderen Kulturen (Gartenbaukulturen, Obstb\u00e4ume, Reben, Setzlinge usw.) angewendet werden.<\/p>\n","protected":false},"featured_media":29208,"comment_status":"open","ping_status":"closed","template":"","meta":{"_acf_changed":false},"product_brand":[],"product_cat":[364],"product_tag":[],"woo-feed-brand":[],"class_list":{"0":"post-20197","1":"product","2":"type-product","3":"status-publish","4":"has-post-thumbnail","6":"product_cat-professioneller-okologischer-gartenbau","8":"first","9":"instock","10":"taxable","11":"shipping-taxable","12":"purchasable","13":"product-type-variable"},"acf":[],"_links":{"self":[{"href":"https:\/\/cultivers.es\/de\/wp-json\/wp\/v2\/product\/20197","targetHints":{"allow":["GET"]}}],"collection":[{"href":"https:\/\/cultivers.es\/de\/wp-json\/wp\/v2\/product"}],"about":[{"href":"https:\/\/cultivers.es\/de\/wp-json\/wp\/v2\/types\/product"}],"replies":[{"embeddable":true,"href":"https:\/\/cultivers.es\/de\/wp-json\/wp\/v2\/comments?post=20197"}],"wp:featuredmedia":[{"embeddable":true,"href":"https:\/\/cultivers.es\/de\/wp-json\/wp\/v2\/media\/29208"}],"wp:attachment":[{"href":"https:\/\/cultivers.es\/de\/wp-json\/wp\/v2\/media?parent=20197"}],"wp:term":[{"taxonomy":"product_brand","embeddable":true,"href":"https:\/\/cultivers.es\/de\/wp-json\/wp\/v2\/product_brand?post=20197"},{"taxonomy":"product_cat","embeddable":true,"href":"https:\/\/cultivers.es\/de\/wp-json\/wp\/v2\/product_cat?post=20197"},{"taxonomy":"product_tag","embeddable":true,"href":"https:\/\/cultivers.es\/de\/wp-json\/wp\/v2\/product_tag?post=20197"},{"taxonomy":"woo-feed-brand","embeddable":true,"href":"https:\/\/cultivers.es\/de\/wp-json\/wp\/v2\/woo-feed-brand?post=20197"}],"curies":[{"name":"wp","href":"https:\/\/api.w.org\/{rel}","templated":true}]}}