{"id":20198,"date":"2022-04-08T08:21:44","date_gmt":"2022-04-08T08:21:44","guid":{"rendered":"https:\/\/cultivers.es\/abonos\/absorption-und-aktivierung\/"},"modified":"2025-09-22T05:31:33","modified_gmt":"2025-09-22T05:31:33","slug":"absorption-und-aktivierung","status":"publish","type":"product","link":"https:\/\/cultivers.es\/de\/d\u00fcngemittel\/absorption-und-aktivierung\/","title":{"rendered":"Absorption und Aktivierung"},"content":{"rendered":"<p>Formuliert mit Mangan, das schnell von den Pflanzengeweben absorbiert und umgesetzt wird, angereichert mit Fermentationsextrakten mit N\u00e4hrstoff- und Ausl\u00f6sereigenschaften.<br \/>\nRizo-Bacter ist besonders geeignet, um Mangelerscheinungen dieser Elemente zu vermeiden oder zu korrigieren, Anomalien in der Blattentwicklung und Gewebestrukturierung vorzubeugen.<br \/>\nBessere Erntequalit\u00e4t. Bessere Nutzung des N\u00e4hrstofftransports \u00fcber das Xylem-Phloem.<br \/>\nNat\u00fcrliches, ungiftiges biologisches Produkt, dessen Verwendung kein Risiko f\u00fcr die Gesundheit und die Umwelt darstellt.<\/p>\n","protected":false},"excerpt":{"rendered":"<p class=\"p1\">Formuliert mit Mangan, das schnell von den Pflanzengeweben aufgenommen und umgesetzt wird, angereichert mit Fermentationsextrakten mit N\u00e4hrstoff- und Ausl\u00f6sereigenschaften.<\/p>\n<p class=\"p1\">Es ist besonders angezeigt, um Mangelerscheinungen dieser Elemente zu vermeiden oder zu korrigieren, um Anomalien in der Blattentwicklung und Gewebestrukturierung zu verhindern.<\/p>\n<p class=\"p1\">Verbesserte Erntequalit\u00e4t. Bessere Nutzung des N\u00e4hrstofftransports zwischen Xylem und Phloem.<\/p>\n<p class=\"p1\">Nat\u00fcrliches, ungiftiges biologisches Produkt, dessen Verwendung keine Gefahr f\u00fcr die Gesundheit und die Umwelt darstellt.<\/p>\n","protected":false},"featured_media":29232,"comment_status":"open","ping_status":"closed","template":"","meta":{"_acf_changed":false},"product_brand":[],"product_cat":[364],"product_tag":[],"woo-feed-brand":[],"class_list":{"0":"post-20198","1":"product","2":"type-product","3":"status-publish","4":"has-post-thumbnail","6":"product_cat-professioneller-okologischer-gartenbau","8":"first","9":"instock","10":"taxable","11":"shipping-taxable","12":"purchasable","13":"product-type-variable"},"acf":[],"_links":{"self":[{"href":"https:\/\/cultivers.es\/de\/wp-json\/wp\/v2\/product\/20198","targetHints":{"allow":["GET"]}}],"collection":[{"href":"https:\/\/cultivers.es\/de\/wp-json\/wp\/v2\/product"}],"about":[{"href":"https:\/\/cultivers.es\/de\/wp-json\/wp\/v2\/types\/product"}],"replies":[{"embeddable":true,"href":"https:\/\/cultivers.es\/de\/wp-json\/wp\/v2\/comments?post=20198"}],"wp:featuredmedia":[{"embeddable":true,"href":"https:\/\/cultivers.es\/de\/wp-json\/wp\/v2\/media\/29232"}],"wp:attachment":[{"href":"https:\/\/cultivers.es\/de\/wp-json\/wp\/v2\/media?parent=20198"}],"wp:term":[{"taxonomy":"product_brand","embeddable":true,"href":"https:\/\/cultivers.es\/de\/wp-json\/wp\/v2\/product_brand?post=20198"},{"taxonomy":"product_cat","embeddable":true,"href":"https:\/\/cultivers.es\/de\/wp-json\/wp\/v2\/product_cat?post=20198"},{"taxonomy":"product_tag","embeddable":true,"href":"https:\/\/cultivers.es\/de\/wp-json\/wp\/v2\/product_tag?post=20198"},{"taxonomy":"woo-feed-brand","embeddable":true,"href":"https:\/\/cultivers.es\/de\/wp-json\/wp\/v2\/woo-feed-brand?post=20198"}],"curies":[{"name":"wp","href":"https:\/\/api.w.org\/{rel}","templated":true}]}}