{"id":20199,"date":"2022-04-08T08:47:13","date_gmt":"2022-04-08T08:47:13","guid":{"rendered":"https:\/\/cultivers.es\/abonos\/orang\/"},"modified":"2026-03-19T07:05:39","modified_gmt":"2026-03-19T07:05:39","slug":"orang","status":"publish","type":"product","link":"https:\/\/cultivers.es\/de\/d\u00fcngemittel\/orang\/","title":{"rendered":"Orang"},"content":{"rendered":"","protected":false},"excerpt":{"rendered":"<p>Fl\u00fcssige Mischung mit komplexierten Mikron\u00e4hrstoffen (Mn und Zn) f\u00fcr die Blattanwendung. Es dient als Erg\u00e4nzung zu phytosanit\u00e4ren Behandlungen.<br \/>\nLeistungsstarkes Coadjuvans, das die Benetzbarkeit, die Abdeckung auf der Pflanze, die Haftung und die Diffusion in der Pflanze verbessert, was zu einer besseren phytosanit\u00e4ren Anwendung f\u00fchrt. Zus\u00e4tzlich zu den oben genannten Vorteilen kann es aufgrund seines \u00d6lgehalts die Pflanzen vor m\u00f6glichen Krankheitserregern sch\u00fctzen.<\/p>\n<p>Verbessert die Effizienz von Pflanzenschutzanwendungen, da die Fl\u00fcssigkeit besser auf die Bl\u00e4tter der Pflanzen aufgetragen wird.<\/p>\n","protected":false},"featured_media":29226,"comment_status":"open","ping_status":"closed","template":"","meta":{"_acf_changed":false},"product_brand":[],"product_cat":[364],"product_tag":[],"woo-feed-brand":[],"class_list":{"0":"post-20199","1":"product","2":"type-product","3":"status-publish","4":"has-post-thumbnail","6":"product_cat-professioneller-okologischer-gartenbau","8":"first","9":"instock","10":"taxable","11":"shipping-taxable","12":"purchasable","13":"product-type-variable"},"acf":[],"_links":{"self":[{"href":"https:\/\/cultivers.es\/de\/wp-json\/wp\/v2\/product\/20199","targetHints":{"allow":["GET"]}}],"collection":[{"href":"https:\/\/cultivers.es\/de\/wp-json\/wp\/v2\/product"}],"about":[{"href":"https:\/\/cultivers.es\/de\/wp-json\/wp\/v2\/types\/product"}],"replies":[{"embeddable":true,"href":"https:\/\/cultivers.es\/de\/wp-json\/wp\/v2\/comments?post=20199"}],"wp:featuredmedia":[{"embeddable":true,"href":"https:\/\/cultivers.es\/de\/wp-json\/wp\/v2\/media\/29226"}],"wp:attachment":[{"href":"https:\/\/cultivers.es\/de\/wp-json\/wp\/v2\/media?parent=20199"}],"wp:term":[{"taxonomy":"product_brand","embeddable":true,"href":"https:\/\/cultivers.es\/de\/wp-json\/wp\/v2\/product_brand?post=20199"},{"taxonomy":"product_cat","embeddable":true,"href":"https:\/\/cultivers.es\/de\/wp-json\/wp\/v2\/product_cat?post=20199"},{"taxonomy":"product_tag","embeddable":true,"href":"https:\/\/cultivers.es\/de\/wp-json\/wp\/v2\/product_tag?post=20199"},{"taxonomy":"woo-feed-brand","embeddable":true,"href":"https:\/\/cultivers.es\/de\/wp-json\/wp\/v2\/woo-feed-brand?post=20199"}],"curies":[{"name":"wp","href":"https:\/\/api.w.org\/{rel}","templated":true}]}}