{"id":20200,"date":"2022-04-08T08:13:46","date_gmt":"2022-04-08T08:13:46","guid":{"rendered":"https:\/\/cultivers.es\/abonos\/sooner\/"},"modified":"2025-09-22T05:31:28","modified_gmt":"2025-09-22T05:31:28","slug":"fruher","status":"publish","type":"product","link":"https:\/\/cultivers.es\/de\/d\u00fcngemittel\/fruher\/","title":{"rendered":"Sooner"},"content":{"rendered":"<p class=\"fusion-responsive-typography-calculated\" data-fontsize=\"28\" data-lineheight=\"35.28px\">Biotechnologische Fermentationsformulierung, die die Auswirkungen verschiedener biotischer Faktoren reduziert.<\/p>\n<p>Biotechnologisches Fermentationsprodukt, das mit Kupfer, Mangan und Zink formuliert ist.<\/p>\n<p>Erh\u00f6ht die Widerstandskraft der Pflanzen. Geeignet f\u00fcr Obstb\u00e4ume, Gem\u00fcse, Weinreben, Zitrusfr\u00fcchte, Reis, Olivenb\u00e4ume, Erdbeeren, usw&#8230; Reduziert die Auswirkungen von Mehltau, Botrytis, Pyricularia, Anthraknose, Alternaria, Repilo, Phytophthora.<\/p>\n<p>Es eignet sich f\u00fcr Anwendungen in Umgebungen mit hoher Luftfeuchtigkeit, empfindlichen Sorten und hartn\u00e4ckigen Krankheiten.<\/p>\n<p>Keine Sicherheitsfrist, respektiert Hilfsfauna und Best\u00e4uber. Es ist Teil integrierter Bek\u00e4mpfungs- und biologischer Produktionsprogramme, wodurch die Gesamtzahl der eingesetzten Wirkstoffe und das Risiko von Resistenzen verringert werden.<\/p>\n","protected":false},"excerpt":{"rendered":"<p class=\"fusion-responsive-typography-calculated\" data-fontsize=\"28\" data-lineheight=\"35.28px\">Biotechnologische Fermentationsformulierung, die die Auswirkungen verschiedener biotischer Faktoren reduziert.<\/p>\n<p>Biotechnologisches Fermentationsprodukt, das mit Kupfer, Mangan und Zink formuliert ist.<\/p>\n<p>Erh\u00f6ht die Widerstandskraft der Pflanzen. Geeignet f\u00fcr Obstb\u00e4ume, Gem\u00fcse, Weinreben, Zitrusfr\u00fcchte, Reis, Olivenb\u00e4ume, Erdbeeren, usw&#8230; Reduziert die Auswirkungen von Mehltau, Botrytis, Pyricularia, Anthraknose, Alternaria, Repilo, Phytophthora.<\/p>\n<p>Es eignet sich f\u00fcr Anwendungen in Umgebungen mit hoher Luftfeuchtigkeit, empfindlichen Sorten und hartn\u00e4ckigen Krankheiten.<\/p>\n<p>Keine Sicherheitsfrist, respektiert Hilfsfauna und Best\u00e4uber. Es ist Teil integrierter Bek\u00e4mpfungs- und biologischer Produktionsprogramme, wodurch die Gesamtzahl der eingesetzten Wirkstoffe und das Risiko von Resistenzen verringert werden.<\/p>\n","protected":false},"featured_media":29244,"comment_status":"open","ping_status":"closed","template":"","meta":{"_acf_changed":false},"product_brand":[],"product_cat":[364],"product_tag":[],"woo-feed-brand":[],"class_list":{"0":"post-20200","1":"product","2":"type-product","3":"status-publish","4":"has-post-thumbnail","6":"product_cat-professioneller-okologischer-gartenbau","8":"first","9":"instock","10":"taxable","11":"shipping-taxable","12":"purchasable","13":"product-type-variable"},"acf":[],"_links":{"self":[{"href":"https:\/\/cultivers.es\/de\/wp-json\/wp\/v2\/product\/20200","targetHints":{"allow":["GET"]}}],"collection":[{"href":"https:\/\/cultivers.es\/de\/wp-json\/wp\/v2\/product"}],"about":[{"href":"https:\/\/cultivers.es\/de\/wp-json\/wp\/v2\/types\/product"}],"replies":[{"embeddable":true,"href":"https:\/\/cultivers.es\/de\/wp-json\/wp\/v2\/comments?post=20200"}],"wp:featuredmedia":[{"embeddable":true,"href":"https:\/\/cultivers.es\/de\/wp-json\/wp\/v2\/media\/29244"}],"wp:attachment":[{"href":"https:\/\/cultivers.es\/de\/wp-json\/wp\/v2\/media?parent=20200"}],"wp:term":[{"taxonomy":"product_brand","embeddable":true,"href":"https:\/\/cultivers.es\/de\/wp-json\/wp\/v2\/product_brand?post=20200"},{"taxonomy":"product_cat","embeddable":true,"href":"https:\/\/cultivers.es\/de\/wp-json\/wp\/v2\/product_cat?post=20200"},{"taxonomy":"product_tag","embeddable":true,"href":"https:\/\/cultivers.es\/de\/wp-json\/wp\/v2\/product_tag?post=20200"},{"taxonomy":"woo-feed-brand","embeddable":true,"href":"https:\/\/cultivers.es\/de\/wp-json\/wp\/v2\/woo-feed-brand?post=20200"}],"curies":[{"name":"wp","href":"https:\/\/api.w.org\/{rel}","templated":true}]}}