{"id":20201,"date":"2022-04-08T06:46:17","date_gmt":"2022-04-08T06:46:17","guid":{"rendered":"https:\/\/cultivers.es\/abonos\/onim\/"},"modified":"2025-09-22T05:31:13","modified_gmt":"2025-09-22T05:31:13","slug":"onim","status":"publish","type":"product","link":"https:\/\/cultivers.es\/de\/d\u00fcngemittel\/onim\/","title":{"rendered":"Onim"},"content":{"rendered":"<p><b>Es erleichtert die<\/b>Entwicklung der Pflanzen und steigert die Produktivit\u00e4t auch unter ung\u00fcnstigen Bedingungen.<br \/>\nDurch seine schnelle Assimilation und Translokation spart die Pflanze Energie bei der Proteinsynthese und kann so physiologische Funktionen im Zusammenhang mit dem Austrieb, der Bl\u00fcte und der Fruchtbildung aktivieren,<br \/>\nwas die Produktivit\u00e4t steigert.<br \/>\n Es hat ein perfekt ausgewogenes Aminogramm mit positiven Auswirkungen auf die Photosynthese, die Best\u00e4ubung und die Chelatbildung.<\/p>\n","protected":false},"excerpt":{"rendered":"<p class=\"p1\">Eine Formulierung von Aminos\u00e4uren aus der Hydrolyse von Pflanzenprodukten, die die Gesundheit der behandelten Pflanzen verbessert.<\/p>\n<p class=\"p1\">Es erleichtert die Entwicklung der Pflanzen und erh\u00f6ht die Produktivit\u00e4t auch unter ung\u00fcnstigen Bedingungen.<\/p>\n<p class=\"p1\">Seine rasche Assimilation und Translokation erspart der Pflanze Energie f\u00fcr die Proteinsynthese und erm\u00f6glicht es ihr, physiologische Funktionen im Zusammenhang mit dem Austrieb, der Bl\u00fcte und der Fruchtbildung zu aktivieren, was die Produktivit\u00e4t erh\u00f6ht.<\/p>\n<p class=\"p1\">Es hat ein perfekt ausgewogenes Aminogramm mit positiven Auswirkungen auf die Photosynthese, die Best\u00e4ubung und das Chelatbildungsverm\u00f6gen.<\/p>\n","protected":false},"featured_media":29250,"comment_status":"open","ping_status":"closed","template":"","meta":{"_acf_changed":false},"product_brand":[],"product_cat":[364],"product_tag":[],"woo-feed-brand":[],"class_list":{"0":"post-20201","1":"product","2":"type-product","3":"status-publish","4":"has-post-thumbnail","6":"product_cat-professioneller-okologischer-gartenbau","8":"first","9":"instock","10":"taxable","11":"shipping-taxable","12":"purchasable","13":"product-type-variable"},"acf":[],"_links":{"self":[{"href":"https:\/\/cultivers.es\/de\/wp-json\/wp\/v2\/product\/20201","targetHints":{"allow":["GET"]}}],"collection":[{"href":"https:\/\/cultivers.es\/de\/wp-json\/wp\/v2\/product"}],"about":[{"href":"https:\/\/cultivers.es\/de\/wp-json\/wp\/v2\/types\/product"}],"replies":[{"embeddable":true,"href":"https:\/\/cultivers.es\/de\/wp-json\/wp\/v2\/comments?post=20201"}],"wp:featuredmedia":[{"embeddable":true,"href":"https:\/\/cultivers.es\/de\/wp-json\/wp\/v2\/media\/29250"}],"wp:attachment":[{"href":"https:\/\/cultivers.es\/de\/wp-json\/wp\/v2\/media?parent=20201"}],"wp:term":[{"taxonomy":"product_brand","embeddable":true,"href":"https:\/\/cultivers.es\/de\/wp-json\/wp\/v2\/product_brand?post=20201"},{"taxonomy":"product_cat","embeddable":true,"href":"https:\/\/cultivers.es\/de\/wp-json\/wp\/v2\/product_cat?post=20201"},{"taxonomy":"product_tag","embeddable":true,"href":"https:\/\/cultivers.es\/de\/wp-json\/wp\/v2\/product_tag?post=20201"},{"taxonomy":"woo-feed-brand","embeddable":true,"href":"https:\/\/cultivers.es\/de\/wp-json\/wp\/v2\/woo-feed-brand?post=20201"}],"curies":[{"name":"wp","href":"https:\/\/api.w.org\/{rel}","templated":true}]}}