{"id":20202,"date":"2022-04-05T09:52:18","date_gmt":"2022-04-05T09:52:18","guid":{"rendered":"https:\/\/cultivers.es\/abonos\/fluessiger-wurmgiesserhumus-1000l-tank-und-20l-dosen-auf-palette\/"},"modified":"2025-09-22T05:31:06","modified_gmt":"2025-09-22T05:31:06","slug":"wurm-humus-flussigkeit-ablagerung-1000l-und-20l-garrafas-auf-palette","status":"publish","type":"product","link":"https:\/\/cultivers.es\/de\/d\u00fcngemittel\/wurm-humus-flussigkeit-ablagerung-1000l-und-20l-garrafas-auf-palette\/","title":{"rendered":"Fl\u00fcssiger Wurmgie\u00dferhumus 1000L Tank und 20L Dosen auf Palette"},"content":{"rendered":"<p><strong>Fl\u00fcssiger Wurmgusshumus<\/strong> ist ein hochwertiger organischer D\u00fcnger, der durch die Stabilisierung von organischem Material durch Regenw\u00fcrmer der Art <em>Eisenia foetida<\/em> gewonnen wird. Dieser fl\u00fcssige Humus ist mit nat\u00fcrlichen Phytohormonen angereichert, die als Wachstumsregulatoren bei Pflanzen wirken und eine gesunde und ausgewogene Entwicklung f\u00f6rdern. <\/p>\n<p>Dank seiner hohen Dichte an Mikroorganismen (1 Gramm enth\u00e4lt ca. 2 Milliarden) stellt der Wurmhumus das mikrobielle Leben im Boden schnell wieder her und verbessert dessen Struktur, Bel\u00fcftung und Feuchtigkeitsr\u00fcckhalteverm\u00f6gen. Dieser organische D\u00fcnger ist dank seines neutralen pH-Werts und seiner Formulierung, die frei von Salmonellen, <em>Escherichia coli<\/em> und Schwermetallen ist, ideal f\u00fcr jede Art von Boden. <\/p>\n<p>Die kontinuierliche Ausbringung von fl\u00fcssigem Wurmhumus verbessert die Bodeneigenschaften und erh\u00f6ht die Qualit\u00e4t und den Ertrag der Pflanzen. Seine hohe mikrobielle Aktivit\u00e4t tr\u00e4gt zu einem kr\u00e4ftigen Pflanzenwachstum bei und hat eine unterdr\u00fcckende Wirkung auf Nematoden und andere Pflanzensch\u00e4dlinge. Dar\u00fcber hinaus hat dieser Humus die F\u00e4higkeit, die Verf\u00fcgbarkeit von Schwermetallen zu ver\u00e4ndern und Pestizide abzubauen, was die Regeneration gesch\u00e4digter B\u00f6den erleichtert und ein gesundes Wachstumsumfeld f\u00f6rdert.  <\/p>\n","protected":false},"excerpt":{"rendered":"<div id=\"featurebullets_feature_div\" class=\"celwidget\" data-feature-name=\"featurebullets\" data-csa-c-id=\"245fnw-2te75m-sv0udn-eq9t1v\" data-cel-widget=\"featurebullets_feature_div\">\n<div id=\"feature-bullets\" class=\"a-section a-spacing-medium a-spacing-top-small\">\n<ul class=\"a-unordered-list a-vertical a-spacing-mini\">\n<li><strong>100% biologischer und zertifizierter Wurmhumus<\/strong>: Spitzenprodukt, Sohiscert registriert CV237PAE-07, ideal f\u00fcr den biologischen Anbau.<\/li>\n<li><strong>Wurzelstimulator und N\u00e4hrstoffaufnahme<\/strong>: F\u00f6rdert eine starke Wurzelentwicklung und verbessert die F\u00e4higkeit der Pflanze, wichtige N\u00e4hrstoffe aufzunehmen.<\/li>\n<li><strong>Vielseitig einsetzbar f\u00fcr alle Bodentypen<\/strong>: Durch seinen neutralen pH-Wert ist es f\u00fcr jeden Boden geeignet und liefert organische Stoffe, die die Qualit\u00e4t des Substrats bereichern.<\/li>\n<li><strong>Steigert die Qualit\u00e4t und Produktivit\u00e4t<\/strong>: Erh\u00f6ht die Qualit\u00e4t und den Ertrag der Pflanzen und bietet dank seiner schnellen Mineralisierung eine konstante Versorgung mit N\u00e4hrstoffen.<\/li>\n<li><strong>Niedriges C\/N-Verh\u00e4ltnis f\u00fcr eine effiziente Freisetzung<\/strong>: Mit einem niedrigen Kohlenstoff\/Stickstoff-Verh\u00e4ltnis sorgt es f\u00fcr eine schnelle N\u00e4hrstoffverf\u00fcgbarkeit und f\u00f6rdert ein gesundes Pflanzenwachstum.<\/li>\n<\/ul>\n<\/div>\n<\/div>\n<div id=\"customerReviewsAttribute_feature_div\" class=\"celwidget\" data-feature-name=\"customerReviewsAttribute\" data-csa-c-id=\"gms01g-hds0gw-ttj0o5-amotg8\" data-cel-widget=\"customerReviewsAttribute_feature_div\"><\/div>\n<div id=\"addOnItem_feature_div\" class=\"celwidget\" data-feature-name=\"addOnItem\" data-csa-c-id=\"sjbsfd-ae4hfa-ywtuny-kelnhg\" data-cel-widget=\"addOnItem_feature_div\"><\/div>\n<div id=\"andonCord_feature_div\" class=\"celwidget\" data-feature-name=\"andonCord\" data-csa-c-id=\"vkqi6k-olw88z-eqvebc-9slw0y\" data-cel-widget=\"andonCord_feature_div\"><\/div>\n<div id=\"HLCXComparisonJumplink_feature_div\"><\/div>\n","protected":false},"featured_media":14700,"comment_status":"open","ping_status":"closed","template":"","meta":{"_acf_changed":false},"product_brand":[],"product_cat":[364,775],"product_tag":[],"woo-feed-brand":[],"class_list":{"0":"post-20202","1":"product","2":"type-product","3":"status-publish","4":"has-post-thumbnail","6":"product_cat-professioneller-okologischer-gartenbau","7":"product_cat-sacas-de","9":"first","10":"instock","11":"taxable","12":"shipping-taxable","13":"purchasable","14":"product-type-variable"},"acf":[],"_links":{"self":[{"href":"https:\/\/cultivers.es\/de\/wp-json\/wp\/v2\/product\/20202","targetHints":{"allow":["GET"]}}],"collection":[{"href":"https:\/\/cultivers.es\/de\/wp-json\/wp\/v2\/product"}],"about":[{"href":"https:\/\/cultivers.es\/de\/wp-json\/wp\/v2\/types\/product"}],"replies":[{"embeddable":true,"href":"https:\/\/cultivers.es\/de\/wp-json\/wp\/v2\/comments?post=20202"}],"wp:featuredmedia":[{"embeddable":true,"href":"https:\/\/cultivers.es\/de\/wp-json\/wp\/v2\/media\/14700"}],"wp:attachment":[{"href":"https:\/\/cultivers.es\/de\/wp-json\/wp\/v2\/media?parent=20202"}],"wp:term":[{"taxonomy":"product_brand","embeddable":true,"href":"https:\/\/cultivers.es\/de\/wp-json\/wp\/v2\/product_brand?post=20202"},{"taxonomy":"product_cat","embeddable":true,"href":"https:\/\/cultivers.es\/de\/wp-json\/wp\/v2\/product_cat?post=20202"},{"taxonomy":"product_tag","embeddable":true,"href":"https:\/\/cultivers.es\/de\/wp-json\/wp\/v2\/product_tag?post=20202"},{"taxonomy":"woo-feed-brand","embeddable":true,"href":"https:\/\/cultivers.es\/de\/wp-json\/wp\/v2\/woo-feed-brand?post=20202"}],"curies":[{"name":"wp","href":"https:\/\/api.w.org\/{rel}","templated":true}]}}