{"id":20203,"date":"2022-04-08T08:50:44","date_gmt":"2022-04-08T08:50:44","guid":{"rendered":"https:\/\/cultivers.es\/abonos\/funrex\/"},"modified":"2025-09-22T05:32:02","modified_gmt":"2025-09-22T05:32:02","slug":"funrex","status":"publish","type":"product","link":"https:\/\/cultivers.es\/de\/d\u00fcngemittel\/funrex\/","title":{"rendered":"Funrex"},"content":{"rendered":"<div class=\"fusion-text fusion-text-1\">\n<p class=\"fusion-responsive-typography-calculated\" data-fontsize=\"16\" data-lineheight=\"30.08px\">In Form einer Gluconatl\u00f6sung ist es ein Produkt zur Korrektur von Zink- und Manganmangel mit sofortigem Ansprechen der Keimlinge und h\u00f6heren Ernteertr\u00e4gen.<\/p>\n<\/div>\n<div class=\"fusion-text fusion-text-2\"><\/div>\n","protected":false},"excerpt":{"rendered":"<p class=\"p1\">Wirksamkeit: Die von der Heptaglucons\u00e4ure gebundenen Metallionen reagieren nicht mit anderen Bodenbestandteilen, auch nicht in sehr sauren oder sehr kalkhaltigen B\u00f6den.<\/p>\n<p class=\"p1\">Schnelligkeit der Wirkung: Da es aus einem nat\u00fcrlichen Zucker gewonnen wird, gelangt es \u00fcber die Bl\u00e4tter oder Wurzeln sehr schnell in den Stoffwechsel der Pflanze. Eine positive Wirkung kann 10-12 Tage nach der Anwendung beobachtet werden, wenn die Kultur auch bew\u00e4ssert wurde.<\/p>\n<p class=\"p1\">Sicherheit: sicheres Produkt, das bei den behandelten Pflanzen keine Probleme mit der Phytotoxizit\u00e4t verursacht, weder durch Blatt- noch durch Wurzelanwendung (Injektion oder Tropfbew\u00e4sserung).<\/p>\n<p class=\"p1\">Persistenz: Die Persistenz der Wirkung h\u00e4ngt vom Grad des Mangels, der Art der Anwendung und der Dosierung ab. Die Dosen decken den Bedarf f\u00fcr den gesamten Erntezyklus.<\/p>\n<p class=\"p1\">Einfache Anwendung: Es ist gut wasserl\u00f6slich, so dass Tropfer und D\u00fcsen nicht verstopfen.<\/p>\n","protected":false},"featured_media":0,"comment_status":"open","ping_status":"closed","template":"","meta":{"_acf_changed":false},"product_brand":[],"product_cat":[364],"product_tag":[],"woo-feed-brand":[],"class_list":{"0":"post-20203","1":"product","2":"type-product","3":"status-publish","5":"product_cat-professioneller-okologischer-gartenbau","7":"first","8":"instock","9":"taxable","10":"shipping-taxable","11":"purchasable","12":"product-type-variable"},"acf":[],"_links":{"self":[{"href":"https:\/\/cultivers.es\/de\/wp-json\/wp\/v2\/product\/20203","targetHints":{"allow":["GET"]}}],"collection":[{"href":"https:\/\/cultivers.es\/de\/wp-json\/wp\/v2\/product"}],"about":[{"href":"https:\/\/cultivers.es\/de\/wp-json\/wp\/v2\/types\/product"}],"replies":[{"embeddable":true,"href":"https:\/\/cultivers.es\/de\/wp-json\/wp\/v2\/comments?post=20203"}],"wp:attachment":[{"href":"https:\/\/cultivers.es\/de\/wp-json\/wp\/v2\/media?parent=20203"}],"wp:term":[{"taxonomy":"product_brand","embeddable":true,"href":"https:\/\/cultivers.es\/de\/wp-json\/wp\/v2\/product_brand?post=20203"},{"taxonomy":"product_cat","embeddable":true,"href":"https:\/\/cultivers.es\/de\/wp-json\/wp\/v2\/product_cat?post=20203"},{"taxonomy":"product_tag","embeddable":true,"href":"https:\/\/cultivers.es\/de\/wp-json\/wp\/v2\/product_tag?post=20203"},{"taxonomy":"woo-feed-brand","embeddable":true,"href":"https:\/\/cultivers.es\/de\/wp-json\/wp\/v2\/woo-feed-brand?post=20203"}],"curies":[{"name":"wp","href":"https:\/\/api.w.org\/{rel}","templated":true}]}}