{"id":20204,"date":"2022-03-31T12:04:30","date_gmt":"2022-03-31T12:04:30","guid":{"rendered":"https:\/\/cultivers.es\/abonos\/phosphatgestein-in-bigbag-und-20kg-saecken-auf-paletten\/"},"modified":"2025-09-22T05:30:57","modified_gmt":"2025-09-22T05:30:57","slug":"phosphorsaure-gestein-im-bigbag-und-20kg-sacke-auf-palette","status":"publish","type":"product","link":"https:\/\/cultivers.es\/de\/d\u00fcngemittel\/phosphorsaure-gestein-im-bigbag-und-20kg-sacke-auf-palette\/","title":{"rendered":"Phosphatgestein in Bigbag und 20kg-S\u00e4cken auf Paletten"},"content":{"rendered":"<p><strong>Rohphosphat<\/strong> ist eine nat\u00fcrliche Phosphorquelle, ein essentieller N\u00e4hrstoff, der eine Schl\u00fcsselrolle bei der strukturellen Entwicklung von Pflanzen spielt. Dieser D\u00fcnger liefert den Phosphor, der ben\u00f6tigt wird, um eine kr\u00e4ftige Bl\u00fcte zu stimulieren, die Qualit\u00e4t von Samen und Fr\u00fcchten zu verbessern und eine \u00fcppige Wurzelbildung zu f\u00f6rdern. Ein gut entwickeltes Wurzelsystem erm\u00f6glicht es der Pflanze, den Boden effizient zu erkunden, die Wasser- und N\u00e4hrstoffaufnahme zu maximieren und die Produktivit\u00e4t der Pflanzen zu verbessern.  <\/p>\n<p>Phosphor ist auch f\u00fcr die Bildung von Gef\u00e4\u00dfgeweben wichtig, die f\u00fcr den Transport von N\u00e4hrstoffen und Wasser innerhalb der Pflanze unerl\u00e4sslich sind und eine solide Grundlage f\u00fcr ein gesundes Wachstum bilden. Phosphormangel kann die Ernteertr\u00e4ge stark einschr\u00e4nken. Daher ist die Ausbringung von Rohphosphat von entscheidender Bedeutung, um sicherzustellen, dass die Pflanzen die notwendigen Mengen f\u00fcr eine optimale Entwicklung und hohe Produktivit\u00e4t erhalten. <\/p>\n","protected":false},"excerpt":{"rendered":"<div id=\"featurebullets_feature_div\" class=\"celwidget\" data-feature-name=\"featurebullets\" data-csa-c-id=\"4ahyyv-sy679s-xptg3o-ds6j40\">\n<div id=\"feature-bullets\" class=\"a-section a-spacing-medium a-spacing-top-small\">\n<ul class=\"a-unordered-list a-vertical a-spacing-mini\">\n<li><strong>\u00d6kologische Quelle f\u00fcr Phosphor<\/strong>: Phosphatgestein ist eine 100 % nat\u00fcrliche Option, die Phosphor auf nachhaltige Weise liefert, ideal f\u00fcr umweltfreundliche landwirtschaftliche Praktiken.<\/li>\n<li><strong>St\u00e4rkt das Wurzelsystem<\/strong>: Dieser nat\u00fcrliche D\u00fcnger hilft, st\u00e4rkere und tiefere Wurzeln zu entwickeln, die die Aufnahme von N\u00e4hrstoffen und Wasser aus dem Boden optimieren.<\/li>\n<li><strong>F\u00f6rdert das Wachstum und die Fruchtbildung<\/strong>: Sein Einsatz stimuliert eine kr\u00e4ftige Bl\u00fcte und f\u00f6rdert die Fruchtbildung bei ertragreichen Pflanzen wie Obst- und Zitrusb\u00e4umen.<\/li>\n<li><strong>Verbessert die Pflanzenstruktur und die Widerstandsf\u00e4higkeit<\/strong>: Phosphor verbessert die Bildung von Gef\u00e4\u00dfgewebe, das f\u00fcr den effizienten Transport von N\u00e4hrstoffen innerhalb der Pflanze unerl\u00e4sslich ist, was das Wachstum und die Widerstandsf\u00e4higkeit verbessert.<\/li>\n<li><strong>Nachhaltige Alternative zu konventionellem Phosphor<\/strong>: Steinphosphat bietet eine zeitlich begrenzte Phosphorversorgung und ist damit eine effektive und umweltfreundliche agronomische Option zur Maximierung der Ernteertr\u00e4ge.<\/li>\n<li>\n<\/li>\n<\/ul>\n<\/div>\n<\/div>\n","protected":false},"featured_media":14720,"comment_status":"open","ping_status":"closed","template":"","meta":{"_acf_changed":false},"product_brand":[],"product_cat":[364,775],"product_tag":[],"woo-feed-brand":[],"class_list":{"0":"post-20204","1":"product","2":"type-product","3":"status-publish","4":"has-post-thumbnail","6":"product_cat-professioneller-okologischer-gartenbau","7":"product_cat-sacas-de","9":"first","10":"instock","11":"taxable","12":"shipping-taxable","13":"purchasable","14":"product-type-variable"},"acf":[],"_links":{"self":[{"href":"https:\/\/cultivers.es\/de\/wp-json\/wp\/v2\/product\/20204","targetHints":{"allow":["GET"]}}],"collection":[{"href":"https:\/\/cultivers.es\/de\/wp-json\/wp\/v2\/product"}],"about":[{"href":"https:\/\/cultivers.es\/de\/wp-json\/wp\/v2\/types\/product"}],"replies":[{"embeddable":true,"href":"https:\/\/cultivers.es\/de\/wp-json\/wp\/v2\/comments?post=20204"}],"wp:featuredmedia":[{"embeddable":true,"href":"https:\/\/cultivers.es\/de\/wp-json\/wp\/v2\/media\/14720"}],"wp:attachment":[{"href":"https:\/\/cultivers.es\/de\/wp-json\/wp\/v2\/media?parent=20204"}],"wp:term":[{"taxonomy":"product_brand","embeddable":true,"href":"https:\/\/cultivers.es\/de\/wp-json\/wp\/v2\/product_brand?post=20204"},{"taxonomy":"product_cat","embeddable":true,"href":"https:\/\/cultivers.es\/de\/wp-json\/wp\/v2\/product_cat?post=20204"},{"taxonomy":"product_tag","embeddable":true,"href":"https:\/\/cultivers.es\/de\/wp-json\/wp\/v2\/product_tag?post=20204"},{"taxonomy":"woo-feed-brand","embeddable":true,"href":"https:\/\/cultivers.es\/de\/wp-json\/wp\/v2\/woo-feed-brand?post=20204"}],"curies":[{"name":"wp","href":"https:\/\/api.w.org\/{rel}","templated":true}]}}