{"id":20374,"date":"2022-03-31T12:04:29","date_gmt":"2022-03-31T12:04:29","guid":{"rendered":"https:\/\/cultivers.es\/abonos\/mikronisierte-diatomeenerde-bigbag-und-20kg-saecke-auf-paletten\/"},"modified":"2025-09-22T04:37:18","modified_gmt":"2025-09-22T04:37:18","slug":"diatomeenerde-mikronisiert-groser-sack-und-20kg-sacke-in-palette","status":"publish","type":"product","link":"https:\/\/cultivers.es\/de\/d\u00fcngemittel\/diatomeenerde-mikronisiert-groser-sack-und-20kg-sacke-in-palette\/","title":{"rendered":"Mikronisierte Diatomeenerde Bigbag und 20kg-S\u00e4cke auf Paletten"},"content":{"rendered":"<div id=\"dpx-product-description_feature_div\">\n<div class=\"celwidget\" data-csa-c-id=\"d0zy1s-pz0rta-oyvqgc-hh9unq\" data-cel-widget=\"dpx-product-description_csm_instrumentation_wrapper\">\n<div id=\"descriptionAndDetails\" class=\"a-section a-spacing-extra-large\">\n<div id=\"productDescription_feature_div\" class=\"celwidget\" data-feature-name=\"productDescription\" data-csa-c-id=\"s5rq4m-ksi2as-6wafe6-jss0ye\" data-cel-widget=\"productDescription_feature_div\">\n<div id=\"productDescription_feature_div\" class=\"a-row feature\" data-feature-name=\"productDescription\" data-template-name=\"productDescription\" data-cel-widget=\"productDescription_feature_div\">\n<div id=\"productDescription\" class=\"a-section a-spacing-small\">\n<p>Die <strong>mikronisierte Kieselgur von Cultivers<\/strong> ist ein reines Naturprodukt, das aus versteinerten Algen besteht, die sich im Laufe von Millionen von Jahren auf dem Meeresboden angesiedelt haben und eine reiche Quelle von Kiesels\u00e4ure bilden. Diese Erde wird aus Minen gewonnen, die aufgrund ihrer hohen Qualit\u00e4t ausgew\u00e4hlt wurden, und in der Sonne getrocknet, ohne Chemikalien oder Zusatzstoffe, was ihre Reinheit und Wirksamkeit gew\u00e4hrleistet. Durch ein doppeltes Sieb- und Mikronisierungsverfahren wird sie in ein ultrafeines Pulver umgewandelt, das sich sowohl f\u00fcr die trockene Anwendung durch Streuen als auch in Wasser aufgel\u00f6st zum Spr\u00fchen (20 Gramm pro Liter) eignet. Durch seine Vielseitigkeit und hohe Effizienz eignet es sich f\u00fcr eine Vielzahl von Anwendungen in G\u00e4rten, Obstplantagen und in der Landwirtschaft im Allgemeinen und bietet bei jeder Anwendung hervorragende Ergebnisse. <\/p>\n<\/div>\n<\/div>\n<\/div>\n<\/div>\n<\/div>\n<\/div>\n<div id=\"dpx-btf-renewed-program-description_feature_div\">\n<div class=\"celwidget\" data-csa-c-id=\"rcs80b-c3mhtw-sms6g5-e4f11f\" data-cel-widget=\"dpx-btf-renewed-program-description_csm_instrumentation_wrapper\">\n<div id=\"renewedProgramDescriptionBtf_feature_div\" class=\"celwidget\" data-feature-name=\"renewedProgramDescriptionBtf\" data-csa-c-id=\"9vmqrb-z2iekb-5dffxg-l1zyhb\" data-cel-widget=\"renewedProgramDescriptionBtf_feature_div\"><\/div>\n<\/div>\n<\/div>\n<div id=\"dpx-climate-pledge-friendly-btf_feature_div\">\n<div class=\"celwidget\" data-csa-c-id=\"wyxei8-dddfmw-p9n9oj-pbxpr4\" data-cel-widget=\"dpx-climate-pledge-friendly-btf_csm_instrumentation_wrapper\">\n<div id=\"climatePledgeFriendlyBTF_feature_div\" class=\"celwidget\" data-feature-name=\"climatePledgeFriendlyBTF\" data-csa-c-id=\"3nr9nk-6l01pu-56kbn5-jmmjyf\" data-cel-widget=\"climatePledgeFriendlyBTF_feature_div\"><\/div>\n<\/div>\n<\/div>\n<div id=\"dpx-post-purchase-witb-btf_feature_div\">\n<div class=\"celwidget\" data-csa-c-id=\"y8761e-3gx8m2-yvpmom-u0sts7\" data-cel-widget=\"dpx-post-purchase-witb-btf_csm_instrumentation_wrapper\">\n<div id=\"postPurchaseWhatsInTheBox_feature_div\" class=\"celwidget\" data-feature-name=\"postPurchaseWhatsInTheBox\" data-csa-c-id=\"hjdw64-wjw09i-ycuc10-hmjxr1\" data-cel-widget=\"postPurchaseWhatsInTheBox_feature_div\"><\/div>\n<\/div>\n<\/div>\n<div id=\"dpx-aplus-brand-story_feature_div\">\n<div class=\"celwidget\" data-csa-c-id=\"hu1n9p-keambw-8pol3o-1yyt9f\" data-cel-widget=\"dpx-aplus-brand-story_csm_instrumentation_wrapper\">\n<div id=\"aplusBrandStory_feature_div\" class=\"celwidget\" data-feature-name=\"aplusBrandStory\" data-csa-c-id=\"qxmgac-pfri76-sia01j-yjnaf2\" data-cel-widget=\"aplusBrandStory_feature_div\"><\/div>\n<\/div>\n<\/div>\n<div id=\"dpx-aplus-product-description_feature_div\"><\/div>\n<div id=\"dpx-aplus-3p-product-description_feature_div\"><\/div>\n<div id=\"dpx-aplus-sustainability-story_feature_div\">\n<div class=\"celwidget\" data-csa-c-id=\"878a5f-glj5ki-yub0e1-q616pd\" data-cel-widget=\"dpx-aplus-sustainability-story_csm_instrumentation_wrapper\">\n<div id=\"aplusSustainabilityStory_feature_div\" class=\"celwidget\" data-feature-name=\"aplusSustainabilityStory\" data-csa-c-id=\"9xl1ea-ebtjzf-nm5rws-t1zrq5\" data-cel-widget=\"aplusSustainabilityStory_feature_div\"><\/div>\n<\/div>\n<\/div>\n<div id=\"dpx-default-important-information_feature_div\">\n<div class=\"celwidget\" data-csa-c-id=\"2znzw8-50sco-hqdi0d-urtjtu\" data-cel-widget=\"dpx-default-important-information_csm_instrumentation_wrapper\">\n<div id=\"importantInformation_feature_div\" class=\"celwidget\" data-feature-name=\"importantInformation\" data-csa-c-id=\"vrf7ip-itxpaa-twqcek-gbq8d6\" data-cel-widget=\"importantInformation_feature_div\"><\/div>\n<\/div>\n<\/div>\n<div id=\"sims-consolidated-4_feature_div\">\n<div class=\"celwidget\" data-csa-c-id=\"yrfjzs-3zy4rq-tg1xhr-yfy766\" data-cel-widget=\"sims-consolidated-4_csm_instrumentation_wrapper\">\n<div class=\"celwidget pd_rd_w-dOFSd pf_rd_p-dcd633b7-cb38-4615-862b-a9bd1fbbb388 pf_rd_r-8MBEN865MC2FR54B7N6M pd_rd_r-83f41588-60cf-44e8-bf53-a7066fae9c9a pd_rd_wg-iC40f c-f\" data-csa-c-content-id=\"amzn1.sym.dcd633b7-cb38-4615-862b-a9bd1fbbb388\" data-csa-c-slot-id=\"sims-container-4\" data-csa-c-type=\"widget\" data-csa-c-painter=\"p13n-desktop-carousel-cards\" data-csa-c-id=\"9n545n-zatzmm-k8u7yv-p9finc\" data-cel-widget=\"p13n-desktop-carousel_DPSims_3\"><\/div>\n<\/div>\n<\/div>\n","protected":false},"excerpt":{"rendered":"<ul class=\"a-unordered-list a-vertical a-spacing-mini\">\n<li><strong>Format mikronisiertes Pulver<\/strong><\/li>\n<li><strong>Hohe Qualit\u00e4t und 100% umweltfreundlich<\/strong><\/li>\n<li><strong>ECOCERT Bio-Zertifizierung<\/strong><\/li>\n<\/ul>\n","protected":false},"featured_media":14710,"comment_status":"open","ping_status":"closed","template":"","meta":{"_acf_changed":false},"product_brand":[],"product_cat":[364,775],"product_tag":[1561],"woo-feed-brand":[],"class_list":{"0":"post-20374","1":"product","2":"type-product","3":"status-publish","4":"has-post-thumbnail","6":"product_cat-professioneller-okologischer-gartenbau","7":"product_cat-sacas-de","8":"product_tag-ecocert-de","10":"first","11":"instock","12":"taxable","13":"shipping-taxable","14":"purchasable","15":"product-type-variable"},"acf":[],"_links":{"self":[{"href":"https:\/\/cultivers.es\/de\/wp-json\/wp\/v2\/product\/20374","targetHints":{"allow":["GET"]}}],"collection":[{"href":"https:\/\/cultivers.es\/de\/wp-json\/wp\/v2\/product"}],"about":[{"href":"https:\/\/cultivers.es\/de\/wp-json\/wp\/v2\/types\/product"}],"replies":[{"embeddable":true,"href":"https:\/\/cultivers.es\/de\/wp-json\/wp\/v2\/comments?post=20374"}],"wp:featuredmedia":[{"embeddable":true,"href":"https:\/\/cultivers.es\/de\/wp-json\/wp\/v2\/media\/14710"}],"wp:attachment":[{"href":"https:\/\/cultivers.es\/de\/wp-json\/wp\/v2\/media?parent=20374"}],"wp:term":[{"taxonomy":"product_brand","embeddable":true,"href":"https:\/\/cultivers.es\/de\/wp-json\/wp\/v2\/product_brand?post=20374"},{"taxonomy":"product_cat","embeddable":true,"href":"https:\/\/cultivers.es\/de\/wp-json\/wp\/v2\/product_cat?post=20374"},{"taxonomy":"product_tag","embeddable":true,"href":"https:\/\/cultivers.es\/de\/wp-json\/wp\/v2\/product_tag?post=20374"},{"taxonomy":"woo-feed-brand","embeddable":true,"href":"https:\/\/cultivers.es\/de\/wp-json\/wp\/v2\/woo-feed-brand?post=20374"}],"curies":[{"name":"wp","href":"https:\/\/api.w.org\/{rel}","templated":true}]}}