{"id":20375,"date":"2022-03-31T12:00:57","date_gmt":"2022-03-31T12:00:57","guid":{"rendered":"https:\/\/cultivers.es\/abonos\/oekologischer-universal-pflanzenduenger-bigbag-und-20kg-saecke-auf-paletten\/"},"modified":"2025-09-22T04:39:58","modified_gmt":"2025-09-22T04:39:58","slug":"universal-pflanzendunger-universal-okologisch-bigbag-und-20kg-sacke-in-palette","status":"publish","type":"product","link":"https:\/\/cultivers.es\/de\/d\u00fcngemittel\/universal-pflanzendunger-universal-okologisch-bigbag-und-20kg-sacke-in-palette\/","title":{"rendered":"\u00d6kologischer Universal-Pflanzend\u00fcnger Bigbag und 20kg-S\u00e4cke auf Paletten"},"content":{"rendered":"<p>\u00d6kologischer Universal-Pflanzend\u00fcnger. Organischer D\u00fcnger pflanzlichen Ursprungs zur Ausbringung im Boden f\u00fcr alle Arten von Pflanzen, mit organischen Stoffen, Stickstoff, Kalium, Humins\u00e4uren und Fulvos\u00e4uren.<\/p>\n<p>Organischer D\u00fcnger in Perlenform zur einfachen Anwendung. Er geht schnell zu Boden.<\/p>\n<p>Organischer Universal-Pflanzend\u00fcnger enth\u00e4lt Stickstoff und Kalium, hochwertige HUMIC ACIDS, die die Bodenstruktur verbessern. Geeignet f\u00fcr alle Arten von Pflanzen.<\/p>\n<p>Organischer Universald\u00fcnger f\u00fcr Pflanzen: Er besteht aus organischen Stoffen, Stickstoff, Kalium sowie Humus- und Fulvos\u00e4uren und liefert alle notwendigen N\u00e4hrstoffe, um den Boden fruchtbar und ausgeglichen zu halten.<\/p>\n<p>Der mit fortschrittlicher Technologie entwickelte D\u00fcnger liegt in Form von Perlgranulat vor, was seine Ausbringung und schnelle Integration in den Boden erleichtert. Dar\u00fcber hinaus verbessern der enthaltene Stickstoff und das Kalium zusammen mit hochwertigen Humins\u00e4uren die Bodenstruktur erheblich und helfen, N\u00e4hrstoffe zu binden. <\/p>\n<p>Das Verh\u00e4ltnis von Kohlenstoff und Stickstoff wird so angepasst, dass die Wurzeln die Mineralien leichter aufnehmen k\u00f6nnen. Dar\u00fcber hinaus f\u00f6rdert dieser D\u00fcnger die Vermehrung n\u00fctzlicher Mikroorganismen und schafft so eine sauerstoffreichere und ges\u00fcndere Umgebung f\u00fcr die Pflanzen. <\/p>\n<p>Er ist selbst bei starken Regenf\u00e4llen auswaschungsbest\u00e4ndig und h\u00e4lt das Gleichgewicht zwischen dem Boden und seinen Mikroorganismen aufrecht. Selbst bei unbest\u00e4ndigem Wetter hilft der Kompost, Aggregate zu bilden, die die Sauerstoffversorgung des Bodens verbessern. <\/p>\n","protected":false},"excerpt":{"rendered":"<ul class=\"a-unordered-list a-vertical a-spacing-mini\">\n<li><strong>Ausgewogene NPK-Ern\u00e4hrung<\/strong>: Formulierung mit einem NPK-Verh\u00e4ltnis von 8-1-5 und 74% pflanzlicher organischer Substanz, optimiert f\u00fcr eine konstante Versorgung mit essentiellen N\u00e4hrstoffen, die die strukturelle und metabolische Entwicklung der Pflanzen beg\u00fcnstigen.<\/li>\n<li><strong>Humin- und Fulvos\u00e4uren<\/strong>: Erh\u00f6hen das Wasserr\u00fcckhalteverm\u00f6gen und verbessern die Bodenstruktur, indem sie die Bildung stabiler Aggregate f\u00f6rdern, die die Sauerstoffversorgung und die Entwicklung n\u00fctzlicher Mikroorganismen erleichtern.<\/li>\n<li><strong>Langsame und kontrollierte Freisetzung<\/strong>: Die Perlgranulat-Technologie erm\u00f6glicht eine allm\u00e4hliche Freisetzung von N\u00e4hrstoffen, wodurch Konzentrationsspitzen und Auswaschungen selbst bei Bew\u00e4sserung oder starken Regenf\u00e4llen vermieden werden.<\/li>\n<li><strong>Anpassungsf\u00e4higkeit und Stabilit\u00e4t<\/strong>: Die Formel ist resistent gegen Auslaugung unter ung\u00fcnstigen klimatischen Bedingungen, optimiert die Beziehung zwischen Boden und Mikroorganismen und erh\u00e4lt ein g\u00fcnstiges Umfeld f\u00fcr die Wurzelentwicklung.<\/li>\n<li><strong>Wassereinsparung und Bodenschutz<\/strong>: Verbessert die Wasserr\u00fcckhaltung und die Widerstandsf\u00e4higkeit des Bodens gegen Erosion, reduziert die H\u00e4ufigkeit der Bew\u00e4sserung und f\u00f6rdert eine nachhaltige Landwirtschaft in wasserarmen Gebieten.<\/li>\n<\/ul>\n","protected":false},"featured_media":14735,"comment_status":"open","ping_status":"closed","template":"","meta":{"_acf_changed":false},"product_brand":[],"product_cat":[364,775],"product_tag":[],"woo-feed-brand":[],"class_list":{"0":"post-20375","1":"product","2":"type-product","3":"status-publish","4":"has-post-thumbnail","6":"product_cat-professioneller-okologischer-gartenbau","7":"product_cat-sacas-de","9":"first","10":"instock","11":"taxable","12":"shipping-taxable","13":"purchasable","14":"product-type-variable"},"acf":[],"_links":{"self":[{"href":"https:\/\/cultivers.es\/de\/wp-json\/wp\/v2\/product\/20375","targetHints":{"allow":["GET"]}}],"collection":[{"href":"https:\/\/cultivers.es\/de\/wp-json\/wp\/v2\/product"}],"about":[{"href":"https:\/\/cultivers.es\/de\/wp-json\/wp\/v2\/types\/product"}],"replies":[{"embeddable":true,"href":"https:\/\/cultivers.es\/de\/wp-json\/wp\/v2\/comments?post=20375"}],"wp:featuredmedia":[{"embeddable":true,"href":"https:\/\/cultivers.es\/de\/wp-json\/wp\/v2\/media\/14735"}],"wp:attachment":[{"href":"https:\/\/cultivers.es\/de\/wp-json\/wp\/v2\/media?parent=20375"}],"wp:term":[{"taxonomy":"product_brand","embeddable":true,"href":"https:\/\/cultivers.es\/de\/wp-json\/wp\/v2\/product_brand?post=20375"},{"taxonomy":"product_cat","embeddable":true,"href":"https:\/\/cultivers.es\/de\/wp-json\/wp\/v2\/product_cat?post=20375"},{"taxonomy":"product_tag","embeddable":true,"href":"https:\/\/cultivers.es\/de\/wp-json\/wp\/v2\/product_tag?post=20375"},{"taxonomy":"woo-feed-brand","embeddable":true,"href":"https:\/\/cultivers.es\/de\/wp-json\/wp\/v2\/woo-feed-brand?post=20375"}],"curies":[{"name":"wp","href":"https:\/\/api.w.org\/{rel}","templated":true}]}}