{"id":20376,"date":"2022-03-31T12:00:58","date_gmt":"2022-03-31T12:00:58","guid":{"rendered":"https:\/\/cultivers.es\/abonos\/steinmehl-basaltpulver-bigbag-und-20kg-saecke-auf-paletten\/"},"modified":"2025-09-22T05:04:32","modified_gmt":"2025-09-22T05:04:32","slug":"staub-gestein-staub-mehl-mehl-grossack-und-20kg-sacke-in-palette","status":"publish","type":"product","link":"https:\/\/cultivers.es\/de\/d\u00fcngemittel\/staub-gestein-staub-mehl-mehl-grossack-und-20kg-sacke-in-palette\/","title":{"rendered":"Steinmehl. Basaltpulver Bigbag und 20kg-S\u00e4cke auf Paletten"},"content":{"rendered":"<p><strong>Gesteinsmehl f\u00fcr Pflanzen und Nutzpflanzen: Langfristige Mineralienversorgung<br \/>\n<\/strong>Gesteinsmehl, insbesondere Basalt, ist eine nat\u00fcrliche Ressource vulkanischen Ursprungs, die in der konventionellen und \u00f6kologischen Landwirtschaft wegen ihres Reichtums an essentiellen Mineralien wie Kiesels\u00e4ure, Kalzium, Magnesium und Eisen sehr gesch\u00e4tzt wird. Seine regelm\u00e4\u00dfige Anwendung auf armen B\u00f6den erh\u00f6ht die Kationenaustauschkapazit\u00e4t erheblich, wodurch die N\u00e4hrstoffbindung und -verf\u00fcgbarkeit f\u00fcr Pflanzen optimiert wird. <\/p>\n<p>Bei starken Regenf\u00e4llen und Auslaugung werden die Mineralien im Gesteinsmehl allm\u00e4hlich freigesetzt, so dass sie l\u00e4nger im Boden verbleiben und von den Pflanzen aufgenommen werden k\u00f6nnen, wenn sie am meisten ben\u00f6tigt werden. Dieser Minerald\u00fcnger sorgt f\u00fcr einen ausgeglicheneren und fruchtbareren Boden und tr\u00e4gt dazu bei, die Pflanzen gegen widrige Wetterbedingungen zu st\u00e4rken und die Qualit\u00e4t und Produktivit\u00e4t der Ernte zu verbessern. <\/p>\n","protected":false},"excerpt":{"rendered":"<ul>\n<li><strong>Siliziumreiches Basaltpulver<\/strong>: Nat\u00fcrlicher D\u00fcnger, der Silizium und essentielle Mikroelemente f\u00fcr alle Arten von Pflanzen liefert.<\/li>\n<li><strong>Vulkanisches Eruptivgestein<\/strong>: Basaltpulver enth\u00e4lt Kiesels\u00e4ure, Kalzium, Magnesium und Eisen und ist sowohl f\u00fcr den konventionellen als auch f\u00fcr den \u00f6kologischen Landbau geeignet.<\/li>\n<li><strong>Ideal f\u00fcr arme B\u00f6den<\/strong>: Die regelm\u00e4\u00dfige Anwendung von Gesteinsmehl verbessert die Kationenaustauschkapazit\u00e4t und optimiert die N\u00e4hrstoffbindung im Boden.<\/li>\n<li><strong>Korrigiert Bodenvergiftungen<\/strong>: Hilft bei der Reduzierung von Vergiftungen, die durch einen \u00dcberschuss an Aluminium, Eisen oder Mangan verursacht werden, und f\u00f6rdert so ein gesundes Gleichgewicht f\u00fcr Pflanzen.<\/li>\n<\/ul>\n","protected":false},"featured_media":14745,"comment_status":"open","ping_status":"closed","template":"","meta":{"_acf_changed":false},"product_brand":[],"product_cat":[364,775],"product_tag":[],"woo-feed-brand":[],"class_list":{"0":"post-20376","1":"product","2":"type-product","3":"status-publish","4":"has-post-thumbnail","6":"product_cat-professioneller-okologischer-gartenbau","7":"product_cat-sacas-de","9":"first","10":"instock","11":"taxable","12":"shipping-taxable","13":"purchasable","14":"product-type-variable"},"acf":[],"_links":{"self":[{"href":"https:\/\/cultivers.es\/de\/wp-json\/wp\/v2\/product\/20376","targetHints":{"allow":["GET"]}}],"collection":[{"href":"https:\/\/cultivers.es\/de\/wp-json\/wp\/v2\/product"}],"about":[{"href":"https:\/\/cultivers.es\/de\/wp-json\/wp\/v2\/types\/product"}],"replies":[{"embeddable":true,"href":"https:\/\/cultivers.es\/de\/wp-json\/wp\/v2\/comments?post=20376"}],"wp:featuredmedia":[{"embeddable":true,"href":"https:\/\/cultivers.es\/de\/wp-json\/wp\/v2\/media\/14745"}],"wp:attachment":[{"href":"https:\/\/cultivers.es\/de\/wp-json\/wp\/v2\/media?parent=20376"}],"wp:term":[{"taxonomy":"product_brand","embeddable":true,"href":"https:\/\/cultivers.es\/de\/wp-json\/wp\/v2\/product_brand?post=20376"},{"taxonomy":"product_cat","embeddable":true,"href":"https:\/\/cultivers.es\/de\/wp-json\/wp\/v2\/product_cat?post=20376"},{"taxonomy":"product_tag","embeddable":true,"href":"https:\/\/cultivers.es\/de\/wp-json\/wp\/v2\/product_tag?post=20376"},{"taxonomy":"woo-feed-brand","embeddable":true,"href":"https:\/\/cultivers.es\/de\/wp-json\/wp\/v2\/woo-feed-brand?post=20376"}],"curies":[{"name":"wp","href":"https:\/\/api.w.org\/{rel}","templated":true}]}}