{"id":20378,"date":"2022-03-31T12:04:29","date_gmt":"2022-03-31T12:04:29","guid":{"rendered":"https:\/\/cultivers.es\/abonos\/blutmehl-bigbag-und-25kg-saecke-auf-paletten\/"},"modified":"2025-09-22T05:19:01","modified_gmt":"2025-09-22T05:19:01","slug":"blutmehl-bigbag-und-25kg-sacke-auf-palette","status":"publish","type":"product","link":"https:\/\/cultivers.es\/de\/d\u00fcngemittel\/blutmehl-bigbag-und-25kg-sacke-auf-palette\/","title":{"rendered":"Blutmehl Bigbag und 25kg-S\u00e4cke auf Paletten"},"content":{"rendered":"<div id=\"dpx-product-description_feature_div\">\n<div class=\"celwidget\" data-csa-c-id=\"mdcyhe-ls0iz6-ohfoul-lrk501\">\n<div id=\"descriptionAndDetails\" class=\"a-section a-spacing-extra-large\">\n<div id=\"productDescription_feature_div\" class=\"celwidget\" data-feature-name=\"productDescription\" data-csa-c-id=\"e9phv9-53ceub-yamamk-mh29o4\">\n<div>\n<div id=\"productDescription_feature_div\" class=\"a-row feature\" data-feature-name=\"productDescription\" data-template-name=\"productDescription\">\n<div id=\"productDescription\" class=\"a-section a-spacing-small\"><\/div>\n<\/div>\n<\/div>\n<\/div>\n<\/div>\n<\/div>\n<\/div>\n<div id=\"dpx-aplus-sustainability-story_feature_div\">\n<div class=\"celwidget\" data-csa-c-id=\"o1xnc8-4310n8-y4abaz-z38w6j\">\n<div id=\"aplusSustainabilityStory_feature_div\" class=\"celwidget\" data-feature-name=\"aplusSustainabilityStory\" data-csa-c-id=\"i4vhbq-shwdvw-8ckiob-xkws1w\">\n<p><strong>Blutmehl<\/strong> ist ein organischer D\u00fcnger mit hohem Stickstoffgehalt, der aus tierischen Nebenprodukten gewonnen wird und sich ideal zur F\u00f6rderung des Pflanzenwachstums in den anspruchsvollsten Phasen eignet. Stickstoff ist f\u00fcr Pflanzen essentiell, da er Teil von Verbindungen mit hohem Molekulargewicht wie Proteinen und Nukleins\u00e4uren ist, die f\u00fcr eine optimale Entwicklung notwendig sind. Ein Mangel an diesem Element kann die Produktion einschr\u00e4nken und Chlorose in den reifen Bl\u00e4ttern und eine Verringerung der Biomasse verursachen.  <\/p>\n<p>Die Ausbringung von Blutmehl erh\u00f6ht die Photosyntheserate und liefert den Stickstoff, den die Pflanzen zu kritischen Zeiten des Wachstums ben\u00f6tigen. Dieser D\u00fcnger zeichnet sich durch seine stabile Formulierung aus: Seine N\u00e4hrstoffe werden nicht durch Regen oder l\u00e4ngeres W\u00e4ssern ausgewaschen, wodurch der Verlust von N\u00e4hrstoffen minimiert und eine Verunreinigung des Grundwassers vermieden wird. Er wird in der Regel direkt in den Boden eingearbeitet, wobei er leicht eingegraben wird, um eine effiziente Aufnahme zu gew\u00e4hrleisten.  <\/p>\n<\/div>\n<\/div>\n<\/div>\n<div id=\"dpx-default-important-information_feature_div\">\n<div class=\"celwidget\" data-csa-c-id=\"cesrqi-bsdurj-22ls72-sjkbqf\">\n<div id=\"importantInformation_feature_div\" class=\"celwidget\" data-feature-name=\"importantInformation\" data-csa-c-id=\"e94z17-jnr5y3-cxktrs-vz7zuf\"><\/div>\n<\/div>\n<\/div>\n<div id=\"sims-consolidated-4_feature_div\">\n<div class=\"celwidget\" data-csa-c-id=\"8frqmh-2ewatn-o3u45d-xh0b75\">\n<div class=\"celwidget pd_rd_w-DRblN pf_rd_p-dcd633b7-cb38-4615-862b-a9bd1fbbb388 pf_rd_r-PFPFAB15HQGYYVMZE8X6 pd_rd_r-6a5163c9-d8be-4e3f-8219-5f4d867f39d5 pd_rd_wg-WDKgq c-f\" data-csa-c-content-id=\"amzn1.sym.dcd633b7-cb38-4615-862b-a9bd1fbbb388\" data-csa-c-slot-id=\"sims-container-4\" data-csa-c-type=\"widget\" data-csa-c-painter=\"p13n-desktop-carousel-cards\" data-csa-c-id=\"1kqu96-te1og-kl38mc-s07hw7\"><\/div>\n<\/div>\n<\/div>\n","protected":false},"excerpt":{"rendered":"<div id=\"featurebullets_feature_div\" class=\"celwidget\" data-feature-name=\"featurebullets\" data-csa-c-id=\"5x5wfr-fvdurm-nwghkk-ji2r82\">\n<div id=\"feature-bullets\" class=\"a-section a-spacing-medium a-spacing-top-small\">\n<ul class=\"a-unordered-list a-vertical a-spacing-mini\">\n<li><strong>Stickstoffreicher organischer D\u00fcnger<\/strong>: Er wird aus Blutmehl hergestellt und bietet eine nat\u00fcrliche und hochkonzentrierte Versorgung mit Stickstoff, der f\u00fcr die Entwicklung von Kulturpflanzen unerl\u00e4sslich ist.<\/li>\n<li><strong>Schnelle und ausgewogene Versorgung<\/strong>: Seine Anwendung gew\u00e4hrleistet eine sofortige Verf\u00fcgbarkeit von Stickstoff und f\u00f6rdert ein konstantes und ausgewogenes Wachstum in allen Phasen der Pflanze.<\/li>\n<li><strong>Allm\u00e4hliche Freisetzung von N\u00e4hrstoffen<\/strong>: Die N\u00e4hrstoffe werden langsam freigesetzt, um den Bedarf der Pflanze w\u00e4hrend ihres Entwicklungszyklus zu decken und Versorgungsspitzen zu vermeiden.<\/li>\n<li><strong>100% zertifiziertes Bioprodukt<\/strong>: Von der CAEE mit der Registrierungsnummer 26172 genehmigt, entspricht es den Standards des \u00f6kologischen Landbaus.<\/li>\n<li><strong>Minimiert Verluste und verhindert Verunreinigungen<\/strong>: Seine Formulierung verhindert, dass Stickstoff durch Regen oder starke Bew\u00e4sserung ausgewaschen wird, was N\u00e4hrstoffverluste reduziert und das Grundwasser sch\u00fctzt.<\/li>\n<\/ul>\n<\/div>\n<\/div>\n","protected":false},"featured_media":14705,"comment_status":"open","ping_status":"closed","template":"","meta":{"_acf_changed":false},"product_brand":[],"product_cat":[364,775],"product_tag":[],"woo-feed-brand":[],"class_list":{"0":"post-20378","1":"product","2":"type-product","3":"status-publish","4":"has-post-thumbnail","6":"product_cat-professioneller-okologischer-gartenbau","7":"product_cat-sacas-de","9":"first","10":"outofstock","11":"taxable","12":"shipping-taxable","13":"purchasable","14":"product-type-variable"},"acf":[],"_links":{"self":[{"href":"https:\/\/cultivers.es\/de\/wp-json\/wp\/v2\/product\/20378","targetHints":{"allow":["GET"]}}],"collection":[{"href":"https:\/\/cultivers.es\/de\/wp-json\/wp\/v2\/product"}],"about":[{"href":"https:\/\/cultivers.es\/de\/wp-json\/wp\/v2\/types\/product"}],"replies":[{"embeddable":true,"href":"https:\/\/cultivers.es\/de\/wp-json\/wp\/v2\/comments?post=20378"}],"wp:featuredmedia":[{"embeddable":true,"href":"https:\/\/cultivers.es\/de\/wp-json\/wp\/v2\/media\/14705"}],"wp:attachment":[{"href":"https:\/\/cultivers.es\/de\/wp-json\/wp\/v2\/media?parent=20378"}],"wp:term":[{"taxonomy":"product_brand","embeddable":true,"href":"https:\/\/cultivers.es\/de\/wp-json\/wp\/v2\/product_brand?post=20378"},{"taxonomy":"product_cat","embeddable":true,"href":"https:\/\/cultivers.es\/de\/wp-json\/wp\/v2\/product_cat?post=20378"},{"taxonomy":"product_tag","embeddable":true,"href":"https:\/\/cultivers.es\/de\/wp-json\/wp\/v2\/product_tag?post=20378"},{"taxonomy":"woo-feed-brand","embeddable":true,"href":"https:\/\/cultivers.es\/de\/wp-json\/wp\/v2\/woo-feed-brand?post=20378"}],"curies":[{"name":"wp","href":"https:\/\/api.w.org\/{rel}","templated":true}]}}