{"id":20379,"date":"2022-03-31T12:00:58","date_gmt":"2022-03-31T12:00:58","guid":{"rendered":"https:\/\/cultivers.es\/abonos\/bigbag-knochenmehl-und-20kg-saecke-auf-palette\/"},"modified":"2025-09-22T05:18:57","modified_gmt":"2025-09-22T05:18:57","slug":"mehl-knochen-mehl-grossack-und-sacke-von-20kg-in-palette","status":"publish","type":"product","link":"https:\/\/cultivers.es\/de\/d\u00fcngemittel\/mehl-knochen-mehl-grossack-und-sacke-von-20kg-in-palette\/","title":{"rendered":"Bigbag Knochenmehl und 20kg-S\u00e4cke auf Palette"},"content":{"rendered":"<p>Pflanzenwurzeln sind f\u00fcr die Erkundung des Bodens und die Aufnahme von Wasser und mineralischen N\u00e4hrstoffen unerl\u00e4sslich. Eine starke, gut entwickelte Wurzel verbessert die Absorptionseffizienz erheblich und reduziert so die Notwendigkeit einer zus\u00e4tzlichen NPK-D\u00fcngung. Dar\u00fcber hinaus werden in den Wurzeln viele der Hormone produziert, die den Stoffwechsel regulieren und an wichtigen Funktionen wie Zellteilung und -verdickung, Streckung und Fruchtentwicklung beteiligt sind.  <\/p>\n<p>Kalzium hingegen tr\u00e4gt zur Widerstandsf\u00e4higkeit und Anpassung der Pflanze bei. Als wesentliches Element der Zellwand verbessert dieser Mineralstoff die Durchl\u00e4ssigkeit und erh\u00f6ht die Festigkeit, Qualit\u00e4t und Haltbarkeit der Fr\u00fcchte nach der Ernte. <\/p>\n<p>Dieser nat\u00fcrliche D\u00fcnger eignet sich perfekt f\u00fcr die Anpflanzung von B\u00e4umen und Str\u00e4uchern, da er eine solide Verwurzelung f\u00f6rdert, die Bl\u00fcte anregt und die Fruchtproduktion ankurbelt. Er unterst\u00fctzt ein gesundes und produktives Wachstum in jedem Entwicklungsstadium.<\/p>\n","protected":false},"excerpt":{"rendered":"<ul>\n<li><strong>Nat\u00fcrlicher D\u00fcnger, reich an Phosphor und Kalzium<\/strong>: Liefert wichtige N\u00e4hrstoffe f\u00fcr alle Arten von Pflanzen und verbessert die Bodenfruchtbarkeit auf nachhaltige Weise.<\/li>\n<li><strong>F\u00f6rdert die Verwurzelung und das gesunde Wachstum<\/strong>: Stimuliert eine robuste Wurzelentwicklung, erh\u00f6ht die N\u00e4hrstoffaufnahme und f\u00f6rdert eine \u00fcppige Bl\u00fcte.<\/li>\n<li><strong>Verbessert den Fruchtansatz und die Fruchtqualit\u00e4t<\/strong>: Erh\u00f6ht die Menge und Gr\u00f6\u00dfe der Fr\u00fcchte und verbessert so den Ernteertrag.<\/li>\n<li><strong>St\u00e4rkt die Widerstandsf\u00e4higkeit gegen Sch\u00e4dlinge und Umweltstress<\/strong>: Es verleiht den Pflanzen Kraft und hilft ihnen, Sch\u00e4dlingen und widrigen Bedingungen besser zu widerstehen.<\/li>\n<li><strong>Vielseitig und f\u00fcr verschiedene Kulturen geeignet<\/strong>: Ideal f\u00fcr Obstg\u00e4rten, G\u00e4rten und Zierpflanzen, die eine nat\u00fcrliche N\u00e4hrstoffversorgung f\u00fcr alle Arten von Pflanzen bieten.<\/li>\n<\/ul>\n","protected":false},"featured_media":14750,"comment_status":"open","ping_status":"closed","template":"","meta":{"_acf_changed":false},"product_brand":[],"product_cat":[364,775],"product_tag":[],"woo-feed-brand":[],"class_list":{"0":"post-20379","1":"product","2":"type-product","3":"status-publish","4":"has-post-thumbnail","6":"product_cat-professioneller-okologischer-gartenbau","7":"product_cat-sacas-de","9":"first","10":"outofstock","11":"taxable","12":"shipping-taxable","13":"purchasable","14":"product-type-variable"},"acf":[],"_links":{"self":[{"href":"https:\/\/cultivers.es\/de\/wp-json\/wp\/v2\/product\/20379","targetHints":{"allow":["GET"]}}],"collection":[{"href":"https:\/\/cultivers.es\/de\/wp-json\/wp\/v2\/product"}],"about":[{"href":"https:\/\/cultivers.es\/de\/wp-json\/wp\/v2\/types\/product"}],"replies":[{"embeddable":true,"href":"https:\/\/cultivers.es\/de\/wp-json\/wp\/v2\/comments?post=20379"}],"wp:featuredmedia":[{"embeddable":true,"href":"https:\/\/cultivers.es\/de\/wp-json\/wp\/v2\/media\/14750"}],"wp:attachment":[{"href":"https:\/\/cultivers.es\/de\/wp-json\/wp\/v2\/media?parent=20379"}],"wp:term":[{"taxonomy":"product_brand","embeddable":true,"href":"https:\/\/cultivers.es\/de\/wp-json\/wp\/v2\/product_brand?post=20379"},{"taxonomy":"product_cat","embeddable":true,"href":"https:\/\/cultivers.es\/de\/wp-json\/wp\/v2\/product_cat?post=20379"},{"taxonomy":"product_tag","embeddable":true,"href":"https:\/\/cultivers.es\/de\/wp-json\/wp\/v2\/product_tag?post=20379"},{"taxonomy":"woo-feed-brand","embeddable":true,"href":"https:\/\/cultivers.es\/de\/wp-json\/wp\/v2\/woo-feed-brand?post=20379"}],"curies":[{"name":"wp","href":"https:\/\/api.w.org\/{rel}","templated":true}]}}