{"id":20380,"date":"2022-03-31T12:00:57","date_gmt":"2022-03-31T12:00:57","guid":{"rendered":"https:\/\/cultivers.es\/abonos\/kompost-mit-oekologischem-guano-bigbag-und-25kg-saecke-auf-palette\/"},"modified":"2025-09-22T04:36:46","modified_gmt":"2025-09-22T04:36:46","slug":"kompostieren-mit-okologischem-guano-bigbag-und-25kg-sacken-auf-palette","status":"publish","type":"product","link":"https:\/\/cultivers.es\/de\/d\u00fcngemittel\/kompostieren-mit-okologischem-guano-bigbag-und-25kg-sacken-auf-palette\/","title":{"rendered":"Bio-D\u00fcnger mit Bio-Bigbag und 25kg-S\u00e4cken auf Palette"},"content":{"rendered":"<div id=\"dpx-product-description_feature_div\">\n<div class=\"celwidget\" data-csa-c-id=\"5jyizg-4o2ji4-od18pl-sv9ler\" data-cel-widget=\"dpx-product-description_csm_instrumentation_wrapper\">\n<div id=\"descriptionAndDetails\" class=\"a-section a-spacing-extra-large\">\n<div id=\"productDescription_feature_div\" class=\"celwidget\" data-feature-name=\"productDescription\" data-csa-c-id=\"jg15ak-vfn0hs-n6a0uj-smv9th\" data-cel-widget=\"productDescription_feature_div\">\n<div id=\"productDescription_feature_div\" class=\"a-row feature\" data-feature-name=\"productDescription\" data-template-name=\"productDescription\" data-cel-widget=\"productDescription_feature_div\">\n<div id=\"productDescription\" class=\"a-section a-spacing-small\">\n<p>Mikrogranulierter organischer D\u00fcnger zur Verbesserung der Produktivit\u00e4t und Qualit\u00e4t Ihrer Pflanzen. Dieser organische D\u00fcnger zeichnet sich durch seinen hohen Gehalt an organischer Substanz (50%) aus, der die Speicherung von Wasser und N\u00e4hrstoffen im Boden beg\u00fcnstigt und so ein ges\u00fcnderes und effizienteres Wachstum von Orangen- und Mandarinenb\u00e4umen erm\u00f6glicht. Seine ausgewogene Formel (NPK 6-7-10) liefert Stickstoff f\u00fcr eine kr\u00e4ftige vegetative Entwicklung, Phosphor zur St\u00e4rkung der Wurzeln und Kalium zur Verbesserung der Widerstandsf\u00e4higkeit und Qualit\u00e4t der Fr\u00fcchte. Die langsame Freisetzung der N\u00e4hrstoffe gew\u00e4hrleistet eine konstante N\u00e4hrstoffzufuhr w\u00e4hrend des gesamten Erntezyklus, was zu einer reichen Ernte mit Fr\u00fcchten von hervorragender Gr\u00f6\u00dfe, Geschmack und Saftigkeit f\u00fchrt. Dar\u00fcber hinaus tr\u00e4gt sein nachhaltiger Ansatz zur Erhaltung des Bodens bei und f\u00f6rdert die mikrobielle Aktivit\u00e4t, wodurch die Abh\u00e4ngigkeit von Chemikalien verringert wird. Landwirte, die es verwendet haben, berichten von einer sp\u00fcrbaren Steigerung des Ertrags und der Qualit\u00e4t ihrer Ernten.     <\/p>\n<\/div>\n<\/div>\n<\/div>\n<\/div>\n<\/div>\n<\/div>\n","protected":false},"excerpt":{"rendered":"<ul>\n<li>Verbesserte Fruchtbarkeit und R\u00fcckhaltung: Mit 50 % organischer Substanz revitalisiert es den Boden und optimiert die N\u00e4hrstoff- und Wasserspeicherung f\u00fcr eine maximale Wurzelaufnahme.<\/li>\n<li>Langsame Freisetzung von N\u00e4hrstoffen: Sorgt f\u00fcr eine konstante N\u00e4hrstoffzufuhr w\u00e4hrend des gesamten Erntezyklus und gew\u00e4hrleistet so eine Ernte von hochwertigen, gr\u00f6\u00dferen, saftigeren und schmackhafteren Orangen und Mandarinen.<\/li>\n<li>NPK 6-7-10 ausgewogene Formel: Geeignet f\u00fcr alle Kulturen, verbessert das Blattwachstum, das Wurzelwachstum und die Fruchtqualit\u00e4t und unterst\u00fctzt die nat\u00fcrliche Entwicklung der B\u00e4ume.<\/li>\n<li>Nachhaltigkeit bei jeder Anwendung: F\u00f6rdert die n\u00fctzliche mikrobielle Aktivit\u00e4t, sch\u00fctzt die Bodenfruchtbarkeit und die Umwelt.<\/li>\n<\/ul>\n","protected":false},"featured_media":14730,"comment_status":"open","ping_status":"closed","template":"","meta":{"_acf_changed":false},"product_brand":[],"product_cat":[364,775],"product_tag":[],"woo-feed-brand":[],"class_list":{"0":"post-20380","1":"product","2":"type-product","3":"status-publish","4":"has-post-thumbnail","6":"product_cat-professioneller-okologischer-gartenbau","7":"product_cat-sacas-de","9":"first","10":"instock","11":"taxable","12":"shipping-taxable","13":"purchasable","14":"product-type-variable"},"acf":[],"_links":{"self":[{"href":"https:\/\/cultivers.es\/de\/wp-json\/wp\/v2\/product\/20380","targetHints":{"allow":["GET"]}}],"collection":[{"href":"https:\/\/cultivers.es\/de\/wp-json\/wp\/v2\/product"}],"about":[{"href":"https:\/\/cultivers.es\/de\/wp-json\/wp\/v2\/types\/product"}],"replies":[{"embeddable":true,"href":"https:\/\/cultivers.es\/de\/wp-json\/wp\/v2\/comments?post=20380"}],"wp:featuredmedia":[{"embeddable":true,"href":"https:\/\/cultivers.es\/de\/wp-json\/wp\/v2\/media\/14730"}],"wp:attachment":[{"href":"https:\/\/cultivers.es\/de\/wp-json\/wp\/v2\/media?parent=20380"}],"wp:term":[{"taxonomy":"product_brand","embeddable":true,"href":"https:\/\/cultivers.es\/de\/wp-json\/wp\/v2\/product_brand?post=20380"},{"taxonomy":"product_cat","embeddable":true,"href":"https:\/\/cultivers.es\/de\/wp-json\/wp\/v2\/product_cat?post=20380"},{"taxonomy":"product_tag","embeddable":true,"href":"https:\/\/cultivers.es\/de\/wp-json\/wp\/v2\/product_tag?post=20380"},{"taxonomy":"woo-feed-brand","embeddable":true,"href":"https:\/\/cultivers.es\/de\/wp-json\/wp\/v2\/woo-feed-brand?post=20380"}],"curies":[{"name":"wp","href":"https:\/\/api.w.org\/{rel}","templated":true}]}}