{"id":20381,"date":"2022-03-31T12:00:57","date_gmt":"2022-03-31T12:00:57","guid":{"rendered":"https:\/\/cultivers.es\/abonos\/regenwurmhumus-bigbag-und-paletten-in-20-kg-saecken\/"},"modified":"2025-09-22T04:40:09","modified_gmt":"2025-09-22T04:40:09","slug":"wurm-humus-bigbag-und-paletten-in-20-kg-sacken","status":"publish","type":"product","link":"https:\/\/cultivers.es\/de\/d\u00fcngemittel\/wurm-humus-bigbag-und-paletten-in-20-kg-sacken\/","title":{"rendered":"Regenwurmhumus Bigbag und Paletten in 20 kg S\u00e4cken"},"content":{"rendered":"<p>Die kontinuierliche Verwendung von Wurmhumus verbessert die Bodeneigenschaften erheblich und steigert die Qualit\u00e4t und Produktivit\u00e4t der Ernte. Dieser fein verteilte, stabilisierte und humifizierte organische Kompost bietet eine ideale Struktur mit hoher Porosit\u00e4t, Bel\u00fcftung, Drainage und hervorragender Feuchtigkeitsspeicherf\u00e4higkeit. Dar\u00fcber hinaus enth\u00e4lt er N\u00e4hrstoffe in pflanzenverf\u00fcgbarer Form, was ein gesundes Wachstum f\u00f6rdert.  <\/p>\n<p>Mit seiner hohen mikrobiellen Aktivit\u00e4t verbessert der Regenwurmhumus nicht nur das Pflanzenwachstum, sondern wirkt auch als nat\u00fcrliches Mittel zur Bek\u00e4mpfung von Nematoden und anderen Bodenpathogenen. Er tr\u00e4gt dazu bei, die Verf\u00fcgbarkeit von Schwermetallen zu ver\u00e4ndern und beeinflusst die Adsorption und den Abbau von Pestiziden, was zur Regenerierung gesch\u00e4digter B\u00f6den beitr\u00e4gt. <\/p>\n<p>Der aus der Zersetzung organischer Stoffe durch Regenw\u00fcrmer der Art <em>Eisenia foetida<\/em> gewonnene Humus ist von Natur aus mit Phytohormonen angereichert, die das Pflanzenwachstum regulieren. Seine hohe mikrobielle Dichte (1 Gramm enth\u00e4lt etwa 2 Billionen Mikroorganismen) belebt den Boden schnell wieder und verbessert seine Struktur, die Bel\u00fcftung und das Wasserhalteverm\u00f6gen. Sein neutraler pH-Wert macht es mit jeder Art von Boden kompatibel und dank seines niedrigen C\/N-Verh\u00e4ltnisses werden die N\u00e4hrstoffe schnell mineralisiert und freigesetzt, was eine optimale Ern\u00e4hrung der Pflanzen gew\u00e4hrleistet und die Entwicklung starker Wurzeln beg\u00fcnstigt.  <\/p>\n","protected":false},"excerpt":{"rendered":"<div id=\"featurebullets_feature_div\" class=\"celwidget\" data-feature-name=\"featurebullets\" data-csa-c-id=\"iso7s1-61shkv-a5qz2z-sgo3f4\" data-cel-widget=\"featurebullets_feature_div\">\n<div id=\"feature-bullets\" class=\"a-section a-spacing-medium a-spacing-top-small\">\n<ul class=\"a-unordered-list a-vertical a-spacing-mini\">\n<li><strong>100% biologischer und hochwertiger Wurmhumus<\/strong>: Ein v\u00f6llig nat\u00fcrliches und zertifiziertes Produkt, ideal f\u00fcr den nachhaltigen und biologischen Anbau.<\/li>\n<li><strong>Hohe Dichte an n\u00fctzlichen Mikroorganismen<\/strong>: Ein einziges Gramm enth\u00e4lt etwa 2 Milliarden Mikroorganismen, die den Boden bereichern und seine Fruchtbarkeit erh\u00f6hen.<\/li>\n<li><strong>Kontinuierliche Verbesserung der Bodeneigenschaften<\/strong>: Verbessert die Bodenstruktur, die Durchl\u00fcftung und die Feuchtigkeitsspeicherung und tr\u00e4gt so zur Schaffung eines f\u00fcr die Wurzelentwicklung g\u00fcnstigen Umfelds bei.<\/li>\n<li><strong>Wurzelstimulator und N\u00e4hrstoffaufnahme<\/strong>: Sein neutraler pH-Wert erm\u00f6glicht die Anwendung in jeder Art von Boden und liefert organisches Material, das die N\u00e4hrstoffaufnahme und die Wurzelentwicklung verbessert.<\/li>\n<li><strong>Erh\u00f6ht die Qualit\u00e4t der Ernte und die Ertr\u00e4ge<\/strong>: Mit einem niedrigen C\/N-Verh\u00e4ltnis erm\u00f6glicht es eine schnelle Mineralisierung und N\u00e4hrstofffreisetzung. Sohiscert Registrierungsnummer: CV237PAE-07. <\/li>\n<\/ul>\n<\/div>\n<\/div>\n","protected":false},"featured_media":14740,"comment_status":"open","ping_status":"closed","template":"","meta":{"_acf_changed":false},"product_brand":[],"product_cat":[364,775],"product_tag":[],"class_list":{"0":"post-20381","1":"product","2":"type-product","3":"status-publish","4":"has-post-thumbnail","6":"product_cat-professioneller-okologischer-gartenbau","7":"product_cat-sacas-de","9":"first","10":"instock","11":"taxable","12":"shipping-taxable","13":"purchasable","14":"product-type-variable"},"acf":[],"_links":{"self":[{"href":"https:\/\/cultivers.es\/de\/wp-json\/wp\/v2\/product\/20381","targetHints":{"allow":["GET"]}}],"collection":[{"href":"https:\/\/cultivers.es\/de\/wp-json\/wp\/v2\/product"}],"about":[{"href":"https:\/\/cultivers.es\/de\/wp-json\/wp\/v2\/types\/product"}],"replies":[{"embeddable":true,"href":"https:\/\/cultivers.es\/de\/wp-json\/wp\/v2\/comments?post=20381"}],"wp:featuredmedia":[{"embeddable":true,"href":"https:\/\/cultivers.es\/de\/wp-json\/wp\/v2\/media\/14740"}],"wp:attachment":[{"href":"https:\/\/cultivers.es\/de\/wp-json\/wp\/v2\/media?parent=20381"}],"wp:term":[{"taxonomy":"product_brand","embeddable":true,"href":"https:\/\/cultivers.es\/de\/wp-json\/wp\/v2\/product_brand?post=20381"},{"taxonomy":"product_cat","embeddable":true,"href":"https:\/\/cultivers.es\/de\/wp-json\/wp\/v2\/product_cat?post=20381"},{"taxonomy":"product_tag","embeddable":true,"href":"https:\/\/cultivers.es\/de\/wp-json\/wp\/v2\/product_tag?post=20381"}],"curies":[{"name":"wp","href":"https:\/\/api.w.org\/{rel}","templated":true}]}}