{"id":20382,"date":"2022-03-31T12:00:57","date_gmt":"2022-03-31T12:00:57","guid":{"rendered":"https:\/\/cultivers.es\/abonos\/fluessige-huminsaeuren-1000l-tank-und-20l-flaschen-auf-palette\/"},"modified":"2025-09-22T04:37:12","modified_gmt":"2025-09-22T04:37:12","slug":"acidos-humicos-liquido-liquido-deposito-1000l-y-garrafas-de-20l-palet","status":"publish","type":"product","link":"https:\/\/cultivers.es\/de\/d\u00fcngemittel\/acidos-humicos-liquido-liquido-deposito-1000l-y-garrafas-de-20l-palet\/","title":{"rendered":"Fl\u00fcssige Humins\u00e4uren 1000L Tank und 20L Flaschen auf Palette"},"content":{"rendered":"<p class=\"p1\">Dieser fl\u00fcssige Humin- und Fulvos\u00e4ured\u00fcnger, der aus hochwertigem Leonardit gewonnen wird, ist speziell f\u00fcr Bew\u00e4sserungssysteme entwickelt worden. Seine homogene Zusammensetzung ist <span class=\"Apple-converted-space\">  <\/span>kompatibel mit NPK-D\u00fcngern, verhindert die Bildung von unl\u00f6slichen Ausf\u00e4llungen und erh\u00f6ht deren Wirksamkeit.<\/p>\n<p class=\"p1\">Bei regelm\u00e4\u00dfiger Anwendung w\u00e4hrend des gesamten Erntezyklus hilft dieses Produkt, die Bodenfruchtbarkeit zu erhalten, unterst\u00fctzt die Pflanzenentwicklung in jeder Phase des Wachstumszyklus und tr\u00e4gt positiv zu Pflanzenwachstum und Ertrag bei, w\u00e4hrend ein fruchtbarer und biologisch aktiver Boden erhalten bleibt.<\/p>\n","protected":false},"excerpt":{"rendered":"<ul>\n<li><strong>Verbesserung der Bodenfruchtbarkeit<\/strong>: Fl\u00fcssige Humin- und Fulvos\u00e4uren tragen direkt zur Bodenfruchtbarkeit bei. Sie wirken als Bodenverbesserer, die den Boden anreichern und die Entwicklung n\u00fctzlicher Mikroorganismen f\u00f6rdern, die f\u00fcr einen produktiven und ausgewogenen Boden unerl\u00e4sslich sind.<\/li>\n<li><strong>NPK-N\u00e4hrstoffoptimierung<\/strong>: Wenn sie zusammen mit NPK-D\u00fcngern angewendet werden, erh\u00f6hen sie die Aufnahme dieser N\u00e4hrstoffe erheblich, indem sie die Bildung von unl\u00f6slichen Ausf\u00e4llungen verhindern. So wird sichergestellt, dass die Pflanzen das Beste aus jeder Anwendung herausholen und die wichtigsten N\u00e4hrstoffe erhalten, die sie ben\u00f6tigen.<\/li>\n<li><strong>F\u00f6rdert das Wachstum in allen Phasen<\/strong>: Eine konstante Anwendung w\u00e4hrend des gesamten Wachstumszyklus stimuliert das Pflanzenwachstum in jeder Phase, von der Keimung bis zur Bl\u00fcte, indem es die Zellteilung und die Wurzelentwicklung f\u00f6rdert und so f\u00fcr starke und widerstandsf\u00e4hige Pflanzen sorgt.<\/li>\n<li><strong>Erleichtert die Wasserspeicherung und die Bodenstruktur<\/strong>: Sie verbessern die F\u00e4higkeit des Bodens, Wasser und N\u00e4hrstoffe zu speichern und f\u00f6rdern eine lockere, luftige Struktur, die es den Wurzeln erm\u00f6glicht, Mineralien besser aufzunehmen und Trockenheit besser zu \u00fcberstehen.<\/li>\n<li><strong>Effizient bei der Bew\u00e4sserung<\/strong>: Diese aus Leonardit gewonnenen S\u00e4uren sind aufgrund ihrer Homogenit\u00e4t und Stabilit\u00e4t ideal f\u00fcr die Bew\u00e4sserung geeignet. Sie erm\u00f6glichen eine gleichm\u00e4\u00dfige und kontinuierliche Verteilung der N\u00e4hrstoffe in Bew\u00e4sserungssystemen ohne das Risiko einer Verstopfung und maximieren so die landwirtschaftlichen Ertr\u00e4ge.<\/li>\n<li>\n<\/li>\n<\/ul>\n","protected":false},"featured_media":14725,"comment_status":"open","ping_status":"closed","template":"","meta":{"_acf_changed":false},"product_brand":[],"product_cat":[364,775],"product_tag":[],"woo-feed-brand":[],"class_list":{"0":"post-20382","1":"product","2":"type-product","3":"status-publish","4":"has-post-thumbnail","6":"product_cat-professioneller-okologischer-gartenbau","7":"product_cat-sacas-de","9":"first","10":"instock","11":"taxable","12":"shipping-taxable","13":"purchasable","14":"product-type-variable"},"acf":[],"_links":{"self":[{"href":"https:\/\/cultivers.es\/de\/wp-json\/wp\/v2\/product\/20382","targetHints":{"allow":["GET"]}}],"collection":[{"href":"https:\/\/cultivers.es\/de\/wp-json\/wp\/v2\/product"}],"about":[{"href":"https:\/\/cultivers.es\/de\/wp-json\/wp\/v2\/types\/product"}],"replies":[{"embeddable":true,"href":"https:\/\/cultivers.es\/de\/wp-json\/wp\/v2\/comments?post=20382"}],"wp:featuredmedia":[{"embeddable":true,"href":"https:\/\/cultivers.es\/de\/wp-json\/wp\/v2\/media\/14725"}],"wp:attachment":[{"href":"https:\/\/cultivers.es\/de\/wp-json\/wp\/v2\/media?parent=20382"}],"wp:term":[{"taxonomy":"product_brand","embeddable":true,"href":"https:\/\/cultivers.es\/de\/wp-json\/wp\/v2\/product_brand?post=20382"},{"taxonomy":"product_cat","embeddable":true,"href":"https:\/\/cultivers.es\/de\/wp-json\/wp\/v2\/product_cat?post=20382"},{"taxonomy":"product_tag","embeddable":true,"href":"https:\/\/cultivers.es\/de\/wp-json\/wp\/v2\/product_tag?post=20382"},{"taxonomy":"woo-feed-brand","embeddable":true,"href":"https:\/\/cultivers.es\/de\/wp-json\/wp\/v2\/woo-feed-brand?post=20382"}],"curies":[{"name":"wp","href":"https:\/\/api.w.org\/{rel}","templated":true}]}}