{"id":20383,"date":"2022-03-31T12:00:57","date_gmt":"2022-03-31T12:00:57","guid":{"rendered":"https:\/\/cultivers.es\/abonos\/rohrmelasse-fuer-pflanzen-1000l-tank-und-20l-flaschen-auf-paletten\/"},"modified":"2025-09-22T04:40:15","modified_gmt":"2025-09-22T04:40:15","slug":"melasse-kanister-melasse-fur-pflanzen-depot-1000l-und-20l-paletten-gefase","status":"publish","type":"product","link":"https:\/\/cultivers.es\/de\/d\u00fcngemittel\/melasse-kanister-melasse-fur-pflanzen-depot-1000l-und-20l-paletten-gefase\/","title":{"rendered":"Rohrmelasse f\u00fcr Pflanzen 1000L Tank und 20L Flaschen auf Paletten"},"content":{"rendered":"<p>F\u00fcr den \u00f6kologischen Landbau wird empfohlen, die Entwicklung der Pflanzen durch eine Kombination von n\u00fctzlichen Mikroorganismen zu maximieren, die die N\u00e4hrstoffaufnahme im Boden verbessern. Dieser Fl\u00fcssigd\u00fcnger auf Pflanzenbasis enth\u00e4lt eine hohe Konzentration an organischen Aminos\u00e4uren, die durch enzymatische Hydrolyse gewonnen werden, erg\u00e4nzt durch 42% pflanzliche organische Substanz und 10% Glycin\/Betain. <\/p>\n<p>Das Vorhandensein von Aminos\u00e4uren hilft den Pflanzen, essentielle Proteine zu synthetisieren, die an strukturellen, enzymatischen und nat\u00fcrlichen Abwehrprozessen beteiligt sind. Dar\u00fcber hinaus wirkt Glycin\/Betain als Osmoregulator und hilft der Pflanze, die Auswirkungen von biotischem und abiotischem Stress zu verringern. Diese Formulierung verbessert die Wasser- und N\u00e4hrstoffspeicherung und kann w\u00e4hrend des gesamten Vegetationszyklus angewendet werden. Sie optimiert die Kationenaustauschkapazit\u00e4t des Bodens und f\u00f6rdert das Wachstum des Wurzelsystems f\u00fcr reichhaltigere Ernten.  <\/p>\n","protected":false},"excerpt":{"rendered":"<ul class=\"a-unordered-list a-vertical a-spacing-mini\">\n<li><strong>Nat\u00fcrliche Melasse mit Bio-Zertifizierung<\/strong>: 100% nat\u00fcrliches Produkt, das von der CAAE anerkannt ist und sich f\u00fcr den \u00f6kologischen Landbau eignet.<\/li>\n<li><strong>F\u00f6rdert die Gesundheit und Fruchtbarkeit des Bodens<\/strong>: Stimuliert die mikrobielle Aktivit\u00e4t, verbessert die N\u00e4hrstoffverf\u00fcgbarkeit und f\u00f6rdert die Interaktion zwischen Boden und Pflanze, um die Fruchtbarkeit zu optimieren.<\/li>\n<li><strong>Ideal zur Korrektur von alkalischen B\u00f6den<\/strong>: Seine ausgewogene Formulierung und sein leicht saurer Charakter verbessern die Wachstumsbedingungen in alkalischen B\u00f6den.<\/li>\n<li><strong>Reich an organischen Aminos\u00e4uren<\/strong>: Anwendbar w\u00e4hrend des gesamten Vegetationszyklus, verbessert die physikalisch-chemischen Eigenschaften des Bodens und f\u00f6rdert eine kr\u00e4ftige Pflanzenentwicklung.<\/li>\n<li><strong>Sicheres und nat\u00fcrliches Produkt<\/strong>: V\u00f6llig unsch\u00e4dlich f\u00fcr Tiere und Pflanzen, eine nachhaltige L\u00f6sung f\u00fcr den \u00f6kologischen Anbau.<\/li>\n<\/ul>\n","protected":false},"featured_media":14695,"comment_status":"open","ping_status":"closed","template":"","meta":{"_acf_changed":false},"product_brand":[],"product_cat":[364,775],"product_tag":[],"woo-feed-brand":[],"class_list":{"0":"post-20383","1":"product","2":"type-product","3":"status-publish","4":"has-post-thumbnail","6":"product_cat-professioneller-okologischer-gartenbau","7":"product_cat-sacas-de","9":"first","10":"instock","11":"taxable","12":"shipping-taxable","13":"purchasable","14":"product-type-variable"},"acf":[],"_links":{"self":[{"href":"https:\/\/cultivers.es\/de\/wp-json\/wp\/v2\/product\/20383","targetHints":{"allow":["GET"]}}],"collection":[{"href":"https:\/\/cultivers.es\/de\/wp-json\/wp\/v2\/product"}],"about":[{"href":"https:\/\/cultivers.es\/de\/wp-json\/wp\/v2\/types\/product"}],"replies":[{"embeddable":true,"href":"https:\/\/cultivers.es\/de\/wp-json\/wp\/v2\/comments?post=20383"}],"wp:featuredmedia":[{"embeddable":true,"href":"https:\/\/cultivers.es\/de\/wp-json\/wp\/v2\/media\/14695"}],"wp:attachment":[{"href":"https:\/\/cultivers.es\/de\/wp-json\/wp\/v2\/media?parent=20383"}],"wp:term":[{"taxonomy":"product_brand","embeddable":true,"href":"https:\/\/cultivers.es\/de\/wp-json\/wp\/v2\/product_brand?post=20383"},{"taxonomy":"product_cat","embeddable":true,"href":"https:\/\/cultivers.es\/de\/wp-json\/wp\/v2\/product_cat?post=20383"},{"taxonomy":"product_tag","embeddable":true,"href":"https:\/\/cultivers.es\/de\/wp-json\/wp\/v2\/product_tag?post=20383"},{"taxonomy":"woo-feed-brand","embeddable":true,"href":"https:\/\/cultivers.es\/de\/wp-json\/wp\/v2\/woo-feed-brand?post=20383"}],"curies":[{"name":"wp","href":"https:\/\/api.w.org\/{rel}","templated":true}]}}