{"id":35907,"date":"2024-10-24T05:49:54","date_gmt":"2024-10-24T05:49:54","guid":{"rendered":"https:\/\/cultivers.es\/abonos\/gruener-duenger-bio-erbsen-samen\/"},"modified":"2026-03-14T10:06:35","modified_gmt":"2026-03-14T10:06:35","slug":"gruener-duenger-bio-erbsen-samen","status":"publish","type":"product","link":"https:\/\/cultivers.es\/de\/d\u00fcngemittel\/gruener-duenger-bio-erbsen-samen\/","title":{"rendered":"Gr\u00fcner D\u00fcnger Erbsensamen Eco"},"content":{"rendered":"","protected":false},"excerpt":{"rendered":"<p>Verbessern Sie die Gesundheit und Fruchtbarkeit Ihres Bodens mit unseren Bio-Erbsensamen f\u00fcr Gr\u00fcnkompost. Erbsen sind nicht nur eine ausgezeichnete Wahl f\u00fcr den Anbau von Gr\u00fcnd\u00fcngung, sie helfen auch, Stickstoff im Boden zu binden und diesen auf nat\u00fcrliche Weise anzureichern. Dies f\u00f6rdert ein ges\u00fcnderes Wachstum Ihrer Hauptkulturen, ohne dass Sie chemische D\u00fcngemittel einsetzen m\u00fcssen. Erbsen sind ideal f\u00fcr die Fruchtfolge und eine robuste, einfach anzubauende Pflanze, von der Ihr Garten in mehrfacher Hinsicht profitiert.   <\/p>\n<ul>\n<li><strong>Nat\u00fcrliche Stickstofffixierung:<\/strong> Als H\u00fclsenfr\u00fcchte haben Erbsen die F\u00e4higkeit, Stickstoff im Boden zu fixieren und so dessen Fruchtbarkeit auf nat\u00fcrliche Weise zu verbessern. Dies kommt zuk\u00fcnftigen Ernten zugute und hilft, den Bedarf an zus\u00e4tzlichen D\u00fcngemitteln zu verringern. <\/li>\n<li><strong>Verbessert die Bodenstruktur:<\/strong> Das Wurzelsystem der Erbsen verbessert die Bodenstruktur und erh\u00f6ht die F\u00e4higkeit, Wasser und Luft zu binden, was zu einem ges\u00fcnderen Boden f\u00fchrt, der f\u00fcr eine Vielzahl von Pflanzen geeignet ist.<\/li>\n<li><strong>Erosionsschutz:<\/strong> Der Anbau von Erbsen als Gr\u00fcnd\u00fcngung tr\u00e4gt dazu bei, den Boden vor Erosion und N\u00e4hrstoffverlusten zu sch\u00fctzen, insbesondere in Zeiten, in denen der Garten nicht aktiv bewirtschaftet wird.<\/li>\n<li><strong>Einfacher Anbau:<\/strong> Erbsen sind robuste Pflanzen, die sich gut an unterschiedliche klimatische Bedingungen und B\u00f6den anpassen. Sie sind einfach zu pflanzen und zu pflegen und damit eine ausgezeichnete Wahl f\u00fcr jeden G\u00e4rtner, der die Gesundheit seines Bodens verbessern m\u00f6chte. <\/li>\n<li><strong>Biologischer Anbau:<\/strong> Unsere Erbsensamen sind 100% biologisch, frei von Pestiziden und Chemikalien, was einen sicheren und umweltfreundlichen Anbau garantiert. So wird sichergestellt, dass Ihr Gr\u00fcnd\u00fcnger wirklich nat\u00fcrlich ist und sich positiv auf das \u00d6kosystem Ihres Gartens auswirkt. <\/li>\n<\/ul>\n<p>Verbessern Sie die Gesundheit Ihres Bodens auf nat\u00fcrliche Weise mit unseren Bio-Erbsensamen f\u00fcr gr\u00fcnen Kompost. Diese Samen sind einfach zu z\u00fcchten und helfen Ihnen, einen ges\u00fcnderen und produktiveren Garten zu schaffen. Bestellen Sie noch heute und beginnen Sie, Ihren Boden mit Hilfe von Erbsen zu ver\u00e4ndern!  <\/p>\n","protected":false},"featured_media":35896,"comment_status":"open","ping_status":"closed","template":"","meta":{"_acf_changed":false},"product_brand":[],"product_cat":[419,1266],"product_tag":[1580],"class_list":{"0":"post-35907","1":"product","2":"type-product","3":"status-publish","4":"has-post-thumbnail","6":"product_cat-bio-saatgut","7":"product_cat-gruner-dunger-grune-deckpflanzen","8":"product_tag-oko","10":"first","11":"instock","12":"taxable","13":"shipping-taxable","14":"purchasable","15":"product-type-simple"},"acf":[],"_links":{"self":[{"href":"https:\/\/cultivers.es\/de\/wp-json\/wp\/v2\/product\/35907","targetHints":{"allow":["GET"]}}],"collection":[{"href":"https:\/\/cultivers.es\/de\/wp-json\/wp\/v2\/product"}],"about":[{"href":"https:\/\/cultivers.es\/de\/wp-json\/wp\/v2\/types\/product"}],"replies":[{"embeddable":true,"href":"https:\/\/cultivers.es\/de\/wp-json\/wp\/v2\/comments?post=35907"}],"wp:featuredmedia":[{"embeddable":true,"href":"https:\/\/cultivers.es\/de\/wp-json\/wp\/v2\/media\/35896"}],"wp:attachment":[{"href":"https:\/\/cultivers.es\/de\/wp-json\/wp\/v2\/media?parent=35907"}],"wp:term":[{"taxonomy":"product_brand","embeddable":true,"href":"https:\/\/cultivers.es\/de\/wp-json\/wp\/v2\/product_brand?post=35907"},{"taxonomy":"product_cat","embeddable":true,"href":"https:\/\/cultivers.es\/de\/wp-json\/wp\/v2\/product_cat?post=35907"},{"taxonomy":"product_tag","embeddable":true,"href":"https:\/\/cultivers.es\/de\/wp-json\/wp\/v2\/product_tag?post=35907"}],"curies":[{"name":"wp","href":"https:\/\/api.w.org\/{rel}","templated":true}]}}