{"id":36377,"date":"2024-09-26T08:06:48","date_gmt":"2024-09-26T08:06:48","guid":{"rendered":"https:\/\/cultivers.es\/abonos\/green-vibes-zeitschrift-no1-pdf\/"},"modified":"2025-09-22T04:51:33","modified_gmt":"2025-09-22T04:51:33","slug":"green-vibes-zeitschrift-no1-pdf","status":"publish","type":"product","link":"https:\/\/cultivers.es\/de\/d\u00fcngemittel\/green-vibes-zeitschrift-no1-pdf\/","title":{"rendered":"Green Vibes Zeitschrift N\u00ba1 (PDF)"},"content":{"rendered":"<p>[et_pb_section fb_built=&#8220;1&#8243; _builder_version=&#8220;4.16&#8243; custom_padding=&#8220;0px||||false|false&#8220; global_colors_info=&#8220;{}&#8220;][et_pb_row _builder_version=&#8220;4.16&#8243; background_size=&#8220;initial&#8220; background_position=&#8220;top_left&#8220; background_repeat=&#8220;repeat&#8220; width=&#8220;100%&#8220; custom_padding=&#8220;0px||0px||false|false&#8220; global_colors_info=&#8220;{}&#8220;][et_pb_column type=&#8220;4_4&#8243; _builder_version=&#8220;4.16&#8243; custom_padding=&#8220;|||&#8220; global_colors_info=&#8220;{}&#8220; custom_padding__hover=&#8220;|||&#8220;][et_pb_wc_breadcrumb admin_label=&#8220;Woo Pan rallado&#8220; _builder_version=&#8220;4.27.0&#8243; global_colors_info=&#8220;{}&#8220;][\/et_pb_wc_breadcrumb][et_pb_wc_cart_notice _builder_version=&#8220;4.16&#8243; global_colors_info=&#8220;{}&#8220;][\/et_pb_wc_cart_notice][\/et_pb_column][\/et_pb_row][et_pb_row column_structure=&#8220;1_2,1_2&#8243; _builder_version=&#8220;4.16&#8243; background_size=&#8220;initial&#8220; background_position=&#8220;top_left&#8220; background_repeat=&#8220;repeat&#8220; width=&#8220;100%&#8220; custom_padding=&#8220;0px||||false|false&#8220; global_colors_info=&#8220;{}&#8220;][et_pb_column type=&#8220;1_2&#8243; _builder_version=&#8220;4.16&#8243; custom_padding=&#8220;|||&#8220; global_colors_info=&#8220;{}&#8220; custom_padding__hover=&#8220;|||&#8220;][et_pb_wc_images _builder_version=&#8220;4.16&#8243; global_colors_info=&#8220;{}&#8220;][\/et_pb_wc_images][\/et_pb_column][et_pb_column type=&#8220;1_2&#8243; _builder_version=&#8220;4.16&#8243; custom_padding=&#8220;|||&#8220; global_colors_info=&#8220;{}&#8220; custom_padding__hover=&#8220;|||&#8220;][et_pb_wc_title _builder_version=&#8220;4.16&#8243; global_colors_info=&#8220;{}&#8220;][\/et_pb_wc_title][et_pb_wc_rating _builder_version=&#8220;4.16&#8243; global_colors_info=&#8220;{}&#8220;][\/et_pb_wc_rating][et_pb_wc_price _builder_version=&#8220;4.16&#8243; global_colors_info=&#8220;{}&#8220;][\/et_pb_wc_price][et_pb_wc_description _builder_version=&#8220;4.16&#8243; global_colors_info=&#8220;{}&#8220;][\/et_pb_wc_description][et_pb_wc_add_to_cart _builder_version=&#8220;4.16&#8243; global_colors_info=&#8220;{}&#8220;][\/et_pb_wc_add_to_cart][et_pb_wc_meta _builder_version=&#8220;4.16&#8243; global_colors_info=&#8220;{}&#8220;][\/et_pb_wc_meta][\/et_pb_column][\/et_pb_row][et_pb_row _builder_version=&#8220;4.16&#8243; background_size=&#8220;initial&#8220; background_position=&#8220;top_left&#8220; background_repeat=&#8220;repeat&#8220; width=&#8220;100%&#8220; global_colors_info=&#8220;{}&#8220;][et_pb_column type=&#8220;4_4&#8243; _builder_version=&#8220;4.16&#8243; custom_padding=&#8220;|||&#8220; global_colors_info=&#8220;{}&#8220; custom_padding__hover=&#8220;|||&#8220;][et_pb_wc_tabs _builder_version=&#8220;4.16&#8243; global_colors_info=&#8220;{}&#8220;]\t\t\t\t\t[\/et_pb_wc_tabs][et_pb_wc_upsells _builder_version=&#8220;4.16&#8243; global_colors_info=&#8220;{}&#8220;][\/et_pb_wc_upsells][et_pb_wc_related_products _builder_version=&#8220;4.16&#8243; global_colors_info=&#8220;{}&#8220;][\/et_pb_wc_related_products][\/et_pb_column][\/et_pb_row][\/et_pb_section]<\/p>\n","protected":false},"excerpt":{"rendered":"<h2><strong>Eine Leidenschaft f\u00fcr Gartenarbeit und Selbstversorgung kultivieren<\/strong><\/h2>\n<p>Laden Sie die erste Ausgabe von <strong>Green Vibes<\/strong> herunter, einem Magazin, das mit dem Ziel entstanden ist, Ihnen alle sechs Monate Artikel und Interviews unserer Mitarbeiter zu pr\u00e4sentieren, denen wir f\u00fcr ihre Bem\u00fchungen danken, unsere Marke in all diesen Jahren bekannt zu machen. In dieser Zeitschrift finden Sie auch einen Aussaatkalender, damit Sie wissen, welche Samen Sie zu welcher Jahreszeit anbauen m\u00fcssen. In dieser ersten Ausgabe konzentriert sich der Kalender auf die Herbst- und Wintersaaten. Freuen Sie sich auf interessante und abwechslungsreiche Artikel, von der Bedeutung des Anbaus f\u00fcr die Selbstversorgung bis hin zu der Frage, wie Sie den Garten als Mittel gegen Depressionen einsetzen k\u00f6nnen. Dar\u00fcber hinaus bieten wir Ihnen n\u00fctzliche Tipps f\u00fcr die Pflege von Pflanzen im Innen- und Au\u00dfenbereich sowie Ideen, wie Sie eine Terrasse in einen echten Garten verwandeln k\u00f6nnen. Wie Sie wissen, setzen wir uns bei <strong>Cultivers<\/strong> f\u00fcr organische D\u00fcngemittel, Umweltschutz, Kreislaufwirtschaft und Selbstversorgung ein. Wir glauben, dass das Anlegen einer eigenen Gr\u00fcnfl\u00e4che, sei es ein kleiner st\u00e4dtischer Garten, ein Gem\u00fcsegarten oder ein paar T\u00f6pfe, f\u00fcr Sie und f\u00fcr ein Leben in Harmonie mit unserem Planeten \u00fcber viele Jahre hinweg unerl\u00e4sslich ist. Mit diesem Magazin laden wir Sie dazu ein, Ihre Freunde, die Pflanzen, weiter zu kultivieren und zu pflegen.       <\/p>\n<p>&nbsp;<\/p>\n<div id=\"awebChromeHelper\"><\/div>\n<div id=\"awebChromeHelper\"><\/div>\n","protected":false},"featured_media":35261,"comment_status":"open","ping_status":"closed","template":"","meta":{"_acf_changed":false},"product_brand":[],"product_cat":[1287],"product_tag":[],"woo-feed-brand":[],"class_list":{"0":"post-36377","1":"product","2":"type-product","3":"status-publish","4":"has-post-thumbnail","6":"product_cat-ressourcen","8":"first","9":"instock","10":"downloadable","11":"virtual","12":"taxable","13":"purchasable","14":"product-type-simple"},"acf":[],"_links":{"self":[{"href":"https:\/\/cultivers.es\/de\/wp-json\/wp\/v2\/product\/36377","targetHints":{"allow":["GET"]}}],"collection":[{"href":"https:\/\/cultivers.es\/de\/wp-json\/wp\/v2\/product"}],"about":[{"href":"https:\/\/cultivers.es\/de\/wp-json\/wp\/v2\/types\/product"}],"replies":[{"embeddable":true,"href":"https:\/\/cultivers.es\/de\/wp-json\/wp\/v2\/comments?post=36377"}],"wp:featuredmedia":[{"embeddable":true,"href":"https:\/\/cultivers.es\/de\/wp-json\/wp\/v2\/media\/35261"}],"wp:attachment":[{"href":"https:\/\/cultivers.es\/de\/wp-json\/wp\/v2\/media?parent=36377"}],"wp:term":[{"taxonomy":"product_brand","embeddable":true,"href":"https:\/\/cultivers.es\/de\/wp-json\/wp\/v2\/product_brand?post=36377"},{"taxonomy":"product_cat","embeddable":true,"href":"https:\/\/cultivers.es\/de\/wp-json\/wp\/v2\/product_cat?post=36377"},{"taxonomy":"product_tag","embeddable":true,"href":"https:\/\/cultivers.es\/de\/wp-json\/wp\/v2\/product_tag?post=36377"},{"taxonomy":"woo-feed-brand","embeddable":true,"href":"https:\/\/cultivers.es\/de\/wp-json\/wp\/v2\/woo-feed-brand?post=36377"}],"curies":[{"name":"wp","href":"https:\/\/api.w.org\/{rel}","templated":true}]}}