{"id":36382,"date":"2024-09-11T12:16:34","date_gmt":"2024-09-11T12:16:34","guid":{"rendered":"https:\/\/cultivers.es\/abonos\/bio-pudding-weisse-kuerbiskerne\/"},"modified":"2025-09-22T05:13:02","modified_gmt":"2025-09-22T05:13:02","slug":"bio-pudding-weisse-kuerbiskerne","status":"publish","type":"product","link":"https:\/\/cultivers.es\/de\/d\u00fcngemittel\/bio-pudding-weisse-kuerbiskerne\/","title":{"rendered":"Pudding Wei\u00dfe K\u00fcrbiskerne"},"content":{"rendered":"","protected":false},"excerpt":{"rendered":"<p>Z\u00fcchten Sie eine einzigartige und exquisite Sorte mit unseren Bio Custard White K\u00fcrbiskernen. Dieser K\u00fcrbis zeichnet sich durch seine abgeflachte Scheibenform und seine cremewei\u00dfe Farbe aus, was ihn zu einer auff\u00e4lligen und k\u00f6stlichen Wahl f\u00fcr Ihren Garten macht. Sein weiches, leicht s\u00fc\u00dfes Fruchtfleisch eignet sich perfekt zum Braten, F\u00fcllen und Sautieren und verleiht Ihren Gerichten eine besondere Note.  <\/p>\n<ul>\n<li><strong>Einzigartige Form und Farbe:<\/strong> Der Custard White Pumpkin ist bekannt f\u00fcr seine einzigartige runde und abgeflachte Form, mit gewellten R\u00e4ndern und einer wei\u00dfen Farbe, die ihn von anderen Sorten unterscheidet. Er eignet sich sowohl zum Kochen als auch zur Dekoration Ihres Gartens. <\/li>\n<li><strong>Milder und vielseitiger Geschmack:<\/strong> Sein zartes wei\u00dfes Fleisch hat einen milden, leicht s\u00fc\u00dfen Geschmack, der es vielseitig f\u00fcr alle Arten von Rezepten macht, von Pfannengerichten und Eint\u00f6pfen bis zu gef\u00fcllten Braten.<\/li>\n<li><strong>Einfacher und produktiver Anbau:<\/strong> Diese Sorte ist einfach anzubauen und sehr produktiv. Sie liefert die ganze Saison \u00fcber eine gro\u00dfz\u00fcgige Menge an K\u00fcrbissen pro Pflanze. Sie ist sowohl f\u00fcr Anf\u00e4nger als auch f\u00fcr erfahrene G\u00e4rtner ideal. <\/li>\n<li><strong>Widerstandsf\u00e4hig und langlebig:<\/strong> Custard White ist eine robuste Pflanze, die unter verschiedenen Boden- und Klimabedingungen gut w\u00e4chst. Au\u00dferdem sind die Fr\u00fcchte gut lagerf\u00e4hig, so dass sie nach der Ernte l\u00e4nger genossen werden k\u00f6nnen. <\/li>\n<li><strong>Biologischer Anbau:<\/strong> Unser Saatgut ist zu 100% biologisch und garantiert eine Ernte ohne Pestizide und chemische D\u00fcngemittel, was eine gesunde und umweltfreundliche Ernte gew\u00e4hrleistet.<\/li>\n<\/ul>\n<p>Bringen Sie mit den Bio-K\u00fcrbiskernen Custard White etwas Besonderes und Geschmack in Ihren Garten. Genie\u00dfen Sie die delikaten und vielseitigen Fr\u00fcchte in der K\u00fcche und bauen Sie gleichzeitig nachhaltig an - bestellen Sie noch heute und entdecken Sie diesen einzigartigen K\u00fcrbis in Ihrem Garten!  <\/p>\n","protected":false},"featured_media":33933,"comment_status":"open","ping_status":"closed","template":"","meta":{"_acf_changed":false},"product_brand":[],"product_cat":[438,419],"product_tag":[1580],"woo-feed-brand":[],"class_list":{"0":"post-36382","1":"product","2":"type-product","3":"status-publish","4":"has-post-thumbnail","6":"product_cat-bio-obst-und-gemusesaatgut","7":"product_cat-bio-saatgut","8":"product_tag-oko","10":"first","11":"instock","12":"taxable","13":"shipping-taxable","14":"purchasable","15":"product-type-simple"},"acf":[],"_links":{"self":[{"href":"https:\/\/cultivers.es\/de\/wp-json\/wp\/v2\/product\/36382","targetHints":{"allow":["GET"]}}],"collection":[{"href":"https:\/\/cultivers.es\/de\/wp-json\/wp\/v2\/product"}],"about":[{"href":"https:\/\/cultivers.es\/de\/wp-json\/wp\/v2\/types\/product"}],"replies":[{"embeddable":true,"href":"https:\/\/cultivers.es\/de\/wp-json\/wp\/v2\/comments?post=36382"}],"wp:featuredmedia":[{"embeddable":true,"href":"https:\/\/cultivers.es\/de\/wp-json\/wp\/v2\/media\/33933"}],"wp:attachment":[{"href":"https:\/\/cultivers.es\/de\/wp-json\/wp\/v2\/media?parent=36382"}],"wp:term":[{"taxonomy":"product_brand","embeddable":true,"href":"https:\/\/cultivers.es\/de\/wp-json\/wp\/v2\/product_brand?post=36382"},{"taxonomy":"product_cat","embeddable":true,"href":"https:\/\/cultivers.es\/de\/wp-json\/wp\/v2\/product_cat?post=36382"},{"taxonomy":"product_tag","embeddable":true,"href":"https:\/\/cultivers.es\/de\/wp-json\/wp\/v2\/product_tag?post=36382"},{"taxonomy":"woo-feed-brand","embeddable":true,"href":"https:\/\/cultivers.es\/de\/wp-json\/wp\/v2\/woo-feed-brand?post=36382"}],"curies":[{"name":"wp","href":"https:\/\/api.w.org\/{rel}","templated":true}]}}