{"id":37958,"date":"2024-09-10T07:30:53","date_gmt":"2024-09-10T07:30:53","guid":{"rendered":"https:\/\/cultivers.es\/abonos\/marketmore-bio-gurkensamen-demeter\/"},"modified":"2025-09-22T05:17:46","modified_gmt":"2025-09-22T05:17:46","slug":"marketmore-bio-gurkensamen-demeter","status":"publish","type":"product","link":"https:\/\/cultivers.es\/de\/d\u00fcngemittel\/marketmore-bio-gurkensamen-demeter\/","title":{"rendered":"Marketmore Gurkensamen Biodynamisch Demeter"},"content":{"rendered":"","protected":false},"excerpt":{"rendered":"<p>Z\u00fcchten Sie frische, knackige Gurken mit unseren Demeter Bio-Gurkensamen Marketmore. Diese Sorte wird f\u00fcr ihre F\u00e4higkeit gesch\u00e4tzt, einheitliche, wohlschmeckende Fr\u00fcchte zu produzieren, die ideal f\u00fcr Salate, Pickles und S\u00e4fte sind. Die Demeter-zertifizierten Samen garantieren eine Ernte, die nach den h\u00f6chsten Standards des biologisch-dynamischen und \u00f6kologischen Anbaus angebaut wird.  <\/p>\n<ul>\n<li><strong>Gleichm\u00e4\u00dfige und schmackhafte Fr\u00fcchte:<\/strong> Die Marketmore Gurke produziert dunkelgr\u00fcne, zylinderf\u00f6rmige Gurken, die f\u00fcr ihre feste Textur und ihren milden, erfrischenden Geschmack bekannt sind. Ihre Gr\u00f6\u00dfe und Qualit\u00e4t machen sie perfekt f\u00fcr eine Vielzahl von kulinarischen Verwendungen. <\/li>\n<li><strong>Hohe Produktivit\u00e4t:<\/strong> Diese Sorte ist bekannt f\u00fcr ihre Robustheit und ihre F\u00e4higkeit, w\u00e4hrend der gesamten Saison einen hohen Ertrag an Fr\u00fcchten zu liefern, was sie ideal f\u00fcr private und kommerzielle Obstg\u00e4rten macht.<\/li>\n<li><strong>Krankheitsresistenz:<\/strong> Marketmore Cucumber ist resistent gegen mehrere h\u00e4ufige Krankheiten, die Gurken befallen, was den Anbau erleichtert und den Bedarf an chemischen Mitteln minimiert.<\/li>\n<li><strong>Demeter-zertifiziert:<\/strong> Nach den Prinzipien der biodynamischen Landwirtschaft angebaut, garantiert dieses Saatgut nicht nur ein pestizid- und chemikalienfreies Produkt, sondern f\u00f6rdert auch die Gesundheit des Bodens und des umliegenden \u00d6kosystems.<\/li>\n<li><strong>Einfacher Anbau:<\/strong> Die Marketmore-Gurke eignet sich sowohl f\u00fcr den Freiland- als auch f\u00fcr den Gew\u00e4chshausanbau. Sie ist eine ausgezeichnete Wahl f\u00fcr G\u00e4rtner aller Erfahrungsstufen und liefert bei einfacher Pflege lohnende Ergebnisse.<\/li>\n<\/ul>\n<p>Erleben Sie den Demeter-Unterschied in Ihrem Garten mit Marketmore Bio-Gurkensamen. Z\u00fcchten Sie Ihre eigenen Gurken von h\u00f6chster Qualit\u00e4t und genie\u00dfen Sie die Frische und den Geschmack, die nur der biologische und biodynamische Anbau bieten kann - bestellen Sie noch heute und bringen Sie Exzellenz in Ihren Garten und Ihre K\u00fcche!  <\/p>\n","protected":false},"featured_media":33799,"comment_status":"open","ping_status":"closed","template":"","meta":{"_acf_changed":false},"product_brand":[],"product_cat":[419,1304],"product_tag":[1384],"class_list":{"0":"post-37958","1":"product","2":"type-product","3":"status-publish","4":"has-post-thumbnail","6":"product_cat-bio-saatgut","7":"product_cat-demeter-samen","8":"product_tag-demeter-de","10":"first","11":"instock","12":"sale","13":"taxable","14":"shipping-taxable","15":"purchasable","16":"product-type-simple"},"acf":[],"_links":{"self":[{"href":"https:\/\/cultivers.es\/de\/wp-json\/wp\/v2\/product\/37958","targetHints":{"allow":["GET"]}}],"collection":[{"href":"https:\/\/cultivers.es\/de\/wp-json\/wp\/v2\/product"}],"about":[{"href":"https:\/\/cultivers.es\/de\/wp-json\/wp\/v2\/types\/product"}],"replies":[{"embeddable":true,"href":"https:\/\/cultivers.es\/de\/wp-json\/wp\/v2\/comments?post=37958"}],"wp:featuredmedia":[{"embeddable":true,"href":"https:\/\/cultivers.es\/de\/wp-json\/wp\/v2\/media\/33799"}],"wp:attachment":[{"href":"https:\/\/cultivers.es\/de\/wp-json\/wp\/v2\/media?parent=37958"}],"wp:term":[{"taxonomy":"product_brand","embeddable":true,"href":"https:\/\/cultivers.es\/de\/wp-json\/wp\/v2\/product_brand?post=37958"},{"taxonomy":"product_cat","embeddable":true,"href":"https:\/\/cultivers.es\/de\/wp-json\/wp\/v2\/product_cat?post=37958"},{"taxonomy":"product_tag","embeddable":true,"href":"https:\/\/cultivers.es\/de\/wp-json\/wp\/v2\/product_tag?post=37958"}],"curies":[{"name":"wp","href":"https:\/\/api.w.org\/{rel}","templated":true}]}}