{"id":37959,"date":"2024-09-10T07:37:08","date_gmt":"2024-09-10T07:37:08","guid":{"rendered":"https:\/\/cultivers.es\/abonos\/bio-rotmohnsamen\/"},"modified":"2025-09-22T05:18:00","modified_gmt":"2025-09-22T05:18:00","slug":"bio-rotmohnsamen","status":"publish","type":"product","link":"https:\/\/cultivers.es\/de\/d\u00fcngemittel\/bio-rotmohnsamen\/","title":{"rendered":"Rote Mohnsamen"},"content":{"rendered":"","protected":false},"excerpt":{"rendered":"<p>Bringen Sie mit unseren Bio-Rotmohnsamen einen leuchtenden Farbtupfer in Ihren Garten. Diese Sorte zeichnet sich durch ihre spektakul\u00e4ren tiefroten Bl\u00fcten aus, die nicht nur jede Gr\u00fcnfl\u00e4che versch\u00f6nern, sondern auch eine Vielzahl von Best\u00e4ubern anlocken. Z\u00fcchten Sie diese sch\u00f6nen, nachhaltigen Blumen f\u00fcr einen Garten voller Leben und Farbe.  <\/p>\n<ul>\n<li><strong>Atemberaubende optische Wirkung:<\/strong> Die Bl\u00fcten des Roten Mohns sind ber\u00fchmt f\u00fcr ihre leuchtend rote Farbe und ihre zarten Bl\u00fctenbl\u00e4tter, die die Aufmerksamkeit aller, die sie sehen, auf sich ziehen. Ihre leuchtende Bl\u00fcte verwandelt jeden Garten in ein farbenfrohes Spektakel. <\/li>\n<li><strong>Anziehungskraft auf Best\u00e4uber:<\/strong> Wenn Sie Roten Mohn in Ihrem Garten pflanzen, locken Sie Bienen, Schmetterlinge und andere wichtige Best\u00e4uber an und tragen so zur Gesundheit und Artenvielfalt Ihrer Umgebung bei.<\/li>\n<li><strong>Einfach zu z\u00fcchten:<\/strong> Diese Mohnpflanzen sind extrem einfach zu z\u00fcchten und passen sich gut an eine Vielzahl von klimatischen Bedingungen und Bodentypen an. Sie sind f\u00fcr Anf\u00e4nger und erfahrene G\u00e4rtner gleicherma\u00dfen geeignet. <\/li>\n<li><strong>Biologischer Anbau:<\/strong> Unser Saatgut ist zu 100% biologisch und garantiert, dass Ihr Garten frei von Chemikalien und Pestiziden ist. Dieser nachhaltige Ansatz sch\u00fctzt nicht nur die Umwelt, sondern sorgt auch daf\u00fcr, dass die Blumen f\u00fcr die Best\u00e4uber in Ihrem Garten sicher sind. <\/li>\n<li><strong>Vielseitige Verwendung:<\/strong> Neben ihrer dekorativen Sch\u00f6nheit kann roter Mohn auch zur Gestaltung von Rabatten, als Blumendekoration oder einfach zum F\u00fcllen leerer R\u00e4ume mit einem Farbklecks verwendet werden.<\/li>\n<\/ul>\n<p>Versch\u00f6nern Sie Ihren Garten auf nachhaltige Weise mit unseren Bio-Samen f\u00fcr roten Mohn. Genie\u00dfen Sie die nat\u00fcrliche Sch\u00f6nheit dieser Blumen und unterst\u00fctzen Sie gleichzeitig die Artenvielfalt und den Umweltschutz. Bestellen Sie jetzt und erwecken Sie Ihren Garten mit diesen atemberaubenden Blumen zum Leben!  <\/p>\n","protected":false},"featured_media":33806,"comment_status":"open","ping_status":"closed","template":"","meta":{"_acf_changed":false},"product_brand":[],"product_cat":[475,419],"product_tag":[1580],"woo-feed-brand":[],"class_list":{"0":"post-37959","1":"product","2":"type-product","3":"status-publish","4":"has-post-thumbnail","6":"product_cat-bio-blumensaatgut","7":"product_cat-bio-saatgut","8":"product_tag-oko","10":"first","11":"instock","12":"taxable","13":"shipping-taxable","14":"purchasable","15":"product-type-simple"},"acf":[],"_links":{"self":[{"href":"https:\/\/cultivers.es\/de\/wp-json\/wp\/v2\/product\/37959","targetHints":{"allow":["GET"]}}],"collection":[{"href":"https:\/\/cultivers.es\/de\/wp-json\/wp\/v2\/product"}],"about":[{"href":"https:\/\/cultivers.es\/de\/wp-json\/wp\/v2\/types\/product"}],"replies":[{"embeddable":true,"href":"https:\/\/cultivers.es\/de\/wp-json\/wp\/v2\/comments?post=37959"}],"wp:featuredmedia":[{"embeddable":true,"href":"https:\/\/cultivers.es\/de\/wp-json\/wp\/v2\/media\/33806"}],"wp:attachment":[{"href":"https:\/\/cultivers.es\/de\/wp-json\/wp\/v2\/media?parent=37959"}],"wp:term":[{"taxonomy":"product_brand","embeddable":true,"href":"https:\/\/cultivers.es\/de\/wp-json\/wp\/v2\/product_brand?post=37959"},{"taxonomy":"product_cat","embeddable":true,"href":"https:\/\/cultivers.es\/de\/wp-json\/wp\/v2\/product_cat?post=37959"},{"taxonomy":"product_tag","embeddable":true,"href":"https:\/\/cultivers.es\/de\/wp-json\/wp\/v2\/product_tag?post=37959"},{"taxonomy":"woo-feed-brand","embeddable":true,"href":"https:\/\/cultivers.es\/de\/wp-json\/wp\/v2\/woo-feed-brand?post=37959"}],"curies":[{"name":"wp","href":"https:\/\/api.w.org\/{rel}","templated":true}]}}