{"id":37968,"date":"2024-09-10T09:53:20","date_gmt":"2024-09-10T09:53:20","guid":{"rendered":"https:\/\/cultivers.es\/abonos\/white-wonder-bio-gurkensamen\/"},"modified":"2025-09-22T05:21:50","modified_gmt":"2025-09-22T05:21:50","slug":"white-wonder-bio-gurkensamen","status":"publish","type":"product","link":"https:\/\/cultivers.es\/de\/d\u00fcngemittel\/white-wonder-bio-gurkensamen\/","title":{"rendered":"White Wonder Gurkensamen"},"content":{"rendered":"","protected":false},"excerpt":{"rendered":"<p>Entdecken Sie den Charme des Gurkenanbaus mit einer ganz besonderen Note mit unseren Bio White Wonder Gurkensamen. Diese einzigartige Sorte bringt cremig wei\u00dfe Gurken hervor, die f\u00fcr ihre knackige Textur und ihren milden Geschmack bekannt sind. Die White Wonder Gurken eignen sich perfekt f\u00fcr Salate, zum Einlegen oder einfach zum Frischverzehr. Sie sind ein \u00fcberraschendes und elegantes Element in Ihrem Garten und Ihrer K\u00fcche.  <\/p>\n<ul>\n<li><strong>Einzigartige Farbe:<\/strong> Wei\u00dfe Wundergurken zeichnen sich durch ihre cremig-wei\u00dfe Haut aus, die sie zu einer optisch ansprechenden Erg\u00e4nzung f\u00fcr jedes Gericht macht.<\/li>\n<li><strong>Milder Geschmack und knackige Textur:<\/strong> Diese Gurken bieten einen erfrischenden, milden Geschmack, ideal f\u00fcr diejenigen, die einen weniger intensiven Geschmack bevorzugen. Ihre knackige Textur macht sie perfekt f\u00fcr frische Salate oder als gesunden Snack. <\/li>\n<li><strong>Vielseitiger Anbau:<\/strong> Die White Wonder Cucumber ist sowohl f\u00fcr den Freiland- als auch f\u00fcr den Gew\u00e4chshausanbau geeignet. Sie ist widerstandsf\u00e4hig und anpassungsf\u00e4hig an verschiedene Umgebungen und Bodenbedingungen, so dass sie leicht an vielen Standorten angebaut werden kann.<\/li>\n<li><strong>Hohe Produktivit\u00e4t:<\/strong> Diese Sorte produziert w\u00e4hrend der gesamten Saison einen hohen Ertrag an Fr\u00fcchten und sorgt so f\u00fcr eine reiche Ernte, ideal f\u00fcr gro\u00dfe Familien oder f\u00fcr diejenigen, die ihr Gem\u00fcse einmachen m\u00f6chten.<\/li>\n<li><strong>Biologischer Anbau:<\/strong> Unser Saatgut ist zu 100% biologisch und wird ohne den Einsatz von Pestiziden oder chemischen D\u00fcngemitteln angebaut, um ein gesundes und nachhaltiges Produkt zu gew\u00e4hrleisten.<\/li>\n<\/ul>\n<p>Bringen Sie einen Hauch von Eleganz und Frische in Ihren Garten mit White Wonder Cucumber. Z\u00fcchten Sie Ihre eigenen einzigartigen Gurken und genie\u00dfen Sie ihren milden Geschmack und ihre knackige Textur. Kaufen Sie unsere Bio White Wonder Gurkensamen noch heute und genie\u00dfen Sie die Vorteile eines wirklich einzigartigen Gartens!  <\/p>\n","protected":false},"featured_media":33827,"comment_status":"open","ping_status":"closed","template":"","meta":{"_acf_changed":false},"product_brand":[],"product_cat":[438,419],"product_tag":[1580],"woo-feed-brand":[],"class_list":{"0":"post-37968","1":"product","2":"type-product","3":"status-publish","4":"has-post-thumbnail","6":"product_cat-bio-obst-und-gemusesaatgut","7":"product_cat-bio-saatgut","8":"product_tag-oko","10":"first","11":"instock","12":"taxable","13":"shipping-taxable","14":"purchasable","15":"product-type-simple"},"acf":[],"_links":{"self":[{"href":"https:\/\/cultivers.es\/de\/wp-json\/wp\/v2\/product\/37968","targetHints":{"allow":["GET"]}}],"collection":[{"href":"https:\/\/cultivers.es\/de\/wp-json\/wp\/v2\/product"}],"about":[{"href":"https:\/\/cultivers.es\/de\/wp-json\/wp\/v2\/types\/product"}],"replies":[{"embeddable":true,"href":"https:\/\/cultivers.es\/de\/wp-json\/wp\/v2\/comments?post=37968"}],"wp:featuredmedia":[{"embeddable":true,"href":"https:\/\/cultivers.es\/de\/wp-json\/wp\/v2\/media\/33827"}],"wp:attachment":[{"href":"https:\/\/cultivers.es\/de\/wp-json\/wp\/v2\/media?parent=37968"}],"wp:term":[{"taxonomy":"product_brand","embeddable":true,"href":"https:\/\/cultivers.es\/de\/wp-json\/wp\/v2\/product_brand?post=37968"},{"taxonomy":"product_cat","embeddable":true,"href":"https:\/\/cultivers.es\/de\/wp-json\/wp\/v2\/product_cat?post=37968"},{"taxonomy":"product_tag","embeddable":true,"href":"https:\/\/cultivers.es\/de\/wp-json\/wp\/v2\/product_tag?post=37968"},{"taxonomy":"woo-feed-brand","embeddable":true,"href":"https:\/\/cultivers.es\/de\/wp-json\/wp\/v2\/woo-feed-brand?post=37968"}],"curies":[{"name":"wp","href":"https:\/\/api.w.org\/{rel}","templated":true}]}}