{"id":37969,"date":"2024-09-10T08:28:20","date_gmt":"2024-09-10T08:28:20","guid":{"rendered":"https:\/\/cultivers.es\/abonos\/bio-krause-petersilie-samen-fijne-krul\/"},"modified":"2025-09-22T05:17:55","modified_gmt":"2025-09-22T05:17:55","slug":"bio-krause-petersilie-samen-fijne-krul","status":"publish","type":"product","link":"https:\/\/cultivers.es\/de\/d\u00fcngemittel\/bio-krause-petersilie-samen-fijne-krul\/","title":{"rendered":"Krause Petersilie Samen Fijne Krul"},"content":{"rendered":"","protected":false},"excerpt":{"rendered":"<p>Z\u00fcchten Sie einen Hauch von Raffinesse in Ihrem Garten mit unseren Bio-Samen Fijne Krul Curly Petersilie. Diese Sorte zeichnet sich durch ihre fein gekr\u00e4uselten, tiefgr\u00fcnen Bl\u00e4tter aus, die ideal sind, um Ihre Gerichte zu versch\u00f6nern und sie mit einem frischen, aromatischen Geschmack zu bereichern. Fijne Krul Curly Petersilie ist perfekt f\u00fcr alle, die ihren kulinarischen Garten sowohl \u00e4sthetisch als auch funktional bereichern m\u00f6chten.  <\/p>\n<ul>\n<li><strong>\u00c4u\u00dferst dekorative Bl\u00e4tter:<\/strong> Die krause Petersilie Fijne Krul ist ber\u00fchmt f\u00fcr ihre dicht gekr\u00e4uselten Bl\u00e4tter, die nicht nur ein optischer Genuss sind, sondern sich auch hervorragend dazu eignen, jeder kulinarischen Pr\u00e4sentation eine besondere Note zu verleihen.<\/li>\n<li><strong>Kulinarische Vielseitigkeit:<\/strong> Diese Art von Petersilie wird in der K\u00fcche wegen ihres frischen und leicht w\u00fcrzigen Geschmacks sehr gesch\u00e4tzt und eignet sich ideal zum W\u00fcrzen von Fleischgerichten, Fisch, Suppen, So\u00dfen und Salaten.<\/li>\n<li><strong>Einfacher Anbau:<\/strong> Die krause Petersilie Fijne Krul ist robust und anpassungsf\u00e4hig. Sie gedeiht gut in voller Sonne oder im Halbschatten und ist f\u00fcr eine Vielzahl von Klimazonen und Bodenarten geeignet. Dies macht sie f\u00fcr G\u00e4rtner aller Erfahrungsstufen zug\u00e4nglich. <\/li>\n<li><strong>Biologischer Anbau:<\/strong> Unser Saatgut wird unter strengen biologischen Standards angebaut und ist frei von Pestiziden und chemischen D\u00fcngemitteln, was eine gesunde und nachhaltige Ernte garantiert.<\/li>\n<li><strong>Gesundheitliche Vorteile:<\/strong> Petersilie ist reich an Vitaminen und Mineralien und bereichert Ihre Gerichte nicht nur aus gastronomischer Sicht, sondern bietet auch wichtige ern\u00e4hrungsphysiologische Vorteile, wie z.B. die Verbesserung des Immunsystems und der Verdauung.<\/li>\n<\/ul>\n<p>Versch\u00f6nern und bereichern Sie Ihren Garten und Ihre K\u00fcche mit der exquisiten krausen Petersilie von Fijne Krul. Kaufen Sie noch heute unser Bio-Saatgut und genie\u00dfen Sie die Frische und Sch\u00f6nheit dieses sch\u00f6nen Krauts in Ihrem eigenen Zuhause. Bestellen Sie jetzt und verwandeln Sie Ihre Gerichte mit seinem einzigartigen Geschmack und seiner \u00c4sthetik!  <\/p>\n","protected":false},"featured_media":33820,"comment_status":"open","ping_status":"closed","template":"","meta":{"_acf_changed":false},"product_brand":[],"product_cat":[727,419],"product_tag":[1580],"class_list":{"0":"post-37969","1":"product","2":"type-product","3":"status-publish","4":"has-post-thumbnail","6":"product_cat-bio-aroma-saatgut","7":"product_cat-bio-saatgut","8":"product_tag-oko","10":"first","11":"instock","12":"taxable","13":"shipping-taxable","14":"purchasable","15":"product-type-simple"},"acf":[],"_links":{"self":[{"href":"https:\/\/cultivers.es\/de\/wp-json\/wp\/v2\/product\/37969","targetHints":{"allow":["GET"]}}],"collection":[{"href":"https:\/\/cultivers.es\/de\/wp-json\/wp\/v2\/product"}],"about":[{"href":"https:\/\/cultivers.es\/de\/wp-json\/wp\/v2\/types\/product"}],"replies":[{"embeddable":true,"href":"https:\/\/cultivers.es\/de\/wp-json\/wp\/v2\/comments?post=37969"}],"wp:featuredmedia":[{"embeddable":true,"href":"https:\/\/cultivers.es\/de\/wp-json\/wp\/v2\/media\/33820"}],"wp:attachment":[{"href":"https:\/\/cultivers.es\/de\/wp-json\/wp\/v2\/media?parent=37969"}],"wp:term":[{"taxonomy":"product_brand","embeddable":true,"href":"https:\/\/cultivers.es\/de\/wp-json\/wp\/v2\/product_brand?post=37969"},{"taxonomy":"product_cat","embeddable":true,"href":"https:\/\/cultivers.es\/de\/wp-json\/wp\/v2\/product_cat?post=37969"},{"taxonomy":"product_tag","embeddable":true,"href":"https:\/\/cultivers.es\/de\/wp-json\/wp\/v2\/product_tag?post=37969"}],"curies":[{"name":"wp","href":"https:\/\/api.w.org\/{rel}","templated":true}]}}