{"id":37978,"date":"2024-09-10T10:10:30","date_gmt":"2024-09-10T10:10:30","guid":{"rendered":"https:\/\/cultivers.es\/abonos\/bio-blaue-lupine-saatgut\/"},"modified":"2025-09-22T04:50:38","modified_gmt":"2025-09-22T04:50:38","slug":"bio-blaue-lupine-saatgut","status":"publish","type":"product","link":"https:\/\/cultivers.es\/de\/d\u00fcngemittel\/bio-blaue-lupine-saatgut\/","title":{"rendered":"Blaue Lupine Saatgut"},"content":{"rendered":"","protected":false},"excerpt":{"rendered":"<div class=\"flex-shrink-0 flex flex-col relative items-end\">\n<div>\n<div class=\"pt-0\">\n<div class=\"gizmo-bot-avatar flex h-8 w-8 items-center justify-center overflow-hidden rounded-full\"><\/div>\n<\/div>\n<\/div>\n<\/div>\n<div class=\"group\/conversation-turn relative flex w-full min-w-0 flex-col agent-turn\">\n<div class=\"flex-col gap-1 md:gap-3\">\n<div class=\"flex max-w-full flex-col flex-grow AIPRM__conversation__response\">\n<div class=\"min-h-[20px] text-message flex w-full flex-col items-end gap-2 whitespace-normal break-words [.text-message+&amp;]:mt-5\" dir=\"auto\" data-message-author-role=\"assistant\" data-message-id=\"3111d635-fd30-4d4c-8429-5c710930b4b0\">\n<div class=\"flex w-full flex-col gap-1 empty:hidden first:pt-[3px]\">\n<div class=\"markdown prose w-full break-words dark:prose-invert light\">\n<p>Bringen Sie mit unseren Bio-Samen der Blauen Lupine einen Hauch von Farbe und Nachhaltigkeit in Ihren Garten. Diese Pflanze versch\u00f6nert nicht nur den Raum mit ihren leuchtend blauen Bl\u00fcten, sondern spielt dank ihrer F\u00e4higkeit, Stickstoff zu binden, auch eine entscheidende Rolle bei der Verbesserung der Bodenqualit\u00e4t und bereichert so Ihre Gartenumgebung. <\/p>\n<ul>\n<li><strong>Lebendige Blumen:<\/strong> Die Blaue Lupine ist bekannt f\u00fcr ihre atemberaubenden Bl\u00fcten in intensiven Blaut\u00f6nen, die jedem Garten eine dramatische und farbenfrohe Note verleihen.<\/li>\n<li><strong>Bodenverbesserung:<\/strong> Als H\u00fclsenfrucht bindet die Blaue Lupine auf nat\u00fcrliche Weise Stickstoff im Boden, was die Bodenfruchtbarkeit verbessert, ohne dass chemische D\u00fcngemittel eingesetzt werden m\u00fcssen. Das macht sie zu einer ausgezeichneten Wahl f\u00fcr die Fruchtfolge und den \u00f6kologischen Garten. <\/li>\n<li><strong>Einfacher Anbau:<\/strong> Obwohl sie gut durchl\u00e4ssige B\u00f6den und eine gute Sonneneinstrahlung bevorzugt, ist die Blaue Lupine relativ einfach anzubauen und kann sich an eine Vielzahl von Klima- und Bodenbedingungen anpassen.<\/li>\n<li><strong>Nachhaltigkeit:<\/strong> Der Anbau der Blauen Lupine ist eine effektive M\u00f6glichkeit, die Nachhaltigkeit in Ihrem Garten zu f\u00f6rdern. Indem Sie die Bodengesundheit auf nat\u00fcrliche Weise verbessern, f\u00f6rdern Sie ein ausgeglichenes und widerstandsf\u00e4higes \u00d6kosystem. <\/li>\n<li><strong>Biologischer Anbau:<\/strong> Unser Saatgut ist zu 100% biologisch, so dass Ihr Garten frei von Chemikalien und Pestiziden bleibt und umweltfreundlichere, ges\u00fcndere Anbaumethoden gef\u00f6rdert werden.<\/li>\n<\/ul>\n<p>Verwandeln Sie Ihren Garten in ein Paradies aus Farbe und Nachhaltigkeit mit unseren Bio-Samen der Blauen Lupine. Sie versch\u00f6nern nicht nur Ihren Garten mit strahlenden Bl\u00fcten, sondern leisten auch einen Beitrag zur Umweltvertr\u00e4glichkeit Ihres Gartens. Bestellen Sie noch heute und beginnen Sie mit dem Anbau von Sch\u00f6nheit und umweltfreundlichem Nutzen!  <\/p>\n<\/div>\n<\/div>\n<\/div>\n<\/div>\n<\/div>\n<\/div>\n","protected":false},"featured_media":33842,"comment_status":"open","ping_status":"closed","template":"","meta":{"_acf_changed":false},"product_brand":[],"product_cat":[757,419],"product_tag":[1580],"class_list":{"0":"post-37978","1":"product","2":"type-product","3":"status-publish","4":"has-post-thumbnail","6":"product_cat-bio-hulsenfrucht-samen","7":"product_cat-bio-saatgut","8":"product_tag-oko","10":"first","11":"instock","12":"taxable","13":"shipping-taxable","14":"purchasable","15":"product-type-simple"},"acf":[],"_links":{"self":[{"href":"https:\/\/cultivers.es\/de\/wp-json\/wp\/v2\/product\/37978","targetHints":{"allow":["GET"]}}],"collection":[{"href":"https:\/\/cultivers.es\/de\/wp-json\/wp\/v2\/product"}],"about":[{"href":"https:\/\/cultivers.es\/de\/wp-json\/wp\/v2\/types\/product"}],"replies":[{"embeddable":true,"href":"https:\/\/cultivers.es\/de\/wp-json\/wp\/v2\/comments?post=37978"}],"wp:featuredmedia":[{"embeddable":true,"href":"https:\/\/cultivers.es\/de\/wp-json\/wp\/v2\/media\/33842"}],"wp:attachment":[{"href":"https:\/\/cultivers.es\/de\/wp-json\/wp\/v2\/media?parent=37978"}],"wp:term":[{"taxonomy":"product_brand","embeddable":true,"href":"https:\/\/cultivers.es\/de\/wp-json\/wp\/v2\/product_brand?post=37978"},{"taxonomy":"product_cat","embeddable":true,"href":"https:\/\/cultivers.es\/de\/wp-json\/wp\/v2\/product_cat?post=37978"},{"taxonomy":"product_tag","embeddable":true,"href":"https:\/\/cultivers.es\/de\/wp-json\/wp\/v2\/product_tag?post=37978"}],"curies":[{"name":"wp","href":"https:\/\/api.w.org\/{rel}","templated":true}]}}