{"id":37980,"date":"2024-09-10T10:04:21","date_gmt":"2024-09-10T10:04:21","guid":{"rendered":"https:\/\/cultivers.es\/abonos\/bio-petersilienwurzel-samen\/"},"modified":"2025-09-22T04:50:51","modified_gmt":"2025-09-22T04:50:51","slug":"bio-petersilienwurzel-samen","status":"publish","type":"product","link":"https:\/\/cultivers.es\/de\/d\u00fcngemittel\/bio-petersilienwurzel-samen\/","title":{"rendered":"Petersilienwurzel-Samen"},"content":{"rendered":"","protected":false},"excerpt":{"rendered":"<p>Entdecken Sie eine andere Seite der Petersilie mit unseren Bio-Samen Wurzelpetersilie. Im Gegensatz zur normalen Petersilie wird die Wurzelpetersilie wegen ihrer essbaren Knolle angebaut, die einen reichen, leicht s\u00fc\u00dfen Geschmack hat, \u00e4hnlich wie Pastinaken oder wei\u00dfe Karotten. Sie eignet sich perfekt f\u00fcr Suppen, Eint\u00f6pfe und als Beilage und verleiht Ihren Gerichten Tiefe und N\u00e4hrwert.  <\/p>\n<ul>\n<li><strong>Essbare Wurzel:<\/strong> Wurzelpetersilie bildet eine gro\u00dfe, fleischige Knolle, die ideal f\u00fcr die Gourmetk\u00fcche ist. Ihr Geschmack ist eine raffinierte, erdige Mischung, die jedes scharfe Rezept bereichert. <\/li>\n<li><strong>Kulinarische Vielseitigkeit:<\/strong> Verwenden Sie Wurzelpetersilie in einer Vielzahl von Gerichten, von Suppen und Eint\u00f6pfen bis hin zu P\u00fcrees und Braten. Ihre milde Textur und ihr einzigartiger Geschmack machen sie zu einem hervorragenden Ersatz oder einer Erg\u00e4nzung zu anderen Wurzeln und Knollen. <\/li>\n<li><strong>Einfacher Anbau:<\/strong> Diese winterharte Pflanze ist f\u00fcr eine Vielzahl von Klimazonen und Bodentypen geeignet, so dass sie f\u00fcr G\u00e4rtner aller Niveaus geeignet ist. Sie ben\u00f6tigt etwas Platz f\u00fcr die Wurzelentwicklung, ist aber im Allgemeinen pflegeleicht. <\/li>\n<li><strong>Ern\u00e4hrungsphysiologische Vorteile:<\/strong> Die Petersilienwurzel ist reich an Vitaminen und Mineralien und ist eine ausgezeichnete Quelle f\u00fcr Ballaststoffe, Vitamin C und Eisen, was sie ebenso gesund wie lecker macht.<\/li>\n<li><strong>Aus biologischem Anbau:<\/strong> Diese Petersilienwurzel wird unter strengen biologischen Standards angebaut und ist nicht nur gut f\u00fcr Sie, sondern auch gut f\u00fcr unseren Planeten. Unsere Samen sind zu 100% frei von Chemikalien und Pestiziden und garantieren ein reines und nat\u00fcrliches Produkt. <\/li>\n<\/ul>\n<p>Erweitern Sie die Grenzen Ihres Gartens und Ihrer K\u00fcche mit Wurzelpetersilie. Mit unseren Bio-Samen k\u00f6nnen Sie neue Geschmacksrichtungen und Texturen entdecken und gleichzeitig zu einem ges\u00fcnderen und nachhaltigeren Lebensstil beitragen. Bestellen Sie noch heute und entdecken Sie die kulinarischen Geheimnisse der Wurzelpetersilie!  <\/p>\n","protected":false},"featured_media":33835,"comment_status":"open","ping_status":"closed","template":"","meta":{"_acf_changed":false},"product_brand":[],"product_cat":[727,419,433],"product_tag":[1580],"class_list":{"0":"post-37980","1":"product","2":"type-product","3":"status-publish","4":"has-post-thumbnail","6":"product_cat-bio-aroma-saatgut","7":"product_cat-bio-saatgut","8":"product_cat-bio-wurzelsaatgut","9":"product_tag-oko","11":"first","12":"instock","13":"taxable","14":"shipping-taxable","15":"purchasable","16":"product-type-simple"},"acf":[],"_links":{"self":[{"href":"https:\/\/cultivers.es\/de\/wp-json\/wp\/v2\/product\/37980","targetHints":{"allow":["GET"]}}],"collection":[{"href":"https:\/\/cultivers.es\/de\/wp-json\/wp\/v2\/product"}],"about":[{"href":"https:\/\/cultivers.es\/de\/wp-json\/wp\/v2\/types\/product"}],"replies":[{"embeddable":true,"href":"https:\/\/cultivers.es\/de\/wp-json\/wp\/v2\/comments?post=37980"}],"wp:featuredmedia":[{"embeddable":true,"href":"https:\/\/cultivers.es\/de\/wp-json\/wp\/v2\/media\/33835"}],"wp:attachment":[{"href":"https:\/\/cultivers.es\/de\/wp-json\/wp\/v2\/media?parent=37980"}],"wp:term":[{"taxonomy":"product_brand","embeddable":true,"href":"https:\/\/cultivers.es\/de\/wp-json\/wp\/v2\/product_brand?post=37980"},{"taxonomy":"product_cat","embeddable":true,"href":"https:\/\/cultivers.es\/de\/wp-json\/wp\/v2\/product_cat?post=37980"},{"taxonomy":"product_tag","embeddable":true,"href":"https:\/\/cultivers.es\/de\/wp-json\/wp\/v2\/product_tag?post=37980"}],"curies":[{"name":"wp","href":"https:\/\/api.w.org\/{rel}","templated":true}]}}