{"id":37988,"date":"2024-09-10T12:08:58","date_gmt":"2024-09-10T12:08:58","guid":{"rendered":"https:\/\/cultivers.es\/abonos\/bio-cherry-sweetie-tomatensamen\/"},"modified":"2026-03-19T07:06:16","modified_gmt":"2026-03-19T07:06:16","slug":"bio-cherry-sweetie-tomatensamen","status":"publish","type":"product","link":"https:\/\/cultivers.es\/de\/d\u00fcngemittel\/bio-cherry-sweetie-tomatensamen\/","title":{"rendered":"Cherry Sweetie Tomatensamen"},"content":{"rendered":"","protected":false},"excerpt":{"rendered":"<p>Bringen Sie einen Hauch von S\u00fc\u00dfe in Ihren Garten mit unseren Bio Cherry Sweetie Tomatensamen. Diese Sorte von Kirschtomaten ist bekannt f\u00fcr ihren hohen Zuckergehalt, der kleine, runde und au\u00dferordentlich s\u00fc\u00dfe Fr\u00fcchte hervorbringt, die sich perfekt f\u00fcr Salate, Snacks oder einfach zum direkten Verzehr aus dem Garten eignen. <\/p>\n<ul>\n<li><strong>Au\u00dfergew\u00f6hnlich s\u00fc\u00dfer Geschmack:<\/strong> Cherry Sweetie-Tomaten werden f\u00fcr ihren unglaublich s\u00fc\u00dfen und saftigen Geschmack gesch\u00e4tzt, der sie bei Kindern und Erwachsenen gleicherma\u00dfen beliebt macht.<\/li>\n<li><strong>Reichhaltige Ernte:<\/strong> Diese Sorte produziert Tomatenb\u00fcschel, die gleichzeitig reifen und eine reichhaltige Ernte garantieren, die Sie die ganze Saison \u00fcber genie\u00dfen k\u00f6nnen.<\/li>\n<li><strong>Kr\u00e4ftiger Wuchs<\/strong>: Mit ihrem robusten und kr\u00e4ftigen Wuchs ist die Cherry Sweetie Tomato sowohl in T\u00f6pfen als auch im Boden leicht zu kultivieren und passt sich gut an eine Vielzahl von Gartenbedingungen an.<\/li>\n<li><strong>Vielseitig verwendbar:<\/strong> Ihre geringe Gr\u00f6\u00dfe und ihr s\u00fc\u00dfer Geschmack machen Cherry Sweetie-Tomaten zu einer perfekten Erg\u00e4nzung f\u00fcr alles, von frischen Salaten bis hin zu k\u00f6stlichen Pizzen und So\u00dfen.<\/li>\n<li><strong>Biologischer Anbau:<\/strong> Unser biologisches Saatgut wird ohne den Einsatz von Pestiziden und chemischen D\u00fcngemitteln angebaut und garantiert so ein gesundes und umweltfreundliches Produkt, das ideal f\u00fcr einen nachhaltigen Lebensstil ist.<\/li>\n<\/ul>\n<p>Erleben Sie den s\u00fc\u00dfen Geschmack des Erfolgs in Ihrem Garten mit unseren Bio Cherry Sweetie Tomatensamen. Bauen Sie Ihre eigenen Kirschtomaten an und genie\u00dfen Sie die Frische und Qualit\u00e4t, die nur selbst angebaute Tomaten bieten k\u00f6nnen - bestellen Sie jetzt und genie\u00dfen Sie diese k\u00f6stlichen Leckerbissen der Natur!  <\/p>\n","protected":false},"featured_media":33851,"comment_status":"open","ping_status":"closed","template":"","meta":{"_acf_changed":false},"product_brand":[],"product_cat":[438,419],"product_tag":[1580],"class_list":{"0":"post-37988","1":"product","2":"type-product","3":"status-publish","4":"has-post-thumbnail","6":"product_cat-bio-obst-und-gemusesaatgut","7":"product_cat-bio-saatgut","8":"product_tag-oko","10":"first","11":"instock","12":"taxable","13":"shipping-taxable","14":"purchasable","15":"product-type-simple"},"acf":[],"_links":{"self":[{"href":"https:\/\/cultivers.es\/de\/wp-json\/wp\/v2\/product\/37988","targetHints":{"allow":["GET"]}}],"collection":[{"href":"https:\/\/cultivers.es\/de\/wp-json\/wp\/v2\/product"}],"about":[{"href":"https:\/\/cultivers.es\/de\/wp-json\/wp\/v2\/types\/product"}],"replies":[{"embeddable":true,"href":"https:\/\/cultivers.es\/de\/wp-json\/wp\/v2\/comments?post=37988"}],"wp:featuredmedia":[{"embeddable":true,"href":"https:\/\/cultivers.es\/de\/wp-json\/wp\/v2\/media\/33851"}],"wp:attachment":[{"href":"https:\/\/cultivers.es\/de\/wp-json\/wp\/v2\/media?parent=37988"}],"wp:term":[{"taxonomy":"product_brand","embeddable":true,"href":"https:\/\/cultivers.es\/de\/wp-json\/wp\/v2\/product_brand?post=37988"},{"taxonomy":"product_cat","embeddable":true,"href":"https:\/\/cultivers.es\/de\/wp-json\/wp\/v2\/product_cat?post=37988"},{"taxonomy":"product_tag","embeddable":true,"href":"https:\/\/cultivers.es\/de\/wp-json\/wp\/v2\/product_tag?post=37988"}],"curies":[{"name":"wp","href":"https:\/\/api.w.org\/{rel}","templated":true}]}}