{"id":37989,"date":"2024-09-10T12:26:31","date_gmt":"2024-09-10T12:26:31","guid":{"rendered":"https:\/\/cultivers.es\/abonos\/bio-orange-banane-tomatensamen\/"},"modified":"2025-09-22T04:50:45","modified_gmt":"2025-09-22T04:50:45","slug":"bio-orange-banane-tomatensamen","status":"publish","type":"product","link":"https:\/\/cultivers.es\/de\/d\u00fcngemittel\/bio-orange-banane-tomatensamen\/","title":{"rendered":"Orange Banane Tomatensamen"},"content":{"rendered":"","protected":false},"excerpt":{"rendered":"<p>Bringen Sie einen Hauch von Innovation und Exotik in Ihren Garten mit unseren Bio Orange Banana Tomatensamen. Diese unverwechselbare Tomatensorte zeichnet sich durch ihre l\u00e4ngliche Form und leuchtend orange Farbe aus. Sie bietet eine feste Textur und einen s\u00fc\u00dfen, fruchtigen Geschmack, der Ihre Salate, So\u00dfen und Konserven bereichern wird. <\/p>\n<ul>\n<li><strong>Lebendige Farbe und einzigartige Form:<\/strong> Die Orange Banana Tomato zeichnet sich durch ihre leuchtend orange Farbe und ihre l\u00e4ngliche, bananen\u00e4hnliche Form aus, die sie zu einem Favoriten f\u00fcr Zierg\u00e4rten und kreative K\u00fcchen macht.<\/li>\n<li><strong>S\u00fc\u00dfer und fruchtiger Geschmack:<\/strong> Mit einer perfekten Balance zwischen S\u00fc\u00dfe und S\u00e4ure ist diese Tomate ideal f\u00fcr alle, die eine Alternative zu den traditionellen Aromen roter Tomaten suchen. Ihr komplexer Geschmack macht sie zum perfekten Protagonisten in jedem Gericht. <\/li>\n<li><strong>Hohe Produktivit\u00e4t:<\/strong> Trotz ihrer Exotik ist die Orange Banana Tomato eine robuste und produktive Pflanze, die zahlreiche Fr\u00fcchte pro Pflanze tr\u00e4gt und die Ernte \u00fcber die gesamte Saison hinweg verl\u00e4ngert.<\/li>\n<li><strong>Kulinarische Vielseitigkeit:<\/strong> Diese Tomate ist au\u00dfergew\u00f6hnlich vielseitig in der K\u00fcche. Sie eignet sich perfekt f\u00fcr den Frischverzehr, f\u00fcr Salate oder f\u00fcr Saucen und Konserven, wo ihre Farbe und ihr Geschmack besonders gut zur Geltung kommen.<\/li>\n<li><strong>Biologischer Anbau:<\/strong> Unser Saatgut wird unter strengen biologischen Standards angebaut und garantiert einen chemiefreien Anbau, so dass Sie ein gesundes und umweltfreundliches Produkt erhalten.<\/li>\n<\/ul>\n<p>Verwandeln Sie Ihren Garten und Ihren Tisch mit der einzigartigen Orange Banana Tomato. Mit unserem Bio-Saatgut k\u00f6nnen Sie eine Tomate anbauen, die nicht nur k\u00f6stlich und gesund ist, sondern auch ein wahrer optischer Genuss. Bestellen Sie noch heute und machen Sie einen Schritt in Richtung eines lebendigeren Gartens und einer kreativen K\u00fcche!  <\/p>\n","protected":false},"featured_media":33858,"comment_status":"open","ping_status":"closed","template":"","meta":{"_acf_changed":false},"product_brand":[],"product_cat":[438,419],"product_tag":[1580],"class_list":{"0":"post-37989","1":"product","2":"type-product","3":"status-publish","4":"has-post-thumbnail","6":"product_cat-bio-obst-und-gemusesaatgut","7":"product_cat-bio-saatgut","8":"product_tag-oko","10":"first","11":"instock","12":"taxable","13":"shipping-taxable","14":"purchasable","15":"product-type-simple"},"acf":[],"_links":{"self":[{"href":"https:\/\/cultivers.es\/de\/wp-json\/wp\/v2\/product\/37989","targetHints":{"allow":["GET"]}}],"collection":[{"href":"https:\/\/cultivers.es\/de\/wp-json\/wp\/v2\/product"}],"about":[{"href":"https:\/\/cultivers.es\/de\/wp-json\/wp\/v2\/types\/product"}],"replies":[{"embeddable":true,"href":"https:\/\/cultivers.es\/de\/wp-json\/wp\/v2\/comments?post=37989"}],"wp:featuredmedia":[{"embeddable":true,"href":"https:\/\/cultivers.es\/de\/wp-json\/wp\/v2\/media\/33858"}],"wp:attachment":[{"href":"https:\/\/cultivers.es\/de\/wp-json\/wp\/v2\/media?parent=37989"}],"wp:term":[{"taxonomy":"product_brand","embeddable":true,"href":"https:\/\/cultivers.es\/de\/wp-json\/wp\/v2\/product_brand?post=37989"},{"taxonomy":"product_cat","embeddable":true,"href":"https:\/\/cultivers.es\/de\/wp-json\/wp\/v2\/product_cat?post=37989"},{"taxonomy":"product_tag","embeddable":true,"href":"https:\/\/cultivers.es\/de\/wp-json\/wp\/v2\/product_tag?post=37989"}],"curies":[{"name":"wp","href":"https:\/\/api.w.org\/{rel}","templated":true}]}}