{"id":38008,"date":"2024-09-10T13:03:22","date_gmt":"2024-09-10T13:03:22","guid":{"rendered":"https:\/\/cultivers.es\/abonos\/bio-crimee-noire-crimee-tomatensamen\/"},"modified":"2025-09-22T05:27:20","modified_gmt":"2025-09-22T05:27:20","slug":"bio-crimee-noire-crimee-tomatensamen","status":"publish","type":"product","link":"https:\/\/cultivers.es\/de\/d\u00fcngemittel\/bio-crimee-noire-crimee-tomatensamen\/","title":{"rendered":"Crim\u00e9e Noire Tomatensamen"},"content":{"rendered":"","protected":false},"excerpt":{"rendered":"<p>Bereichern Sie Ihren Garten mit der unverwechselbaren und exquisiten Tomato Noire Crim\u00e9e aus unserem Bio-Saatgut. Diese Sorte, die auch als &#8222;Schwarze Krim&#8220; bekannt ist, ist ber\u00fchmt f\u00fcr ihre dunkle, fast schwarze Farbe und ihren intensiven, s\u00fc\u00dfen Geschmack, was sie zu einem Favoriten f\u00fcr diejenigen macht, die eine au\u00dfergew\u00f6hnliche Tomate suchen. Perfekt f\u00fcr Salate, So\u00dfen oder einfach in Scheiben geschnitten mit etwas Oliven\u00f6l und Salz.  <\/p>\n<ul>\n<li><strong>Exotische Farbe:<\/strong> Die Crim\u00e9e Noire Tomate zeichnet sich durch ihre dunkelbraune bis tiefviolette, fast schwarze Schale und ihr leuchtend rotes Fruchtfleisch aus, die zusammen einen einzigartigen optischen Eindruck in der K\u00fcche erzeugen.<\/li>\n<li><strong>Komplexer Geschmack:<\/strong> Diese Tomate ist bekannt f\u00fcr ihr reichhaltiges, leicht rauchiges Geschmacksprofil mit s\u00fc\u00dfen Noten und einer perfekt ausbalancierten S\u00e4ure - ideal, um jedes Gericht zu verfeinern.<\/li>\n<li><strong>Fleischige Textur:<\/strong> Noire Crim\u00e9e-Tomaten haben eine fleischige und saftige Textur. Sie eignen sich perfekt f\u00fcr den Frischverzehr oder zur Verwendung in Rezepten, die nur wenig Kochen erfordern, um ihren Geschmack und ihre Konsistenz zu erhalten.<\/li>\n<li><strong>Hohe Produktivit\u00e4t:<\/strong> Diese Sorte produziert w\u00e4hrend der gesamten Saison gro\u00dfe und gleichm\u00e4\u00dfige Fr\u00fcchte, die eine reiche und zufriedenstellende Ernte gew\u00e4hrleisten.<\/li>\n<li><strong>Biologischer Anbau:<\/strong> Unser Saatgut wird zu 100% biologisch angebaut, ohne Pestizide oder chemische D\u00fcngemittel, um einen nachhaltigen und umweltfreundlichen Anbau zu gew\u00e4hrleisten.<\/li>\n<\/ul>\n<p>Entdecken Sie den Geschmack und die Sch\u00f6nheit der Crim\u00e9e Noire-Tomate in Ihrem eigenen Garten. Mit unserem Bio-Saatgut k\u00f6nnen Sie Tomaten anbauen, die sich nicht nur durch ihr einzigartiges Aussehen und ihren Geschmack auszeichnen, sondern auch zu einem ges\u00fcnderen und umweltfreundlicheren Garten beitragen. Bestellen Sie noch heute und machen Sie sich bereit f\u00fcr ein au\u00dfergew\u00f6hnliches kulinarisches Erlebnis!  <\/p>\n","protected":false},"featured_media":33879,"comment_status":"open","ping_status":"closed","template":"","meta":{"_acf_changed":false},"product_brand":[],"product_cat":[438,419],"product_tag":[1580],"woo-feed-brand":[],"class_list":{"0":"post-38008","1":"product","2":"type-product","3":"status-publish","4":"has-post-thumbnail","6":"product_cat-bio-obst-und-gemusesaatgut","7":"product_cat-bio-saatgut","8":"product_tag-oko","10":"first","11":"instock","12":"taxable","13":"shipping-taxable","14":"purchasable","15":"product-type-simple"},"acf":[],"_links":{"self":[{"href":"https:\/\/cultivers.es\/de\/wp-json\/wp\/v2\/product\/38008","targetHints":{"allow":["GET"]}}],"collection":[{"href":"https:\/\/cultivers.es\/de\/wp-json\/wp\/v2\/product"}],"about":[{"href":"https:\/\/cultivers.es\/de\/wp-json\/wp\/v2\/types\/product"}],"replies":[{"embeddable":true,"href":"https:\/\/cultivers.es\/de\/wp-json\/wp\/v2\/comments?post=38008"}],"wp:featuredmedia":[{"embeddable":true,"href":"https:\/\/cultivers.es\/de\/wp-json\/wp\/v2\/media\/33879"}],"wp:attachment":[{"href":"https:\/\/cultivers.es\/de\/wp-json\/wp\/v2\/media?parent=38008"}],"wp:term":[{"taxonomy":"product_brand","embeddable":true,"href":"https:\/\/cultivers.es\/de\/wp-json\/wp\/v2\/product_brand?post=38008"},{"taxonomy":"product_cat","embeddable":true,"href":"https:\/\/cultivers.es\/de\/wp-json\/wp\/v2\/product_cat?post=38008"},{"taxonomy":"product_tag","embeddable":true,"href":"https:\/\/cultivers.es\/de\/wp-json\/wp\/v2\/product_tag?post=38008"},{"taxonomy":"woo-feed-brand","embeddable":true,"href":"https:\/\/cultivers.es\/de\/wp-json\/wp\/v2\/woo-feed-brand?post=38008"}],"curies":[{"name":"wp","href":"https:\/\/api.w.org\/{rel}","templated":true}]}}