{"id":38009,"date":"2024-09-10T13:08:48","date_gmt":"2024-09-10T13:08:48","guid":{"rendered":"https:\/\/cultivers.es\/abonos\/pheno-greco-greco-bio-samen\/"},"modified":"2025-09-22T05:26:20","modified_gmt":"2025-09-22T05:26:20","slug":"pheno-greco-greco-bio-samen","status":"publish","type":"product","link":"https:\/\/cultivers.es\/de\/d\u00fcngemittel\/pheno-greco-greco-bio-samen\/","title":{"rendered":"Feno Greco Samen"},"content":{"rendered":"","protected":false},"excerpt":{"rendered":"<p>Bringen Sie mit unseren Bio Bockshornkleesamen einen Hauch von Exotik und Gesundheit in Ihren Garten. Bockshornklee ist eine vielseitige Heilpflanze, die sowohl f\u00fcr ihre aromatischen Samen, die in der internationalen K\u00fcche verwendet werden, als auch f\u00fcr ihre nahrhaften Bl\u00e4tter in Salaten und gekochten Gerichten gesch\u00e4tzt wird. Diese Pflanze wird nicht nur Ihre Mahlzeiten bereichern, sondern auch die Qualit\u00e4t Ihres Gartenbodens verbessern.  <\/p>\n<ul>\n<li><strong>Intensiver Geschmack und Aroma:<\/strong> Bockshornklee ist bekannt f\u00fcr seinen starken, leicht bitteren, nussigen Geschmack, der sowohl in Gerichten als auch in Tee verwendet wird. Er ist eine h\u00e4ufige Zutat in Gew\u00fcrzmischungen der indischen und nah\u00f6stlichen K\u00fcche. <\/li>\n<li><strong>Ern\u00e4hrungsphysiologischer Nutzen:<\/strong> Reich an Proteinen, Vitaminen und Mineralien wie Eisen und Magnesium ist Bockshornklee eine hervorragende Erg\u00e4nzung zu einer gesunden Ern\u00e4hrung und bekannt f\u00fcr seine verdauungsf\u00f6rdernden und blutzuckerregulierenden Eigenschaften.<\/li>\n<li><strong>Einfacher Anbau:<\/strong> Diese Pflanze ist relativ einfach anzubauen und passt sich gut an eine Vielzahl von Klima- und Bodenbedingungen an, so dass sie sich sowohl f\u00fcr Anf\u00e4nger als auch f\u00fcr erfahrene G\u00e4rtner eignet.<\/li>\n<li><strong>Bodenverbesserung:<\/strong> Als H\u00fclsenfrucht hat Bockshornklee die F\u00e4higkeit, Stickstoff im Boden zu fixieren, was dessen Fruchtbarkeit erh\u00f6ht und anderen in der N\u00e4he gepflanzten Pflanzen zugute kommt.<\/li>\n<li><strong>Biologischer Anbau:<\/strong> Unsere Bockshornkleesamen werden nach strengen biologischen Standards angebaut und sind daher frei von Chemikalien, was einen nachhaltigen und gesunden Garten f\u00f6rdert.<\/li>\n<\/ul>\n<p>Bereichern Sie Ihre K\u00fcche und Ihren Garten mit den vielseitigen Bio Bockshornkleesamen. Egal, ob Sie sich f\u00fcr seine gesundheitlichen Vorteile oder seine kulinarische Verwendung interessieren, Bockshornklee ist eine wertvolle und nachhaltige Erg\u00e4nzung f\u00fcr jeden Garten - bestellen Sie noch heute und entdecken Sie den reichen Geschmack und die Vorteile dieser erstaunlichen Pflanze!  <\/p>\n","protected":false},"featured_media":33886,"comment_status":"open","ping_status":"closed","template":"","meta":{"_acf_changed":false},"product_brand":[],"product_cat":[727,419],"product_tag":[1580],"class_list":{"0":"post-38009","1":"product","2":"type-product","3":"status-publish","4":"has-post-thumbnail","6":"product_cat-bio-aroma-saatgut","7":"product_cat-bio-saatgut","8":"product_tag-oko","10":"first","11":"instock","12":"taxable","13":"shipping-taxable","14":"purchasable","15":"product-type-simple"},"acf":[],"_links":{"self":[{"href":"https:\/\/cultivers.es\/de\/wp-json\/wp\/v2\/product\/38009","targetHints":{"allow":["GET"]}}],"collection":[{"href":"https:\/\/cultivers.es\/de\/wp-json\/wp\/v2\/product"}],"about":[{"href":"https:\/\/cultivers.es\/de\/wp-json\/wp\/v2\/types\/product"}],"replies":[{"embeddable":true,"href":"https:\/\/cultivers.es\/de\/wp-json\/wp\/v2\/comments?post=38009"}],"wp:featuredmedia":[{"embeddable":true,"href":"https:\/\/cultivers.es\/de\/wp-json\/wp\/v2\/media\/33886"}],"wp:attachment":[{"href":"https:\/\/cultivers.es\/de\/wp-json\/wp\/v2\/media?parent=38009"}],"wp:term":[{"taxonomy":"product_brand","embeddable":true,"href":"https:\/\/cultivers.es\/de\/wp-json\/wp\/v2\/product_brand?post=38009"},{"taxonomy":"product_cat","embeddable":true,"href":"https:\/\/cultivers.es\/de\/wp-json\/wp\/v2\/product_cat?post=38009"},{"taxonomy":"product_tag","embeddable":true,"href":"https:\/\/cultivers.es\/de\/wp-json\/wp\/v2\/product_tag?post=38009"}],"curies":[{"name":"wp","href":"https:\/\/api.w.org\/{rel}","templated":true}]}}