{"id":38018,"date":"2024-09-10T13:18:27","date_gmt":"2024-09-10T13:18:27","guid":{"rendered":"https:\/\/cultivers.es\/abonos\/bio-kuerbiskerne-aus-korsika\/"},"modified":"2025-09-22T05:26:41","modified_gmt":"2025-09-22T05:26:41","slug":"bio-kuerbiskerne-aus-korsika","status":"publish","type":"product","link":"https:\/\/cultivers.es\/de\/d\u00fcngemittel\/bio-kuerbiskerne-aus-korsika\/","title":{"rendered":"Korsische K\u00fcrbiskerne"},"content":{"rendered":"","protected":false},"excerpt":{"rendered":"<p>Verleihen Sie Ihrem Garten einen Hauch von Eleganz und Vornehmheit mit unseren Bio-K\u00fcrbiskernen aus Korsika. Diese Sorte ist ber\u00fchmt f\u00fcr ihr atemberaubendes Aussehen mit einer tief gerippten Schale und einer blassgr\u00fcnen Farbe. Obwohl er ungenie\u00dfbar ist, eignet sich der korsische K\u00fcrbis perfekt f\u00fcr Herbstdekorationen und Bastelprojekte und bietet eine einzigartige visuelle Sch\u00f6nheit im Garten.  <\/p>\n<ul>\n<li><strong>Einzigartige \u00c4sthetik:<\/strong> Der Korsische Flaschenk\u00fcrbis f\u00e4llt durch seine unregelm\u00e4\u00dfige Form und gerippte Oberfl\u00e4che auf, was ihn zu einer beliebten Wahl f\u00fcr saisonale Dekorationen und Zierde macht.<\/li>\n<li><strong>Ungenie\u00dfbar:<\/strong> Es ist wichtig zu wissen, dass dieser K\u00fcrbis trotz seiner Sch\u00f6nheit nicht zum Verzehr geeignet ist. Sein Wert liegt in seiner optischen Wirkung und in seiner Verwendung als Dekoration. <\/li>\n<li><strong>Robuster Anbau:<\/strong> Obwohl er nicht in der K\u00fcche verwendet wird, ist der korsische K\u00fcrbis eine robuste Pflanze, die sich an eine Vielzahl von klimatischen Bedingungen und Bodentypen anpassen kann und ideal f\u00fcr Anbauer aller Stufen ist.<\/li>\n<li><strong>Ertragreiches Dekorationsmittel:<\/strong> Diese Pflanze produziert mehrere Fr\u00fcchte pro Pflanze und sorgt so f\u00fcr eine F\u00fclle von dekorativen Elementen w\u00e4hrend der gesamten Saison.<\/li>\n<li><strong>Biologischer Anbau:<\/strong> Unser Saatgut wird ohne den Einsatz von Pestiziden oder chemischen D\u00fcngemitteln angebaut. Es f\u00f6rdert einen nachhaltigen und gesunden Garten und bietet nat\u00fcrliche und reine dekorative Elemente.<\/li>\n<\/ul>\n<p>Verwandeln Sie Ihren Garten in eine nat\u00fcrliche Kunstgalerie mit dem Korsischen K\u00fcrbis. Dieser Zierk\u00fcrbis ist zwar ungenie\u00dfbar, aber er versch\u00f6nert Ihren Garten mit seiner einzigartigen Pr\u00e4senz. Bestellen Sie noch heute und z\u00fcchten Sie Sch\u00f6nheit mit Zweck in Ihrem eigenen Garten!  <\/p>\n","protected":false},"featured_media":33893,"comment_status":"open","ping_status":"closed","template":"","meta":{"_acf_changed":false},"product_brand":[],"product_cat":[438,419],"product_tag":[1580],"woo-feed-brand":[],"class_list":{"0":"post-38018","1":"product","2":"type-product","3":"status-publish","4":"has-post-thumbnail","6":"product_cat-bio-obst-und-gemusesaatgut","7":"product_cat-bio-saatgut","8":"product_tag-oko","10":"first","11":"instock","12":"taxable","13":"shipping-taxable","14":"purchasable","15":"product-type-simple"},"acf":[],"_links":{"self":[{"href":"https:\/\/cultivers.es\/de\/wp-json\/wp\/v2\/product\/38018","targetHints":{"allow":["GET"]}}],"collection":[{"href":"https:\/\/cultivers.es\/de\/wp-json\/wp\/v2\/product"}],"about":[{"href":"https:\/\/cultivers.es\/de\/wp-json\/wp\/v2\/types\/product"}],"replies":[{"embeddable":true,"href":"https:\/\/cultivers.es\/de\/wp-json\/wp\/v2\/comments?post=38018"}],"wp:featuredmedia":[{"embeddable":true,"href":"https:\/\/cultivers.es\/de\/wp-json\/wp\/v2\/media\/33893"}],"wp:attachment":[{"href":"https:\/\/cultivers.es\/de\/wp-json\/wp\/v2\/media?parent=38018"}],"wp:term":[{"taxonomy":"product_brand","embeddable":true,"href":"https:\/\/cultivers.es\/de\/wp-json\/wp\/v2\/product_brand?post=38018"},{"taxonomy":"product_cat","embeddable":true,"href":"https:\/\/cultivers.es\/de\/wp-json\/wp\/v2\/product_cat?post=38018"},{"taxonomy":"product_tag","embeddable":true,"href":"https:\/\/cultivers.es\/de\/wp-json\/wp\/v2\/product_tag?post=38018"},{"taxonomy":"woo-feed-brand","embeddable":true,"href":"https:\/\/cultivers.es\/de\/wp-json\/wp\/v2\/woo-feed-brand?post=38018"}],"curies":[{"name":"wp","href":"https:\/\/api.w.org\/{rel}","templated":true}]}}